{"id":58646,"date":"2025-03-14T14:42:58","date_gmt":"2025-03-14T13:42:58","guid":{"rendered":"https:\/\/jjcustomworks.se\/product\/chinese-sword-tai-chi-sword-39\/"},"modified":"2026-02-22T19:53:40","modified_gmt":"2026-02-22T18:53:40","slug":"epee-chinoise-tai-chi-99-cm","status":"publish","type":"product","link":"https:\/\/jjcustomworks.se\/fr\/produit\/epee-chinoise-tai-chi-99-cm\/","title":{"rendered":"\u00c9p\u00e9e Chinoise Tai Chi - 99 cm"},"content":{"rendered":"<h1>\u00c9p\u00e9e chinoise - \u00c9p\u00e9e de Tai Chi - 39&quot;<\/h1>\n<h2><span class=\"ez-toc-section\" id=\"Elegante_Epee_de_Tai_Chi_pour_Exposition\"><\/span>\u00c9l\u00e9gante \u00c9p\u00e9e de Tai Chi pour Exposition<span class=\"ez-toc-section-end\"><\/span><\/h2>\n<p>Cette \u00e9p\u00e9e chinoise, \u00e9galement connue sous le nom d'\u00e9p\u00e9e de Tai Chi, est id\u00e9ale pour l'exposition et la pratique du Tai Chi. Avec une longueur totale de 99 cm, elle constitue un ajout impressionnant \u00e0 toute collection. La lame est fabriqu\u00e9e en acier inoxydable, ce qui garantit sa durabilit\u00e9 et son aspect \u00e9l\u00e9gant. La poign\u00e9e est en m\u00e9tal pour une prise en main s\u00fbre et confortable.<\/p>\n\n<h3><span class=\"ez-toc-section\" id=\"Specifications_et_Caracteristiques\"><\/span>Sp\u00e9cifications et fonctionnalit\u00e9s<span class=\"ez-toc-section-end\"><\/span><\/h3>\n<ul>\n <li><strong>Longueur totale :<\/strong> 99 cm<\/li>\n <li><strong>Mat\u00e9riel:<\/strong> Acier inoxydable (lame), M\u00e9tal (poign\u00e9e)<\/li>\n <li><strong>Fourreau :<\/strong> Fourreau grav\u00e9 d'un dragon inclus<\/li>\n <li><strong>D\u00e9tails:<\/strong> Comprend des pi\u00e8ces m\u00e9talliques complexes<\/li>\n<\/ul>\n\n<h3><span class=\"ez-toc-section\" id=\"Parfaite_pour_lExposition_et_le_Tai_Chi\"><\/span>Parfaite pour l&#8217;Exposition et le Tai Chi<span class=\"ez-toc-section-end\"><\/span><\/h3>\n<p>Cette \u00e9p\u00e9e n'est pas seulement une belle pi\u00e8ce d'exposition, elle convient \u00e9galement aux pratiquants de Tai Chi. Sa construction \u00e9quilibr\u00e9e la rend facile \u00e0 manier pendant les s\u00e9ances d'entra\u00eenement. Le fourreau grav\u00e9 d'un dragon et les d\u00e9tails m\u00e9talliques complexes ajoutent une touche d'\u00e9l\u00e9gance \u00e0 l'\u00e9p\u00e9e. Vous cherchez d'autres produits authentiques ? Consultez notre <a href=\"https:\/\/jjcustomworks.se\/fr\/magasin\/\">s\u00e9lection d'\u00e9p\u00e9es de samoura\u00ef<\/a> pour trouver des articles similaires. Visitez notre <a href=\"https:\/\/jjcustomworks.se\/fr\/categorie-de-produit\/autres_produits\/swords\/swords-other\/\">cat\u00e9gorie d'armes d'entra\u00eenement<\/a>. Pour plus d'informations sur nous, visitez notre <a href=\"https:\/\/jjcustomworks.se\/fr\/\">page d&#039;accueil<\/a>.<\/p>","protected":false},"excerpt":{"rendered":"<p>K\u00f6p en kinesisk sv\u00e4rd f\u00f6r Tai Chi-tr\u00e4ning online. Detta sv\u00e4rd \u00e4r 39&#8243; l\u00e5ngt och \u00e4r perfekt f\u00f6r att f\u00f6rb\u00e4ttra din Tai Chi-teknik. Best\u00e4ll idag och f\u00e5 snabb leverans.<\/p>","protected":false},"featured_media":58645,"template":"","meta":[],"product_brand":[],"product_cat":[1275],"product_tag":[],"class_list":{"0":"post-58646","1":"product","2":"type-product","3":"status-publish","4":"has-post-thumbnail","6":"product_cat-swords-europe","8":"first","9":"instock","10":"sale","11":"taxable","12":"shipping-taxable","13":"purchasable","14":"product-type-simple"},"_links":{"self":[{"href":"https:\/\/jjcustomworks.se\/fr\/wp-json\/wp\/v2\/product\/58646","targetHints":{"allow":["GET"]}}],"collection":[{"href":"https:\/\/jjcustomworks.se\/fr\/wp-json\/wp\/v2\/product"}],"about":[{"href":"https:\/\/jjcustomworks.se\/fr\/wp-json\/wp\/v2\/types\/product"}],"wp:featuredmedia":[{"embeddable":true,"href":"https:\/\/jjcustomworks.se\/fr\/wp-json\/wp\/v2\/media\/58645"}],"wp:attachment":[{"href":"https:\/\/jjcustomworks.se\/fr\/wp-json\/wp\/v2\/media?parent=58646"}],"wp:term":[{"taxonomy":"product_brand","embeddable":true,"href":"https:\/\/jjcustomworks.se\/fr\/wp-json\/wp\/v2\/product_brand?post=58646"},{"taxonomy":"product_cat","embeddable":true,"href":"https:\/\/jjcustomworks.se\/fr\/wp-json\/wp\/v2\/product_cat?post=58646"},{"taxonomy":"product_tag","embeddable":true,"href":"https:\/\/jjcustomworks.se\/fr\/wp-json\/wp\/v2\/product_tag?post=58646"}],"curies":[{"name":"wp","href":"https:\/\/api.w.org\/{rel}","templated":true}]}}