{"id":58628,"date":"2025-03-14T14:42:41","date_gmt":"2025-03-14T13:42:41","guid":{"rendered":"https:\/\/jjcustomworks.se\/product\/samuari-sword-2\/"},"modified":"2025-11-08T19:07:36","modified_gmt":"2025-11-08T18:07:36","slug":"samourai-replique-40-pouces","status":"publish","type":"product","link":"https:\/\/jjcustomworks.se\/fr\/produit\/samourai-replique-40-pouces\/","title":{"rendered":"Samoura\u00ef - R\u00e9plique de 40 po | Blades USA"},"content":{"rendered":"<h1>Samoura\u00ef - R\u00e9plique Authentique<\/h1>\n<h2><span class=\"ez-toc-section\" id=\"Un_Incontournable_pour_les_Collectionneurs_et_les_Passionnes\"><\/span>Un Incontournable pour les Collectionneurs et les Passionn\u00e9s<span class=\"ez-toc-section-end\"><\/span><\/h2>\n\n<p>Ce <b>samoura\u00ef<\/b> le <b>Lames USA<\/b> est une r\u00e9plique impressionnante, parfaite pour l'exposition et la collection. Avec une longueur totale de 40 pouces, ce sabre respire la force et la tradition.<\/p>\n\n<h3><span class=\"ez-toc-section\" id=\"Specifications\"><\/span>Caract\u00e9ristiques<span class=\"ez-toc-section-end\"><\/span><\/h3>\n<ul>\n <li><b>Longueur totale :<\/b> 40 pouces<\/li>\n <li><b>Longueur de la lame :<\/b> 26,5 pouces<\/li>\n <li><b>\u00c9paisseur de la lame :<\/b> 4 mm<\/li>\n <li><b>Mat\u00e9riel:<\/b> Acier au carbone<\/li>\n <li><b>Tranchant:<\/b> Non Aff\u00fbt\u00e9<\/li>\n <li><b>Fourreau :<\/b> Blanc<\/li>\n <li><b>Manche:<\/b> Enroul\u00e9 de Corde Noire<\/li>\n <li><b>Tsuba :<\/b> alliage de zinc<\/li>\n<\/ul>\n\n<h3><span class=\"ez-toc-section\" id=\"Description_Detaillee\"><\/span>Description d\u00e9taill\u00e9e<span class=\"ez-toc-section-end\"><\/span><\/h3>\n<p>La lame de 26,5 pouces du sabre est faite d'acier carbone de 4 mm d'\u00e9paisseur, offrant une sensation de robustesse. Le <b>tranchant non aff\u00fbt\u00e9<\/b> rend le sabre s\u00fbr \u00e0 manipuler et \u00e0 exposer. Le fourreau blanc et le manche enroul\u00e9 de corde noire sont compl\u00e9t\u00e9s par un <b>tsuba en alliage de zinc<\/b>, lui conf\u00e9rant un aspect authentique.<\/p>\n\n<p>Ce samoura\u00ef est id\u00e9al pour ceux qui cherchent \u00e0 agrandir leur collection ou comme une pi\u00e8ce d\u00e9corative impressionnante. D\u00e9couvrez notre large s\u00e9lection de <a href=\"https:\/\/jjcustomworks.se\/fr\/magasin\/\">r\u00e9pliques authentiques<\/a> et trouvez le sabre parfait pour votre style. Visitez notre <a href=\"https:\/\/jjcustomworks.se\/fr\/categorie-de-produit\/autres_produits\/swords\/swords-europe\/\">cat\u00e9gorie de collection<\/a> pour voir plus de produits similaires ou rendez-vous sur notre <a href=\"https:\/\/jjcustomworks.se\/fr\/\">page d&#039;accueil<\/a> pour d\u00e9couvrir toute notre gamme.<\/p>","protected":false},"excerpt":{"rendered":"<p>Samoura\u00ef &#8211; R\u00e9plique Authentique Un Incontournable pour les Collectionneurs et les Passionn\u00e9s Ce samoura\u00ef de Blades USA est une r\u00e9plique impressionnante, parfaite pour l&#8217;exposition et la collection. Avec une longueur totale de 40 pouces, ce sabre respire la force et la tradition. Sp\u00e9cifications Longueur Totale : 40 pouces Longueur de la Lame : 26,5 pouces [&#8230;]\n","protected":false},"featured_media":58619,"template":"","meta":[],"product_brand":[],"product_cat":[1275],"product_tag":[],"class_list":{"0":"post-58628","1":"product","2":"type-product","3":"status-publish","4":"has-post-thumbnail","6":"product_cat-swords-europe","8":"first","9":"outofstock","10":"sale","11":"taxable","12":"shipping-taxable","13":"purchasable","14":"product-type-simple"},"_links":{"self":[{"href":"https:\/\/jjcustomworks.se\/fr\/wp-json\/wp\/v2\/product\/58628","targetHints":{"allow":["GET"]}}],"collection":[{"href":"https:\/\/jjcustomworks.se\/fr\/wp-json\/wp\/v2\/product"}],"about":[{"href":"https:\/\/jjcustomworks.se\/fr\/wp-json\/wp\/v2\/types\/product"}],"wp:featuredmedia":[{"embeddable":true,"href":"https:\/\/jjcustomworks.se\/fr\/wp-json\/wp\/v2\/media\/58619"}],"wp:attachment":[{"href":"https:\/\/jjcustomworks.se\/fr\/wp-json\/wp\/v2\/media?parent=58628"}],"wp:term":[{"taxonomy":"product_brand","embeddable":true,"href":"https:\/\/jjcustomworks.se\/fr\/wp-json\/wp\/v2\/product_brand?post=58628"},{"taxonomy":"product_cat","embeddable":true,"href":"https:\/\/jjcustomworks.se\/fr\/wp-json\/wp\/v2\/product_cat?post=58628"},{"taxonomy":"product_tag","embeddable":true,"href":"https:\/\/jjcustomworks.se\/fr\/wp-json\/wp\/v2\/product_tag?post=58628"}],"curies":[{"name":"wp","href":"https:\/\/api.w.org\/{rel}","templated":true}]}}