{"id":58626,"date":"2025-03-14T14:42:41","date_gmt":"2025-03-14T13:42:41","guid":{"rendered":"https:\/\/jjcustomworks.se\/product\/samuari-sword-with-stand\/"},"modified":"2025-10-12T19:21:36","modified_gmt":"2025-10-12T17:21:36","slug":"katana-avec-support","status":"publish","type":"product","link":"https:\/\/jjcustomworks.se\/fr\/produit\/katana-avec-support\/","title":{"rendered":"Katana avec Support | Blades USA"},"content":{"rendered":"<h1><span class=\"ez-toc-section\" id=\"Katana_avec_Support\"><\/span>Katana avec Support<span class=\"ez-toc-section-end\"><\/span><\/h1>\n<h2><span class=\"ez-toc-section\" id=\"Authentique_Katana_pour_lExposition\"><\/span>Authentique Katana pour l&#8217;Exposition<span class=\"ez-toc-section-end\"><\/span><\/h2>\n<p>Montrez votre passion pour la culture japonaise avec cet impressionnant Katana. Cette \u00e9p\u00e9e de pr\u00e9sentation est un compl\u00e9ment parfait \u00e0 votre collection ou comme \u00e9l\u00e9ment d\u00e9coratif dans votre maison. Le support inclus facilite son exposition.<\/p>\n<h3><span class=\"ez-toc-section\" id=\"Specifications\"><\/span>Caract\u00e9ristiques:<span class=\"ez-toc-section-end\"><\/span><\/h3>\n<ul>\n <li><strong>Longueur totale :<\/strong> 40 pouces.<\/li>\n <li><strong>Longueur de la lame :<\/strong> 26,5 pouces.<\/li>\n <li><strong>\u00c9paisseur de la lame :<\/strong> 4 mm.<\/li>\n <li><strong>Mat\u00e9riau de la lame :<\/strong> Acier au carbone.<\/li>\n <li><strong>Tranchant de la Lame :<\/strong> Non tranchant (\u00e9mouss\u00e9).<\/li>\n <li><strong>Manche:<\/strong> Manche envelopp\u00e9 de cordon noir avec tsuba en alliage de zinc.<\/li>\n <li><strong>Fourreau :<\/strong> Fourreau blanc avec motif de poisson rouge.<\/li>\n <li><strong>Support :<\/strong> Comprend un support en bois pour l'exposition.<\/li>\n<\/ul>\n<p>Ce Katana est id\u00e9al pour l'exposition et la d\u00e9coration. La lame \u00e9mouss\u00e9e en acier au carbone et le manche soigneusement envelopp\u00e9 lui conf\u00e8rent une sensation authentique. Le fourreau, d\u00e9cor\u00e9 d'un poisson rouge sur fond blanc, ainsi que le support en bois inclus, font de cette \u00e9p\u00e9e un point focal \u00e9l\u00e9gant dans n'importe quelle pi\u00e8ce. D\u00e9couvrez d'autres <a href=\"https:\/\/jjcustomworks.se\/fr\/magasin\/\">\u00e9p\u00e9es d\u00e9coratives<\/a> dans notre collection. Agr\u00e9mentez votre collection avec ce magnifique <a href=\"https:\/\/jjcustomworks.se\/fr\/categorie-de-produit\/autres_produits\/swords\/swords-japan\/\">Katana<\/a>. Visite <a href=\"https:\/\/jjcustomworks.se\/fr\/\">notre site Web<\/a> pour voir toute notre gamme.<\/p>","protected":false},"excerpt":{"rendered":"<p>Katana avec Support Authentique Katana pour l&#8217;Exposition Montrez votre passion pour la culture japonaise avec cet impressionnant Katana. Cette \u00e9p\u00e9e de pr\u00e9sentation est un compl\u00e9ment parfait \u00e0 votre collection ou comme \u00e9l\u00e9ment d\u00e9coratif dans votre maison. Le support inclus facilite son exposition. Sp\u00e9cifications : Longueur Totale : 40 pouces. Longueur de la Lame : 26,5 [&#8230;]\n","protected":false},"featured_media":58607,"template":"","meta":[],"product_brand":[],"product_cat":[1275],"product_tag":[],"class_list":{"0":"post-58626","1":"product","2":"type-product","3":"status-publish","4":"has-post-thumbnail","6":"product_cat-swords-europe","8":"first","9":"outofstock","10":"sale","11":"taxable","12":"shipping-taxable","13":"purchasable","14":"product-type-simple"},"_links":{"self":[{"href":"https:\/\/jjcustomworks.se\/fr\/wp-json\/wp\/v2\/product\/58626","targetHints":{"allow":["GET"]}}],"collection":[{"href":"https:\/\/jjcustomworks.se\/fr\/wp-json\/wp\/v2\/product"}],"about":[{"href":"https:\/\/jjcustomworks.se\/fr\/wp-json\/wp\/v2\/types\/product"}],"wp:featuredmedia":[{"embeddable":true,"href":"https:\/\/jjcustomworks.se\/fr\/wp-json\/wp\/v2\/media\/58607"}],"wp:attachment":[{"href":"https:\/\/jjcustomworks.se\/fr\/wp-json\/wp\/v2\/media?parent=58626"}],"wp:term":[{"taxonomy":"product_brand","embeddable":true,"href":"https:\/\/jjcustomworks.se\/fr\/wp-json\/wp\/v2\/product_brand?post=58626"},{"taxonomy":"product_cat","embeddable":true,"href":"https:\/\/jjcustomworks.se\/fr\/wp-json\/wp\/v2\/product_cat?post=58626"},{"taxonomy":"product_tag","embeddable":true,"href":"https:\/\/jjcustomworks.se\/fr\/wp-json\/wp\/v2\/product_tag?post=58626"}],"curies":[{"name":"wp","href":"https:\/\/api.w.org\/{rel}","templated":true}]}}