{"id":58621,"date":"2025-03-14T14:42:39","date_gmt":"2025-03-14T13:42:39","guid":{"rendered":"https:\/\/jjcustomworks.se\/product\/last-samuari-sword\/"},"modified":"2025-10-12T19:21:28","modified_gmt":"2025-10-12T17:21:28","slug":"epee-de-samourai-last-samurai-sword-2","status":"publish","type":"product","link":"https:\/\/jjcustomworks.se\/fr\/produit\/epee-de-samourai-last-samurai-sword-2\/","title":{"rendered":"Samurai Sword - Last Samurai Sword | Blades USA"},"content":{"rendered":"<h1>\u00c9p\u00e9e de Samoura\u00ef - Last Samurai Sword<\/h1>\n<h2><span class=\"ez-toc-section\" id=\"Une_epee_de_samourai_decorative_pour_lexposition\"><\/span>Une \u00e9p\u00e9e de samoura\u00ef d\u00e9corative pour l&#8217;exposition<span class=\"ez-toc-section-end\"><\/span><\/h2>\n<p>Cette \u00e9p\u00e9e de samoura\u00ef, \u00e9galement connue sous le nom de katana, est parfaite pour ceux qui veulent une pi\u00e8ce d\u00e9corative inspir\u00e9e par \"Le Dernier Samoura\u00ef\". Avec une longueur totale de 41,5 pouces, c'est une \u00e9p\u00e9e impressionnante \u00e0 exposer.<\/p>\n<h3><span class=\"ez-toc-section\" id=\"Caracteristiques_et_Avantages\"><\/span>Caract\u00e9ristiques et avantages<span class=\"ez-toc-section-end\"><\/span><\/h3>\n<ul>\n <li><strong>Longueur totale :<\/strong> 41,5 pouces (environ 105 cm), ce qui en fait une \u00e9p\u00e9e d\u00e9corative de taille r\u00e9elle.<\/li>\n <li><strong>Mat\u00e9riel:<\/strong> Fabriqu\u00e9e en acier inoxydable, offrant un produit durable et facile \u00e0 entretenir.<\/li>\n <li><strong>Conception :<\/strong> Gravure au laser avec \"Heroic courage\" sur la lame, lui donnant une sensation unique et h\u00e9ro\u00efque.<\/li>\n <li><strong>Fourreau :<\/strong> Sculpt\u00e9 \u00e0 la main avec le code bushido \"Heroic courage\", ajoutant une touche authentique.<\/li>\n <li><strong>Compris:<\/strong> Livr\u00e9 avec des \u00e9tiquettes de collection et un emballage, parfait comme cadeau ou pour les collectionneurs.<\/li>\n<\/ul>\n<p>Cette \u00e9p\u00e9e de samoura\u00ef n'est pas seulement une belle d\u00e9coration, mais aussi un symbole de courage h\u00e9ro\u00efque. Le design d\u00e9taill\u00e9 et les \u00e9l\u00e9ments sculpt\u00e9s \u00e0 la main rendent chaque \u00e9p\u00e9e unique. Parfait pour montrer votre passion pour la culture samoura\u00ef.<\/p>\n<p>D\u00e9couvrez les autres <a href=\"https:\/\/jjcustomworks.se\/fr\/magasin\/\">\u00e9p\u00e9es de samoura\u00ef authentiques de Blades USA<\/a> dans notre collection. Explorez notre large gamme dans la <a href=\"https:\/\/jjcustomworks.se\/fr\/categorie-de-produit\/autres_produits\/swords\/swords-europe\/\">cat\u00e9gorie \u00e9p\u00e9es<\/a> et trouvez le compl\u00e9ment parfait \u00e0 votre collection ou comme pi\u00e8ce d\u00e9corative dans votre maison. Visitez notre <a href=\"https:\/\/jjcustomworks.se\/fr\/\">page d&#039;accueil<\/a> pour des produits plus uniques.<\/p>","protected":false},"excerpt":{"rendered":"<p>\u00c9p\u00e9e de Samoura\u00ef &#8211; Last Samurai Sword Une \u00e9p\u00e9e de samoura\u00ef d\u00e9corative pour l&#8217;exposition Cette \u00e9p\u00e9e de samoura\u00ef, \u00e9galement connue sous le nom de katana, est parfaite pour ceux qui veulent une pi\u00e8ce d\u00e9corative inspir\u00e9e par &#8221;Le Dernier Samoura\u00ef&#8221;. Avec une longueur totale de 41,5 pouces, c&#8217;est une \u00e9p\u00e9e impressionnante \u00e0 exposer. Caract\u00e9ristiques et Avantages [&#8230;]\n","protected":false},"featured_media":58603,"template":"","meta":[],"product_brand":[],"product_cat":[1275],"product_tag":[],"class_list":{"0":"post-58621","1":"product","2":"type-product","3":"status-publish","4":"has-post-thumbnail","6":"product_cat-swords-europe","8":"first","9":"outofstock","10":"sale","11":"taxable","12":"shipping-taxable","13":"purchasable","14":"product-type-simple"},"_links":{"self":[{"href":"https:\/\/jjcustomworks.se\/fr\/wp-json\/wp\/v2\/product\/58621","targetHints":{"allow":["GET"]}}],"collection":[{"href":"https:\/\/jjcustomworks.se\/fr\/wp-json\/wp\/v2\/product"}],"about":[{"href":"https:\/\/jjcustomworks.se\/fr\/wp-json\/wp\/v2\/types\/product"}],"wp:featuredmedia":[{"embeddable":true,"href":"https:\/\/jjcustomworks.se\/fr\/wp-json\/wp\/v2\/media\/58603"}],"wp:attachment":[{"href":"https:\/\/jjcustomworks.se\/fr\/wp-json\/wp\/v2\/media?parent=58621"}],"wp:term":[{"taxonomy":"product_brand","embeddable":true,"href":"https:\/\/jjcustomworks.se\/fr\/wp-json\/wp\/v2\/product_brand?post=58621"},{"taxonomy":"product_cat","embeddable":true,"href":"https:\/\/jjcustomworks.se\/fr\/wp-json\/wp\/v2\/product_cat?post=58621"},{"taxonomy":"product_tag","embeddable":true,"href":"https:\/\/jjcustomworks.se\/fr\/wp-json\/wp\/v2\/product_tag?post=58621"}],"curies":[{"name":"wp","href":"https:\/\/api.w.org\/{rel}","templated":true}]}}