{"id":58616,"date":"2025-03-14T14:42:37","date_gmt":"2025-03-14T13:42:37","guid":{"rendered":"https:\/\/jjcustomworks.se\/product\/samuari-sword\/"},"modified":"2025-11-08T19:07:39","modified_gmt":"2025-11-08T18:07:39","slug":"katana-epee-de-samourai-42-25-pouces","status":"publish","type":"product","link":"https:\/\/jjcustomworks.se\/fr\/produit\/katana-epee-de-samourai-42-25-pouces\/","title":{"rendered":"Katana \u00c9p\u00e9e de Samoura\u00ef - 42.25\" \u00c9p\u00e9e d'Exposition | Blades USA"},"content":{"rendered":"<h1>\u00c9p\u00e9e de Samoura\u00ef - Katana<\/h1>\n<h2><span class=\"ez-toc-section\" id=\"Authentique_Epee_de_Samourai_pour_Exposition\"><\/span>Authentique sabre de samoura\u00ef pour exposition<span class=\"ez-toc-section-end\"><\/span><\/h2>\n<p>Cette \u00e9p\u00e9e de samoura\u00ef de Blades USA est parfaite pour l'exposition et la collection. Avec sa longueur impressionnante et son design d\u00e9taill\u00e9, elle capture l'essence de la culture samoura\u00ef traditionnelle. Elle comprend un fourreau noir pour un stockage et un transport s\u00fbrs. D\u00e9couvrez notre s\u00e9lection d'<a href=\"https:\/\/jjcustomworks.se\/fr\/magasin\/\">sabres de samoura\u00ef authentiques<\/a> et d&#039;autres <a href=\"https:\/\/jjcustomworks.se\/fr\/categorie-de-produit\/autres_produits\/swords\/swords-japan\/\">\u00e9p\u00e9es<\/a> pour compl\u00e9ter votre collection. Visitez <a href=\"https:\/\/jjcustomworks.se\/fr\/\">notre page d&#039;accueil<\/a> pour plus d&#039;informations.<\/p>\n<h3><span class=\"ez-toc-section\" id=\"Caracteristiques_et_specifications\"><\/span>Caract\u00e9ristiques et sp\u00e9cifications :<span class=\"ez-toc-section-end\"><\/span><\/h3>\n<ul>\n <li><strong>Longueur totale :<\/strong> 42.25 pouces<\/li>\n <li><strong>Taper :<\/strong> Katana (\u00c9p\u00e9e de Samoura\u00ef)<\/li>\n <li><strong>Mat\u00e9riel:<\/strong> Acier inoxydable<\/li>\n <li><strong>Tsuba :<\/strong> Design \u00e9toile<\/li>\n <li><strong>Manche:<\/strong> Style Highlander<\/li>\n <li><strong>Fourreau :<\/strong> Noir, inclus<\/li>\n<\/ul>\n<p>L'\u00e9p\u00e9e de samoura\u00ef est dot\u00e9e d'une lame en acier inoxydable, offrant un design durable et visuellement attrayant. Le manche de style Highlander offre une prise en main confortable et s\u00fbre. Le fourreau noir inclus prot\u00e8ge l'\u00e9p\u00e9e lorsqu'elle n'est pas utilis\u00e9e. Ce katana est id\u00e9al pour tous ceux qui cherchent \u00e0 poss\u00e9der une r\u00e9plique d'une \u00e9p\u00e9e de samoura\u00ef classique. Pr\u00e9parez-vous au combat ou compl\u00e9tez votre collection avec cette <a href=\"https:\/\/jjcustomworks.se\/fr\/magasin\/\">impressionnante \u00e9p\u00e9e de samoura\u00ef<\/a>. Pour d'autres produits similaires, consultez notre <a href=\"https:\/\/jjcustomworks.se\/fr\/categorie-de-produit\/autres_produits\/swords\/swords-japan\/\">page de cat\u00e9gorie<\/a>. Visite <a href=\"https:\/\/jjcustomworks.se\/fr\/\">notre page d&#039;accueil<\/a> pour plus d&#039;informations.<\/p>","protected":false},"excerpt":{"rendered":"<p>\u00c9p\u00e9e de Samoura\u00ef &#8211; Katana Authentique \u00c9p\u00e9e de Samoura\u00ef pour Exposition Cette \u00e9p\u00e9e de samoura\u00ef de Blades USA est parfaite pour l&#8217;exposition et la collection. Avec sa longueur impressionnante et son design d\u00e9taill\u00e9, elle capture l&#8217;essence de la culture samoura\u00ef traditionnelle. Elle comprend un fourreau noir pour un stockage et un transport s\u00fbrs. D\u00e9couvrez notre [&#8230;]\n","protected":false},"featured_media":58609,"template":"","meta":[],"product_brand":[],"product_cat":[1275],"product_tag":[],"class_list":{"0":"post-58616","1":"product","2":"type-product","3":"status-publish","4":"has-post-thumbnail","6":"product_cat-swords-europe","8":"first","9":"instock","10":"sale","11":"taxable","12":"shipping-taxable","13":"purchasable","14":"product-type-simple"},"_links":{"self":[{"href":"https:\/\/jjcustomworks.se\/fr\/wp-json\/wp\/v2\/product\/58616","targetHints":{"allow":["GET"]}}],"collection":[{"href":"https:\/\/jjcustomworks.se\/fr\/wp-json\/wp\/v2\/product"}],"about":[{"href":"https:\/\/jjcustomworks.se\/fr\/wp-json\/wp\/v2\/types\/product"}],"wp:featuredmedia":[{"embeddable":true,"href":"https:\/\/jjcustomworks.se\/fr\/wp-json\/wp\/v2\/media\/58609"}],"wp:attachment":[{"href":"https:\/\/jjcustomworks.se\/fr\/wp-json\/wp\/v2\/media?parent=58616"}],"wp:term":[{"taxonomy":"product_brand","embeddable":true,"href":"https:\/\/jjcustomworks.se\/fr\/wp-json\/wp\/v2\/product_brand?post=58616"},{"taxonomy":"product_cat","embeddable":true,"href":"https:\/\/jjcustomworks.se\/fr\/wp-json\/wp\/v2\/product_cat?post=58616"},{"taxonomy":"product_tag","embeddable":true,"href":"https:\/\/jjcustomworks.se\/fr\/wp-json\/wp\/v2\/product_tag?post=58616"}],"curies":[{"name":"wp","href":"https:\/\/api.w.org\/{rel}","templated":true}]}}