{"id":58605,"date":"2025-03-14T14:42:32","date_gmt":"2025-03-14T13:42:32","guid":{"rendered":"https:\/\/jjcustomworks.se\/product\/samurai-sword-3\/"},"modified":"2025-11-08T19:07:55","modified_gmt":"2025-11-08T18:07:55","slug":"samourai-epee-exposition","status":"publish","type":"product","link":"https:\/\/jjcustomworks.se\/fr\/produit\/samourai-epee-exposition\/","title":{"rendered":"Samoura\u00ef \u00c9p\u00e9e - 101 cm pour Expo"},"content":{"rendered":"<h1>Samoura\u00ef \u00c9p\u00e9e - Longueur Totale 101 cm<\/h1>\n\n<h2><span class=\"ez-toc-section\" id=\"Epee_de_Samourai_Prete_a_Etre_Exposee\"><\/span>\u00c9p\u00e9e de Samoura\u00ef Pr\u00eate \u00e0 \u00catre Expos\u00e9e<span class=\"ez-toc-section-end\"><\/span><\/h2>\n\n<p>L'\u00e9p\u00e9e de samoura\u00ef de Blades USA est un excellent choix pour l'exposition. Avec une longueur totale de 101 cm et une lame en acier inoxydable de 62 cm, elle allie design traditionnel et mat\u00e9riaux modernes. La finition satin\u00e9e de la lame ajoute une touche d'\u00e9l\u00e9gance. <a href=\"https:\/\/jjcustomworks.se\/fr\/magasin\/\">Explorez notre s\u00e9lection d'\u00e9p\u00e9es d'exposition similaires<\/a> pour plus d&#039;options.<\/p>\n\n<h3><span class=\"ez-toc-section\" id=\"Principales_Caracteristiques_et_Conception\"><\/span>Principales Caract\u00e9ristiques et Conception<span class=\"ez-toc-section-end\"><\/span><\/h3>\n\n<ul>\n <li><strong>Longueur totale :<\/strong> 101 cm<\/li>\n <li><strong>Longueur de la lame :<\/strong> 62 cm<\/li>\n <li><strong>Mat\u00e9riel:<\/strong> Acier inoxydable<\/li>\n <li><strong>Finition:<\/strong> Lame Satin\u00e9e<\/li>\n <li><strong>Manche:<\/strong> Manche Enroul\u00e9 de Corde Noire<\/li>\n <li><strong>Fourreau :<\/strong> Fourreau Rouge avec Dragon Noir Sculpt\u00e9<\/li>\n<\/ul>\n\n<p>Le manche enroul\u00e9 de corde noire offre une prise en main confortable et s\u00fbre, tandis que le fourreau rouge avec un dragon noir sculpt\u00e9 ajoute une esth\u00e9tique authentique. Cette <a href=\"https:\/\/jjcustomworks.se\/fr\/categorie-de-produit\/autres_produits\/swords\/swords-japan\/\">sabre de samoura\u00ef<\/a> est un excellent ajout \u00e0 toute collection ou comme pi\u00e8ce d\u00e9corative. Pour approfondir votre compr\u00e9hension de l'artisanat de l'\u00e9p\u00e9e de samoura\u00ef, visitez <a href=\"https:\/\/jjcustomworks.se\/fr\/\">notre page d&#039;accueil<\/a> pour plus de d\u00e9tails.<\/p>","protected":false},"excerpt":{"rendered":"<p>Samoura\u00ef \u00c9p\u00e9e &#8211; Longueur Totale 101 cm \u00c9p\u00e9e de Samoura\u00ef Pr\u00eate \u00e0 \u00catre Expos\u00e9e L&#8217;\u00e9p\u00e9e de samoura\u00ef de Blades USA est un excellent choix pour l&#8217;exposition. Avec une longueur totale de 101 cm et une lame en acier inoxydable de 62 cm, elle allie design traditionnel et mat\u00e9riaux modernes. La finition satin\u00e9e de la lame [&#8230;]\n","protected":false},"featured_media":58604,"template":"","meta":[],"product_brand":[],"product_cat":[1275],"product_tag":[],"class_list":{"0":"post-58605","1":"product","2":"type-product","3":"status-publish","4":"has-post-thumbnail","6":"product_cat-swords-europe","8":"first","9":"outofstock","10":"sale","11":"taxable","12":"shipping-taxable","13":"purchasable","14":"product-type-simple"},"_links":{"self":[{"href":"https:\/\/jjcustomworks.se\/fr\/wp-json\/wp\/v2\/product\/58605","targetHints":{"allow":["GET"]}}],"collection":[{"href":"https:\/\/jjcustomworks.se\/fr\/wp-json\/wp\/v2\/product"}],"about":[{"href":"https:\/\/jjcustomworks.se\/fr\/wp-json\/wp\/v2\/types\/product"}],"wp:featuredmedia":[{"embeddable":true,"href":"https:\/\/jjcustomworks.se\/fr\/wp-json\/wp\/v2\/media\/58604"}],"wp:attachment":[{"href":"https:\/\/jjcustomworks.se\/fr\/wp-json\/wp\/v2\/media?parent=58605"}],"wp:term":[{"taxonomy":"product_brand","embeddable":true,"href":"https:\/\/jjcustomworks.se\/fr\/wp-json\/wp\/v2\/product_brand?post=58605"},{"taxonomy":"product_cat","embeddable":true,"href":"https:\/\/jjcustomworks.se\/fr\/wp-json\/wp\/v2\/product_cat?post=58605"},{"taxonomy":"product_tag","embeddable":true,"href":"https:\/\/jjcustomworks.se\/fr\/wp-json\/wp\/v2\/product_tag?post=58605"}],"curies":[{"name":"wp","href":"https:\/\/api.w.org\/{rel}","templated":true}]}}