{"id":58570,"date":"2025-03-14T14:42:05","date_gmt":"2025-03-14T13:42:05","guid":{"rendered":"https:\/\/jjcustomworks.se\/product\/mod-66-carbine-usa-1866-replica\/"},"modified":"2026-04-23T07:55:37","modified_gmt":"2026-04-23T05:55:37","slug":"mod-66-carbine-usa-1866-replica","status":"publish","type":"product","link":"https:\/\/jjcustomworks.se\/fr\/produit\/mod-66-carbine-usa-1866-replica\/","title":{"rendered":"Mod. 66 Carabine, USA 1866 R\u00e9plique | DENIX"},"content":{"rendered":"<h1><span class=\"ez-toc-section\" id=\"Mod_66_Carabine_USA_1866_Replique\"><\/span>Courage. Carabine 66, r\u00e9plique USA 1866<span class=\"ez-toc-section-end\"><\/span><\/h1>\n<h2><span class=\"ez-toc-section\" id=\"Replique_Authentique_de_la_Carabine_Winchester_de_1866\"><\/span>R\u00e9plique Authentique de la Carabine Winchester de 1866<span class=\"ez-toc-section-end\"><\/span><\/h2>\n<p>La Mod. 66 carabine est une r\u00e9plique de la carabine con\u00e7ue par Winchester aux \u00c9tats-Unis en 1866. Ce mod\u00e8le \u00e9tait r\u00e9put\u00e9 pour sa construction robuste et son m\u00e9canisme \u00e0 levier, permettant un rechargement plus rapide et des tirs multiples sans avoir \u00e0 recharger.<\/p>\n<h3><span class=\"ez-toc-section\" id=\"Caracteristiques_et_Avantages\"><\/span>Caract\u00e9ristiques et avantages<span class=\"ez-toc-section-end\"><\/span><\/h3>\n<ul>\n <li><strong>M\u00e9canisme \u00e0 levier :<\/strong> Permet des s\u00e9quences de tir rapides.<\/li>\n <li><strong>Construction robuste :<\/strong> Con\u00e7ue pour la durabilit\u00e9 et une utilisation \u00e0 long terme.<\/li>\n <li><strong>R\u00e9plique Historique :<\/strong> Reconstitution pr\u00e9cise d'apr\u00e8s le mod\u00e8le original Winchester 1866.<\/li>\n<\/ul>\n<p>Le mod\u00e8le original Winchester 1866 \u00e9tait renomm\u00e9 pour sa robustesse et son m\u00e9canisme \u00e0 r\u00e9p\u00e9tition, qui permettait au tireur de tirer plusieurs coups avant de devoir recharger. Les am\u00e9liorations de Nelson King comprenaient une trappe de chargement sur le c\u00f4t\u00e9 du cadre et un magasin int\u00e9gr\u00e9 et scell\u00e9 prot\u00e9g\u00e9 par le devant. Initialement chambr\u00e9 en .44 Henry Rimfire, le mod\u00e8le 1866 a gagn\u00e9 le surnom de \u00ab Yellow Boy \u00bb en raison de son bo\u00eetier de culasse de couleur laiton (en fait un alliage de bronze).<\/p>\n\n<h3><span class=\"ez-toc-section\" id=\"Informations_sur_le_Produit\"><\/span>Informations sur le produit<span class=\"ez-toc-section-end\"><\/span><\/h3>\n<ul>\n <li>R\u00e9f\u00e9rence : 1140\/L<\/li>\n <li>Dimensions : 100 cm<\/li>\n <li>Poids : 3 000 g<\/li>\n<\/ul>\n\n<p>Explorez notre s\u00e9lection de <a href=\"https:\/\/jjcustomworks.se\/fr\/magasin\/\">r\u00e9pliques historiques<\/a> et d\u00e9couvrez-en davantage sur les <a href=\"https:\/\/jjcustomworks.se\/fr\/categorie-de-produit\/autres_produits\/swords\/swords-europe\/\">armes \u00e0 feu du XIXe si\u00e8cle<\/a>. Visite <a href=\"https:\/\/jjcustomworks.se\/fr\/\">notre page d&#039;accueil<\/a> pour voir notre gamme compl\u00e8te.<\/p>","protected":false},"excerpt":{"rendered":"<p>K\u00f6p en h\u00f6gkvalitativ replika av den ber\u00f6mda amerikanska MOD. 66 CARBINE fr\u00e5n 1866. Utforska v\u00e5rt sortiment av autentiska och p\u00e5litliga replikavapen f\u00f6r samlare och entusiaster. Best\u00e4ll idag och njut av en historisk upplevelse av h\u00f6gsta kvalitet.<\/p>","protected":false},"featured_media":58554,"template":"","meta":[],"product_brand":[],"product_cat":[4805],"product_tag":[],"class_list":{"0":"post-58570","1":"product","2":"type-product","3":"status-publish","4":"has-post-thumbnail","6":"product_cat-replicas-older-historical","8":"first","9":"outofstock","10":"sale","11":"taxable","12":"shipping-taxable","13":"purchasable","14":"product-type-simple"},"_links":{"self":[{"href":"https:\/\/jjcustomworks.se\/fr\/wp-json\/wp\/v2\/product\/58570","targetHints":{"allow":["GET"]}}],"collection":[{"href":"https:\/\/jjcustomworks.se\/fr\/wp-json\/wp\/v2\/product"}],"about":[{"href":"https:\/\/jjcustomworks.se\/fr\/wp-json\/wp\/v2\/types\/product"}],"wp:featuredmedia":[{"embeddable":true,"href":"https:\/\/jjcustomworks.se\/fr\/wp-json\/wp\/v2\/media\/58554"}],"wp:attachment":[{"href":"https:\/\/jjcustomworks.se\/fr\/wp-json\/wp\/v2\/media?parent=58570"}],"wp:term":[{"taxonomy":"product_brand","embeddable":true,"href":"https:\/\/jjcustomworks.se\/fr\/wp-json\/wp\/v2\/product_brand?post=58570"},{"taxonomy":"product_cat","embeddable":true,"href":"https:\/\/jjcustomworks.se\/fr\/wp-json\/wp\/v2\/product_cat?post=58570"},{"taxonomy":"product_tag","embeddable":true,"href":"https:\/\/jjcustomworks.se\/fr\/wp-json\/wp\/v2\/product_tag?post=58570"}],"curies":[{"name":"wp","href":"https:\/\/api.w.org\/{rel}","templated":true}]}}