{"id":58526,"date":"2025-03-14T14:41:40","date_gmt":"2025-03-14T13:41:40","guid":{"rendered":"https:\/\/jjcustomworks.se\/product\/kastkniv-3-pack-2\/"},"modified":"2026-04-13T02:47:34","modified_gmt":"2026-04-13T00:47:34","slug":"couteaux-de-lancer-lot-de-3-avec-etui","status":"publish","type":"product","link":"https:\/\/jjcustomworks.se\/fr\/produit\/couteaux-de-lancer-lot-de-3-avec-etui\/","title":{"rendered":"Couteaux de Lancer Lot de 3 avec \u00c9tui"},"content":{"rendered":"<h1><span class=\"ez-toc-section\" id=\"Couteaux_de_Lancer_Lot_de_3_avec_Etui\"><\/span>Couteaux de Lancer Lot de 3 avec \u00c9tui<span class=\"ez-toc-section-end\"><\/span><\/h1>\n<h2><span class=\"ez-toc-section\" id=\"Ensemble_de_Trois_Couteaux_de_Lancer\"><\/span>Ensemble de Trois Couteaux de Lancer<span class=\"ez-toc-section-end\"><\/span><\/h2>\n<p>Ce lot de 3 couteaux de lancer est livr\u00e9 avec un \u00e9tui en nylon pratique pour un rangement et un transport faciles. Parfait pour les d\u00e9butants et les lanceurs exp\u00e9riment\u00e9s souhaitant pratiquer la pr\u00e9cision et la technique. Chaque couteau mesure environ 18 cm de long.<\/p>\n<h3><span class=\"ez-toc-section\" id=\"Specifications\"><\/span>Caract\u00e9ristiques:<span class=\"ez-toc-section-end\"><\/span><\/h3>\n<ul>\n <li><strong>Quantit\u00e9:<\/strong> 3 couteaux de lancer par ensemble<\/li>\n <li><strong>Longueur:<\/strong> Environ 18 cm par couteau<\/li>\n <li><strong>Poids:<\/strong> 180 gr (avec \u00e9tui)<\/li>\n <li><strong>Compris:<\/strong> \u00c9tui en nylon pour le rangement<\/li>\n<\/ul>\n<p>Pesant 180 grammes, \u00e9tui inclus, ces couteaux de lancer sont faciles \u00e0 manier et offrent un bon \u00e9quilibre pour des lancers pr\u00e9cis. L'\u00e9tui en nylon prot\u00e8ge les couteaux et facilite leur transport vers le terrain d'entra\u00eenement. Explorez notre gamme d'<a href=\"https:\/\/jjcustomworks.se\/fr\/magasin\/\">autres couteaux<\/a> pour trouver plus d'options. Visitez notre <a href=\"https:\/\/jjcustomworks.se\/fr\/categorie-de-produit\/fait-a-la-main\/couteaux-faits-a-la-main\/\">cat\u00e9gorie de couteau<\/a> pour voir toute notre s\u00e9lection ou visitez la <a href=\"https:\/\/jjcustomworks.se\/fr\/\">page d&#039;accueil<\/a> pour voir tous nos produits.<\/p>","protected":false},"excerpt":{"rendered":"<p>Couteaux de Lancer Lot de 3 avec \u00c9tui Ensemble de Trois Couteaux de Lancer Ce lot de 3 couteaux de lancer est livr\u00e9 avec un \u00e9tui en nylon pratique pour un rangement et un transport faciles. Parfait pour les d\u00e9butants et les lanceurs exp\u00e9riment\u00e9s souhaitant pratiquer la pr\u00e9cision et la technique. Chaque couteau mesure environ [&#8230;]\n","protected":false},"featured_media":58521,"template":"","meta":[],"product_brand":[],"product_cat":[908],"product_tag":[],"class_list":{"0":"post-58526","1":"product","2":"type-product","3":"status-publish","4":"has-post-thumbnail","6":"product_cat-kastkniv","8":"first","9":"instock","10":"sale","11":"taxable","12":"shipping-taxable","13":"purchasable","14":"product-type-simple"},"_links":{"self":[{"href":"https:\/\/jjcustomworks.se\/fr\/wp-json\/wp\/v2\/product\/58526","targetHints":{"allow":["GET"]}}],"collection":[{"href":"https:\/\/jjcustomworks.se\/fr\/wp-json\/wp\/v2\/product"}],"about":[{"href":"https:\/\/jjcustomworks.se\/fr\/wp-json\/wp\/v2\/types\/product"}],"wp:featuredmedia":[{"embeddable":true,"href":"https:\/\/jjcustomworks.se\/fr\/wp-json\/wp\/v2\/media\/58521"}],"wp:attachment":[{"href":"https:\/\/jjcustomworks.se\/fr\/wp-json\/wp\/v2\/media?parent=58526"}],"wp:term":[{"taxonomy":"product_brand","embeddable":true,"href":"https:\/\/jjcustomworks.se\/fr\/wp-json\/wp\/v2\/product_brand?post=58526"},{"taxonomy":"product_cat","embeddable":true,"href":"https:\/\/jjcustomworks.se\/fr\/wp-json\/wp\/v2\/product_cat?post=58526"},{"taxonomy":"product_tag","embeddable":true,"href":"https:\/\/jjcustomworks.se\/fr\/wp-json\/wp\/v2\/product_tag?post=58526"}],"curies":[{"name":"wp","href":"https:\/\/api.w.org\/{rel}","templated":true}]}}