{"id":58524,"date":"2025-03-14T14:41:40","date_gmt":"2025-03-14T13:41:40","guid":{"rendered":"https:\/\/jjcustomworks.se\/product\/kastkniv-3-pack\/"},"modified":"2025-12-02T09:34:35","modified_gmt":"2025-12-02T08:34:35","slug":"couteaux-de-lancer-lot-de-3-etui-nylon","status":"publish","type":"product","link":"https:\/\/jjcustomworks.se\/fr\/produit\/couteaux-de-lancer-lot-de-3-etui-nylon\/","title":{"rendered":"Couteaux de Lancer Lot de 3 avec \u00c9tui en Nylon"},"content":{"rendered":"<h1><span class=\"ez-toc-section\" id=\"Couteaux_de_Lancer_Lot_de_3_avec_Etui_en_Nylon\"><\/span>Couteaux de Lancer Lot de 3 avec \u00c9tui en Nylon<span class=\"ez-toc-section-end\"><\/span><\/h1>\n<h2><span class=\"ez-toc-section\" id=\"Ensemble_Parfait_pour_les_Amateurs_de_Lancer\"><\/span>Ensemble Parfait pour les Amateurs de Lancer<span class=\"ez-toc-section-end\"><\/span><\/h2>\n<p>Ce lot de 3 couteaux de lancer est id\u00e9al pour les d\u00e9butants comme pour les lanceurs exp\u00e9riment\u00e9s. L'ensemble comprend un \u00e9tui en nylon pratique pour un stockage et un transport s\u00fbrs. Chaque couteau mesure environ 20 cm de long.<\/p>\n\n<h3><span class=\"ez-toc-section\" id=\"Caracteristiques\"><\/span>Caract\u00e9ristiques:<span class=\"ez-toc-section-end\"><\/span><\/h3>\n<ul>\n <li><strong>Quantit\u00e9:<\/strong> 3 couteaux de lancer par ensemble<\/li>\n <li><strong>Longueur:<\/strong> Environ 20 cm par couteau<\/li>\n <li><strong>Poids:<\/strong> 180 gr (avec \u00e9tui)<\/li>\n <li><strong>Stockage :<\/strong> \u00c9tui en nylon inclus<\/li>\n<\/ul>\n\n<p>Avec cet ensemble, vous \u00eates pr\u00eat pour des heures d'entra\u00eenement et de plaisir. L'\u00e9tui en nylon inclus facilite le transport des couteaux sur le terrain d'entra\u00eenement ou de comp\u00e9tition. Compl\u00e9tez votre \u00e9quipement avec <a href=\"https:\/\/jjcustomworks.se\/fr\/magasin\/\">d'autres couteaux de lancer<\/a> de notre gamme. Rangez toujours vos couteaux en toute s\u00e9curit\u00e9 dans un \u00e9tui comme ce <a href=\"https:\/\/jjcustomworks.se\/fr\/categorie-de-produit\/autres_produits\/swords\/swords-europe\/\">rangement pour couteaux<\/a>. Visitez notre <a href=\"https:\/\/jjcustomworks.se\/fr\/\">site web<\/a> pour plus de produits !<\/p>","protected":false},"excerpt":{"rendered":"<p>Couteaux de Lancer Lot de 3 avec \u00c9tui en Nylon Ensemble Parfait pour les Amateurs de Lancer Ce lot de 3 couteaux de lancer est id\u00e9al pour les d\u00e9butants comme pour les lanceurs exp\u00e9riment\u00e9s. L&#8217;ensemble comprend un \u00e9tui en nylon pratique pour un stockage et un transport s\u00fbrs. Chaque couteau mesure environ 20 cm de [&#8230;]\n","protected":false},"featured_media":58520,"template":"","meta":[],"product_brand":[],"product_cat":[908],"product_tag":[],"class_list":{"0":"post-58524","1":"product","2":"type-product","3":"status-publish","4":"has-post-thumbnail","6":"product_cat-kastkniv","8":"first","9":"instock","10":"sale","11":"taxable","12":"shipping-taxable","13":"purchasable","14":"product-type-simple"},"_links":{"self":[{"href":"https:\/\/jjcustomworks.se\/fr\/wp-json\/wp\/v2\/product\/58524","targetHints":{"allow":["GET"]}}],"collection":[{"href":"https:\/\/jjcustomworks.se\/fr\/wp-json\/wp\/v2\/product"}],"about":[{"href":"https:\/\/jjcustomworks.se\/fr\/wp-json\/wp\/v2\/types\/product"}],"wp:featuredmedia":[{"embeddable":true,"href":"https:\/\/jjcustomworks.se\/fr\/wp-json\/wp\/v2\/media\/58520"}],"wp:attachment":[{"href":"https:\/\/jjcustomworks.se\/fr\/wp-json\/wp\/v2\/media?parent=58524"}],"wp:term":[{"taxonomy":"product_brand","embeddable":true,"href":"https:\/\/jjcustomworks.se\/fr\/wp-json\/wp\/v2\/product_brand?post=58524"},{"taxonomy":"product_cat","embeddable":true,"href":"https:\/\/jjcustomworks.se\/fr\/wp-json\/wp\/v2\/product_cat?post=58524"},{"taxonomy":"product_tag","embeddable":true,"href":"https:\/\/jjcustomworks.se\/fr\/wp-json\/wp\/v2\/product_tag?post=58524"}],"curies":[{"name":"wp","href":"https:\/\/api.w.org\/{rel}","templated":true}]}}