{"id":58486,"date":"2025-03-14T14:41:25","date_gmt":"2025-03-14T13:41:25","guid":{"rendered":"https:\/\/jjcustomworks.se\/product\/gasoline-oil-lighter-with-cigarett-case-gentelo\/"},"modified":"2025-12-15T18:24:43","modified_gmt":"2025-12-15T17:24:43","slug":"briquet-a-essence-gentelo-avec-etui-a-cigarettes-2","status":"publish","type":"product","link":"https:\/\/jjcustomworks.se\/fr\/produit\/briquet-a-essence-gentelo-avec-etui-a-cigarettes-2\/","title":{"rendered":"Briquet \u00e0 essence Gentelo avec \u00e9tui \u00e0 cigarettes"},"content":{"rendered":"<h1><span class=\"ez-toc-section\" id=\"Briquet_a_Essence_Gentelo_avec_Etui_a_Cigarettes\"><\/span>Briquet \u00e0 essence Gentelo avec \u00e9tui \u00e0 cigarettes<span class=\"ez-toc-section-end\"><\/span><\/h1>\n<h2><span class=\"ez-toc-section\" id=\"Briquet_et_etui_en_un\"><\/span>Briquet et \u00e9tui en un<span class=\"ez-toc-section-end\"><\/span><\/h2>\n<p>Le briquet \u00e0 essence Gentelo combine fonctionnalit\u00e9 et style. Cette solution pratique offre \u00e0 la fois un briquet fiable et un \u00e9tui \u00e0 cigarettes, ce qui le rend id\u00e9al pour ceux qui veulent tout en un. Un excellent briquet \u00e0 un prix encore meilleur ! D\u00e9couvrez notre s\u00e9lection d'<a href=\"https:\/\/jjcustomworks.se\/fr\/magasin\/\">autres briquets<\/a> pour r\u00e9pondre \u00e0 vos besoins. Pour voir plus de produits, visitez notre <a href=\"https:\/\/jjcustomworks.se\/fr\/categorie-de-produit\/briquets-a-gaz-et-a-essence\/\">cat\u00e9gorie de briquets<\/a>.<\/p>\n\n<h3><span class=\"ez-toc-section\" id=\"Accessoires_standard_compatibles\"><\/span>Accessoires standards compatibles<span class=\"ez-toc-section-end\"><\/span><\/h3>\n<p>\u00c9tant donn\u00e9 que tous les accessoires standard du march\u00e9 conviennent \u00e0 ce briquet, vous pouvez facilement personnaliser et entretenir votre briquet Gentelo. Cette flexibilit\u00e9 en fait un investissement \u00e0 long terme. Vous pouvez trouver tous nos produits sur notre <a href=\"https:\/\/jjcustomworks.se\/fr\/\">page d&#039;accueil<\/a>.<\/p>\n\n<h3><span class=\"ez-toc-section\" id=\"Livre_pret_a_lemploi\"><\/span>Livr\u00e9 pr\u00eat \u00e0 l&#8217;emploi<span class=\"ez-toc-section-end\"><\/span><\/h3>\n<p>Le briquet est livr\u00e9 pr\u00eat \u00e0 l'emploi, \u00e0 l'exception du carburant. Remplissez-le avec votre carburant pr\u00e9f\u00e9r\u00e9 et vous \u00eates pr\u00eat \u00e0 utiliser imm\u00e9diatement votre nouveau briquet Gentelo. N'oubliez pas d'explorer notre gamme de briquets et d'accessoires pour compl\u00e9ter votre exp\u00e9rience.<\/p>","protected":false},"excerpt":{"rendered":"<p>Briquet \u00e0 Essence Gentelo avec \u00c9tui \u00e0 Cigarettes Briquet et \u00e9tui en un Le briquet \u00e0 essence Gentelo combine fonctionnalit\u00e9 et style. Cette solution pratique offre \u00e0 la fois un briquet fiable et un \u00e9tui \u00e0 cigarettes, ce qui le rend id\u00e9al pour ceux qui veulent tout en un. Un excellent briquet \u00e0 un prix [&#8230;]\n","protected":false},"featured_media":58483,"template":"","meta":[],"product_brand":[],"product_cat":[877],"product_tag":[],"class_list":{"0":"post-58486","1":"product","2":"type-product","3":"status-publish","4":"has-post-thumbnail","6":"product_cat-bensintandare","8":"first","9":"instock","10":"sale","11":"taxable","12":"shipping-taxable","13":"purchasable","14":"product-type-simple"},"_links":{"self":[{"href":"https:\/\/jjcustomworks.se\/fr\/wp-json\/wp\/v2\/product\/58486","targetHints":{"allow":["GET"]}}],"collection":[{"href":"https:\/\/jjcustomworks.se\/fr\/wp-json\/wp\/v2\/product"}],"about":[{"href":"https:\/\/jjcustomworks.se\/fr\/wp-json\/wp\/v2\/types\/product"}],"wp:featuredmedia":[{"embeddable":true,"href":"https:\/\/jjcustomworks.se\/fr\/wp-json\/wp\/v2\/media\/58483"}],"wp:attachment":[{"href":"https:\/\/jjcustomworks.se\/fr\/wp-json\/wp\/v2\/media?parent=58486"}],"wp:term":[{"taxonomy":"product_brand","embeddable":true,"href":"https:\/\/jjcustomworks.se\/fr\/wp-json\/wp\/v2\/product_brand?post=58486"},{"taxonomy":"product_cat","embeddable":true,"href":"https:\/\/jjcustomworks.se\/fr\/wp-json\/wp\/v2\/product_cat?post=58486"},{"taxonomy":"product_tag","embeddable":true,"href":"https:\/\/jjcustomworks.se\/fr\/wp-json\/wp\/v2\/product_tag?post=58486"}],"curies":[{"name":"wp","href":"https:\/\/api.w.org\/{rel}","templated":true}]}}