{"id":58419,"date":"2025-03-14T14:40:38","date_gmt":"2025-03-14T13:40:38","guid":{"rendered":"https:\/\/jjcustomworks.se\/product\/cold-steel-spike-hawk\/"},"modified":"2026-04-05T16:17:37","modified_gmt":"2026-04-05T14:17:37","slug":"hache-cold-steel-spike-hawk","status":"publish","type":"product","link":"https:\/\/jjcustomworks.se\/fr\/produit\/hache-cold-steel-spike-hawk\/","title":{"rendered":"Hache Cold Steel Spike Hawk pour lancer de cible"},"content":{"rendered":"<h1><span class=\"ez-toc-section\" id=\"Hache_Cold_Steel_Spike_Hawk\"><\/span>Hache \u00e0 pointes en acier froid<span class=\"ez-toc-section-end\"><\/span><\/h1>\n<h2><span class=\"ez-toc-section\" id=\"Hache_polyvalente_pour_le_lancer_sportif_et_plus_encore\"><\/span>Hache polyvalente pour le lancer sportif et plus encore<span class=\"ez-toc-section-end\"><\/span><\/h2>\n<p>La Cold Steel Spike Hawk est une hache populaire parmi les lanceurs sportifs, reconnue pour sa capacit\u00e9 \u00e0 p\u00e9n\u00e9trer profond\u00e9ment les cibles en bois. La hache est dot\u00e9e d'une lame forg\u00e9e et trait\u00e9e thermiquement de mani\u00e8re diff\u00e9rentielle et d'une pointe en acier robuste, ce qui augmente les chances de succ\u00e8s d'un lancer. Sa polyvalence la rend \u00e9galement adapt\u00e9e \u00e0 d'autres applications.<\/p>\n<h3><span class=\"ez-toc-section\" id=\"Caracteristiques\"><\/span>Caract\u00e9ristiques:<span class=\"ez-toc-section-end\"><\/span><\/h3>\n<ul>\n <li>Lame et pointe : Lame forg\u00e9e et trait\u00e9e thermiquement de mani\u00e8re diff\u00e9rentielle et pointe en acier robuste<\/li>\n <li>Mat\u00e9riau : Fabriqu\u00e9 en acier au carbone 1055 forg\u00e9<\/li>\n <li>Manche : Hickory am\u00e9ricain<\/li>\n <li>Longueur totale : 22 pouces<\/li>\n <li>Poids : 24,5 oz.<\/li>\n <li>Gaine : Gaine en cuir s\u00e9par\u00e9e disponible (# SL90SH)<\/li>\n<\/ul>\n<p>Ce <a href=\"https:\/\/jjcustomworks.se\/fr\/magasin\/\">Hache en acier froid<\/a> combine l'artisanat traditionnel avec la technologie moderne pour offrir un produit sup\u00e9rieur. Le manche est en hickory am\u00e9ricain, offrant une prise en main confortable et s\u00fbre. La pointe en acier \u00e0 l'arri\u00e8re de la hache augmente sa polyvalence, ce qui en fait un outil pr\u00e9cieux pour toute personne impliqu\u00e9e dans des activit\u00e9s de lancer ou qui souhaite simplement une hache fiable. Pour un stockage et un transport en toute s\u00e9curit\u00e9, une gaine en cuir s\u00e9par\u00e9e est disponible.<\/p>\n<p>Que vous soyez un lanceur sportif exp\u00e9riment\u00e9 ou un d\u00e9butant, la Cold Steel Spike Hawk vous aidera \u00e0 am\u00e9liorer votre pr\u00e9cision et votre technique. Sa construction robuste et sa conception bien \u00e9quilibr\u00e9e en font une hache sur laquelle vous pouvez compter. D\u00e9couvrez notre s\u00e9lection de <a href=\"https:\/\/jjcustomworks.se\/fr\/categorie-de-produit\/autres_produits\/swords\/swords-europe\/\">haches et accessoires<\/a> pour trouver l'outil adapt\u00e9 \u00e0 vos besoins. Ne manquez pas la chance de poss\u00e9der une hache de haute qualit\u00e9 qui allie tradition et innovation. Visitez <a href=\"https:\/\/jjcustomworks.se\/fr\/\">notre site Web<\/a> pour plus d'informations et commandez d\u00e8s aujourd'hui !<\/p>","protected":false},"excerpt":{"rendered":"<p>K\u00f6p en COLD STEEL Spike Hawk yxa online &#8211; perfekt f\u00f6r utomhusaktiviteter och camping. Med sitt slitstarka material och v\u00e4lbalanserade design \u00e4r denna yxa ett p\u00e5litligt verktyg f\u00f6r att hugga ved och utf\u00f6ra olika uppgifter. Best\u00e4ll din COLD STEEL Spike Hawk yxa idag och f\u00e5 snabb leverans till konkurrenskraftigt pris.<\/p>","protected":false},"featured_media":58418,"template":"","meta":[],"product_brand":[],"product_cat":[954],"product_tag":[],"class_list":{"0":"post-58419","1":"product","2":"type-product","3":"status-publish","4":"has-post-thumbnail","6":"product_cat-axes-with-steel-handle","8":"first","9":"instock","10":"sale","11":"taxable","12":"shipping-taxable","13":"purchasable","14":"product-type-simple"},"_links":{"self":[{"href":"https:\/\/jjcustomworks.se\/fr\/wp-json\/wp\/v2\/product\/58419","targetHints":{"allow":["GET"]}}],"collection":[{"href":"https:\/\/jjcustomworks.se\/fr\/wp-json\/wp\/v2\/product"}],"about":[{"href":"https:\/\/jjcustomworks.se\/fr\/wp-json\/wp\/v2\/types\/product"}],"wp:featuredmedia":[{"embeddable":true,"href":"https:\/\/jjcustomworks.se\/fr\/wp-json\/wp\/v2\/media\/58418"}],"wp:attachment":[{"href":"https:\/\/jjcustomworks.se\/fr\/wp-json\/wp\/v2\/media?parent=58419"}],"wp:term":[{"taxonomy":"product_brand","embeddable":true,"href":"https:\/\/jjcustomworks.se\/fr\/wp-json\/wp\/v2\/product_brand?post=58419"},{"taxonomy":"product_cat","embeddable":true,"href":"https:\/\/jjcustomworks.se\/fr\/wp-json\/wp\/v2\/product_cat?post=58419"},{"taxonomy":"product_tag","embeddable":true,"href":"https:\/\/jjcustomworks.se\/fr\/wp-json\/wp\/v2\/product_tag?post=58419"}],"curies":[{"name":"wp","href":"https:\/\/api.w.org\/{rel}","templated":true}]}}