{"id":58414,"date":"2025-03-14T14:40:35","date_gmt":"2025-03-14T13:40:35","guid":{"rendered":"https:\/\/jjcustomworks.se\/product\/throwing-knife-unik-design-bbk-07\/"},"modified":"2026-01-23T15:57:57","modified_gmt":"2026-01-23T14:57:57","slug":"couteau-de-lancer-bbk-07-design-unique","status":"publish","type":"product","link":"https:\/\/jjcustomworks.se\/fr\/produit\/couteau-de-lancer-bbk-07-design-unique\/","title":{"rendered":"Couteau de Lancer BBK-07 Design Unique | PreMax"},"content":{"rendered":"<h1>Couteau de Lancer BBK-07 - Design Unique de PreMax<\/h1>\n<h2><span class=\"ez-toc-section\" id=\"Couteaux_de_lancer_concus_pour_tous\"><\/span>Couteaux de lancer con\u00e7us pour tous<span class=\"ez-toc-section-end\"><\/span><\/h2>\n<p>Parfois, on veut juste cr\u00e9er quelque chose exactement comme on le souhaite. C'est exactement ce que nous avons fait avec le couteau de lancer BBK-07. Nous avons d\u00e9velopp\u00e9 nos propres designs de couteaux et de haches de lancer pour combler un manque sur le march\u00e9. Ce couteau de lancer est con\u00e7u pour \u00eatre une option abordable qui peut r\u00e9sister \u00e0 une utilisation intensive. <a href=\"https:\/\/jjcustomworks.se\/fr\/magasin\/\">D\u00e9couvrez notre gamme de couteaux de lancer<\/a> et trouvez le mod\u00e8le parfait pour vous.<\/p>\n<h2><span class=\"ez-toc-section\" id=\"Couteau_de_lancer_durable_et_abordable\"><\/span>Couteau de lancer durable et abordable<span class=\"ez-toc-section-end\"><\/span><\/h2>\n<p>Le BBK-07 est con\u00e7u pour \u00eatre \u00e0 la fois bon march\u00e9 et durable. L'acier est doux et r\u00e9sistant, ce qui signifie qu'il ne casse pas facilement. Cela le rend id\u00e9al pour les d\u00e9butants, tout en \u00e9tant plus grand et plus lourd que les mod\u00e8les commerciaux plus simples. Parfait pour ceux qui veulent passer \u00e0 l'\u00e9tape suivante dans le lancer de couteaux. Visitez notre <a href=\"https:\/\/jjcustomworks.se\/fr\/categorie-de-produit\/autres_produits\/swords\/swords-europe\/\">cat\u00e9gorie de couteaux et haches de lancer<\/a> pour voir plus d&#039;options.<\/p>\n<h3><span class=\"ez-toc-section\" id=\"Specifications\"><\/span>Caract\u00e9ristiques:<span class=\"ez-toc-section-end\"><\/span><\/h3>\n<ul>\n <li>Poids : env. 251 grammes<\/li>\n <li>Acier : environ Acier au carbone rev\u00eatu de poudre noire de 4 mm avec environ 53 HRC<\/li>\n <li>Longueur : 33 cm (de bas en haut)<\/li>\n <li>Aiguis\u00e9 : Livr\u00e9 sans aff\u00fbtage (profil grossier jusqu&#039;\u00e0 -1 mm).<\/li>\n<\/ul>\n<h2><span class=\"ez-toc-section\" id=\"Elements_importants_a_prendre_en_compte_lors_de_lutilisation\"><\/span>\u00c9l\u00e9ments importants \u00e0 prendre en compte lors de l&#8217;utilisation<span class=\"ez-toc-section-end\"><\/span><\/h2>\n<p>Le lancer de couteaux est un art et un sport amusant pour toute la famille, et il est assez facile \u00e0 apprendre avec un peu de patience. Notez que ce n'est pas un jouet. Les couteaux de lancer sont pointus et peuvent \u00eatre tranchants, la surveillance d'un adulte est donc requise. L'\u00e2ge minimum pour l'achat est de 18 ans. Ne jamais lancer en direction de personnes ou d'animaux et s'assurer qu'aucun objet fragile ne se trouve \u00e0 proximit\u00e9 de la cible. Pour plus d'informations sur la s\u00e9curit\u00e9, visitez le <a href=\"https:\/\/jjcustomworks.se\/fr\/\">site Web de PreMax<\/a>.<\/p>\n<p>Ne lancer que sur une cible appropri\u00e9e ! Les petits couteaux de lancer peuvent \u00eatre lanc\u00e9s sur des cibles de fl\u00e9chettes, tandis que les couteaux plus grands\/plus lourds n\u00e9cessitent une cible en bois. Gardez \u00e0 l'esprit que l'acier peut rebondir sur des surfaces dures.<\/p>","protected":false},"excerpt":{"rendered":"<p>K\u00f6p en unik designad kastkniv, BBK-07, f\u00f6r en perfekt kastupplevelse. Utforska v\u00e5rt sortiment av h\u00f6gkvalitativa och p\u00e5litliga kastknivar som \u00e4r skapade f\u00f6r att imponera. Best\u00e4ll nu och f\u00e5 en fantastisk produkt till ett \u00f6verkomligt pris.<\/p>","protected":false},"featured_media":58412,"template":"","meta":[],"product_brand":[],"product_cat":[908],"product_tag":[],"class_list":{"0":"post-58414","1":"product","2":"type-product","3":"status-publish","4":"has-post-thumbnail","6":"product_cat-kastkniv","8":"first","9":"instock","10":"taxable","11":"shipping-taxable","12":"purchasable","13":"product-type-simple"},"_links":{"self":[{"href":"https:\/\/jjcustomworks.se\/fr\/wp-json\/wp\/v2\/product\/58414","targetHints":{"allow":["GET"]}}],"collection":[{"href":"https:\/\/jjcustomworks.se\/fr\/wp-json\/wp\/v2\/product"}],"about":[{"href":"https:\/\/jjcustomworks.se\/fr\/wp-json\/wp\/v2\/types\/product"}],"wp:featuredmedia":[{"embeddable":true,"href":"https:\/\/jjcustomworks.se\/fr\/wp-json\/wp\/v2\/media\/58412"}],"wp:attachment":[{"href":"https:\/\/jjcustomworks.se\/fr\/wp-json\/wp\/v2\/media?parent=58414"}],"wp:term":[{"taxonomy":"product_brand","embeddable":true,"href":"https:\/\/jjcustomworks.se\/fr\/wp-json\/wp\/v2\/product_brand?post=58414"},{"taxonomy":"product_cat","embeddable":true,"href":"https:\/\/jjcustomworks.se\/fr\/wp-json\/wp\/v2\/product_cat?post=58414"},{"taxonomy":"product_tag","embeddable":true,"href":"https:\/\/jjcustomworks.se\/fr\/wp-json\/wp\/v2\/product_tag?post=58414"}],"curies":[{"name":"wp","href":"https:\/\/api.w.org\/{rel}","templated":true}]}}