{"id":58406,"date":"2025-03-14T14:40:29","date_gmt":"2025-03-14T13:40:29","guid":{"rendered":"https:\/\/jjcustomworks.se\/product\/cold-steel-shanghai-shadow-dolk\/"},"modified":"2025-12-17T22:43:36","modified_gmt":"2025-12-17T21:43:36","slug":"couteau-cold-steel-shanghai-shadow","status":"publish","type":"product","link":"https:\/\/jjcustomworks.se\/fr\/produit\/couteau-cold-steel-shanghai-shadow\/","title":{"rendered":"Couteau Cold Steel Shanghai Shadow | \u00c9tui Secure-Ex"},"content":{"rendered":"<h1><span class=\"ez-toc-section\" id=\"Couteau_Cold_Steel_SHANGHAI_SHADOW\"><\/span>Couteau Cold Steel SHANGHAI SHADOW<span class=\"ez-toc-section-end\"><\/span><\/h1>\n<h2><span class=\"ez-toc-section\" id=\"Couteau_Polyvalent_avec_Anneau_de_Prise_en_Main_Signature\"><\/span>Couteau Polyvalent avec Anneau de Prise en Main Signature<span class=\"ez-toc-section-end\"><\/span><\/h2>\n<p>Le couteau Cold Steel Shanghai Shadow offre une polyvalence exceptionnelle gr\u00e2ce \u00e0 son anneau signature. Cet anneau assure une prise en main totalement s\u00e9curis\u00e9e lorsque l'index est bloqu\u00e9 \u00e0 l'int\u00e9rieur. L'utilisateur peut faire pivoter la lame autour de l'index pour des changements de prise rapides, et \u00e9tendre sa port\u00e9e jusqu'\u00e0 dix centim\u00e8tres. Forg\u00e9 \u00e0 partir d'une seule pi\u00e8ce d'acier au carbone 1055, le Shanghai Shadow pr\u00e9sente une trempe \u00e0 ressort r\u00e9sistante et des bords creux jumeaux. Il est livr\u00e9 enti\u00e8rement aff\u00fbt\u00e9 et comprend un \u00e9tui Secure-Ex robuste de style militaire.<\/p>\n<h3><span class=\"ez-toc-section\" id=\"Specifications_du_produit\"><\/span>Sp\u00e9cifications du produit :<span class=\"ez-toc-section-end\"><\/span><\/h3>\n<ul>\n <li>Produit : 80PSSK<\/li>\n <li>Poids : 292 g (10.3 oz.)<\/li>\n <li>\u00c9paisseur : 4 mm<\/li>\n <li>Longueur de la lame : 7\"<\/li>\n <li>Manche : 6 1\/4\" de long avec \u00e9cailles en polypropyl\u00e8ne<\/li>\n <li>Acier \/ Mat\u00e9riau : Acier au carbone 1055<\/li>\n <li>Longueur totale : 13 1\/4\"<\/li>\n <li>Fonction suppl\u00e9mentaire : \u00c9tui Secure-Ex\u00ae<\/li>\n<\/ul>\n<p>D\u00e9couvrez la prise en main et la polyvalence exceptionnelles du couteau Cold Steel Shanghai Shadow. Parfait pour les collectionneurs et les utilisateurs pratiques ! Consultez notre s\u00e9lection de <a href=\"https:\/\/jjcustomworks.se\/fr\/magasin\/\">Couteaux Cold Steel<\/a> pour plus d&#039;options. Visitez notre <a href=\"https:\/\/jjcustomworks.se\/fr\/categorie-de-produit\/autres_produits\/swords\/swords-europe\/\">cat\u00e9gorie de couteau<\/a> pour voir des produits similaires. Ne manquez pas non plus nos autres offres sur <a href=\"https:\/\/jjcustomworks.se\/fr\/\">notre site Web<\/a> !<\/p>","protected":false},"excerpt":{"rendered":"<p>Couteau Cold Steel SHANGHAI SHADOW Couteau Polyvalent avec Anneau de Prise en Main Signature Le couteau Cold Steel Shanghai Shadow offre une polyvalence exceptionnelle gr\u00e2ce \u00e0 son anneau signature. Cet anneau assure une prise en main totalement s\u00e9curis\u00e9e lorsque l&#8217;index est bloqu\u00e9 \u00e0 l&#8217;int\u00e9rieur. L&#8217;utilisateur peut faire pivoter la lame autour de l&#8217;index pour des [&#8230;]\n","protected":false},"featured_media":58404,"template":"","meta":[],"product_brand":[],"product_cat":[908],"product_tag":[],"class_list":{"0":"post-58406","1":"product","2":"type-product","3":"status-publish","4":"has-post-thumbnail","6":"product_cat-kastkniv","8":"first","9":"outofstock","10":"sale","11":"taxable","12":"shipping-taxable","13":"purchasable","14":"product-type-simple"},"_links":{"self":[{"href":"https:\/\/jjcustomworks.se\/fr\/wp-json\/wp\/v2\/product\/58406","targetHints":{"allow":["GET"]}}],"collection":[{"href":"https:\/\/jjcustomworks.se\/fr\/wp-json\/wp\/v2\/product"}],"about":[{"href":"https:\/\/jjcustomworks.se\/fr\/wp-json\/wp\/v2\/types\/product"}],"wp:featuredmedia":[{"embeddable":true,"href":"https:\/\/jjcustomworks.se\/fr\/wp-json\/wp\/v2\/media\/58404"}],"wp:attachment":[{"href":"https:\/\/jjcustomworks.se\/fr\/wp-json\/wp\/v2\/media?parent=58406"}],"wp:term":[{"taxonomy":"product_brand","embeddable":true,"href":"https:\/\/jjcustomworks.se\/fr\/wp-json\/wp\/v2\/product_brand?post=58406"},{"taxonomy":"product_cat","embeddable":true,"href":"https:\/\/jjcustomworks.se\/fr\/wp-json\/wp\/v2\/product_cat?post=58406"},{"taxonomy":"product_tag","embeddable":true,"href":"https:\/\/jjcustomworks.se\/fr\/wp-json\/wp\/v2\/product_tag?post=58406"}],"curies":[{"name":"wp","href":"https:\/\/api.w.org\/{rel}","templated":true}]}}