{"id":58403,"date":"2025-03-14T14:40:24","date_gmt":"2025-03-14T13:40:24","guid":{"rendered":"https:\/\/jjcustomworks.se\/product\/cold-steel-mini-flight-sport-80stk10z\/"},"modified":"2026-04-25T09:15:47","modified_gmt":"2026-04-25T07:15:47","slug":"cold-steel-mini-flight-sport-couteau-de-lancer","status":"publish","type":"product","link":"https:\/\/jjcustomworks.se\/fr\/produit\/cold-steel-mini-flight-sport-couteau-de-lancer\/","title":{"rendered":"Cold Steel Mini Flight Sport Couteau de Lancer"},"content":{"rendered":"<h1><span class=\"ez-toc-section\" id=\"Cold_Steel_Mini_Flight_Sport_80STK10Z\"><\/span>Cold Steel Mini Flight Sport 80STK10Z<span class=\"ez-toc-section-end\"><\/span><\/h1>\n<h2><span class=\"ez-toc-section\" id=\"Couteau_de_Lancer_de_Haute_Qualite_pour_Tous_les_Niveaux\"><\/span>Couteau de Lancer de Haute Qualit\u00e9 pour Tous les Niveaux<span class=\"ez-toc-section-end\"><\/span><\/h2>\n<p>Le Cold Steel Mini Flight Sport 80STK10Z est un couteau de lancer abordable, adapt\u00e9 aux d\u00e9butants comme aux lanceurs exp\u00e9riment\u00e9s. Fabriqu\u00e9 selon les m\u00eames normes rigoureuses et avec la m\u00eame trempe \u00e0 ressort dur que les mod\u00e8les haut de gamme de Cold Steel, mais l\u00e9g\u00e8rement plus fin et plus l\u00e9ger, ce qui le rend id\u00e9al pour ceux qui cherchent \u00e0 d\u00e9velopper leur technique de lancer. Ce couteau de lancer est un excellent choix pour s'initier au sport agr\u00e9able et gratifiant du lancer. <a href=\"https:\/\/jjcustomworks.se\/fr\/\">Visitez notre site Web<\/a> pour d\u00e9couvrir notre gamme compl\u00e8te de produits Cold Steel.<\/p>\n\n<h3><span class=\"ez-toc-section\" id=\"Informations_sur_le_produit\"><\/span>Informations sur le produit<span class=\"ez-toc-section-end\"><\/span><\/h3>\n<ul>\n <li><strong>Poids:<\/strong> 6,4 oz (environ 181 grammes)<\/li>\n <li><strong>\u00c9paisseur:<\/strong> 3,5 mm<\/li>\n <li><strong>Mat\u00e9riel:<\/strong> Acier au carbone 1055<\/li>\n <li><strong>Longueur totale :<\/strong> 10 pouces (environ 25,4 cm)<\/li>\n<\/ul>\n\n<h3><span class=\"ez-toc-section\" id=\"Avantages_du_Cold_Steel_Mini_Flight_Sport\"><\/span>Avantages du Cold Steel Mini Flight Sport<span class=\"ez-toc-section-end\"><\/span><\/h3>\n<p>Ce couteau de lancer offre la m\u00eame durabilit\u00e9 et le m\u00eame \u00e9quilibre que les mod\u00e8les plus co\u00fbteux de Cold Steel, mais \u00e0 un prix plus abordable. L'acier au carbone 1055 de haute qualit\u00e9 garantit que le couteau peut r\u00e9sister \u00e0 une manipulation difficile et conserver sa forme. La l\u00e9g\u00e8ret\u00e9 et le profil fin le rendent facile \u00e0 manipuler et \u00e0 lancer, ce qui facilite le processus d'apprentissage pour les d\u00e9butants. <a href=\"https:\/\/jjcustomworks.se\/fr\/categorie-de-produit\/autres_produits\/swords\/swords-europe\/\">Explorez notre gamme de couteaux de lancer<\/a> et trouvez le mod\u00e8le parfait pour vous !<\/p>\n\n<h3><span class=\"ez-toc-section\" id=\"Informations_importantes_sur_la_securite\"><\/span>Informations importantes sur la s\u00e9curit\u00e9<span class=\"ez-toc-section-end\"><\/span><\/h3>\n<p>Les couteaux de lancer ne sont pas des jouets et doivent \u00eatre manipul\u00e9s avec pr\u00e9caution. Utilisez-les toujours sous la surveillance d'un adulte et ne les lancez jamais en direction de personnes ou d'animaux. Assurez-vous qu'aucun objet fragile ne se trouve \u00e0 proximit\u00e9 de la cible. Les couteaux sont uniquement destin\u00e9s \u00e0 \u00eatre lanc\u00e9s sur des cibles appropri\u00e9es. Pour les petits couteaux de lancer, les cibles de fl\u00e9chettes sont recommand\u00e9es, tandis que les couteaux plus grands et plus lourds n\u00e9cessitent une cible en bois. Le carton peut \u00e9galement \u00eatre utilis\u00e9 comme cible. N'oubliez pas que l'acier peut rebondir sur des surfaces dures. Si vous recherchez d'autres <a href=\"https:\/\/jjcustomworks.se\/fr\/magasin\/\">Couteaux Cold Steel<\/a>, consultez notre gamme.<\/p>","protected":false},"excerpt":{"rendered":"<p>K\u00f6p COLD STEEL Mini Flight Sport 80STK10Z &#8211; Kompakt och kraftfull spjutspets f\u00f6r utomhusaktiviteter. Perfekt f\u00f6r jakt och \u00f6verlevnad. Best\u00e4ll idag f\u00f6r snabb leverans!<\/p>","protected":false},"featured_media":58401,"template":"","meta":[],"product_brand":[],"product_cat":[908],"product_tag":[],"class_list":{"0":"post-58403","1":"product","2":"type-product","3":"status-publish","4":"has-post-thumbnail","6":"product_cat-kastkniv","8":"first","9":"instock","10":"sale","11":"taxable","12":"shipping-taxable","13":"purchasable","14":"product-type-simple"},"_links":{"self":[{"href":"https:\/\/jjcustomworks.se\/fr\/wp-json\/wp\/v2\/product\/58403","targetHints":{"allow":["GET"]}}],"collection":[{"href":"https:\/\/jjcustomworks.se\/fr\/wp-json\/wp\/v2\/product"}],"about":[{"href":"https:\/\/jjcustomworks.se\/fr\/wp-json\/wp\/v2\/types\/product"}],"wp:featuredmedia":[{"embeddable":true,"href":"https:\/\/jjcustomworks.se\/fr\/wp-json\/wp\/v2\/media\/58401"}],"wp:attachment":[{"href":"https:\/\/jjcustomworks.se\/fr\/wp-json\/wp\/v2\/media?parent=58403"}],"wp:term":[{"taxonomy":"product_brand","embeddable":true,"href":"https:\/\/jjcustomworks.se\/fr\/wp-json\/wp\/v2\/product_brand?post=58403"},{"taxonomy":"product_cat","embeddable":true,"href":"https:\/\/jjcustomworks.se\/fr\/wp-json\/wp\/v2\/product_cat?post=58403"},{"taxonomy":"product_tag","embeddable":true,"href":"https:\/\/jjcustomworks.se\/fr\/wp-json\/wp\/v2\/product_tag?post=58403"}],"curies":[{"name":"wp","href":"https:\/\/api.w.org\/{rel}","templated":true}]}}