{"id":58364,"date":"2025-03-14T14:39:55","date_gmt":"2025-03-14T13:39:55","guid":{"rendered":"https:\/\/jjcustomworks.se\/product\/throwing-knife-cheap-throwing-knife-7\/"},"modified":"2026-03-16T19:54:34","modified_gmt":"2026-03-16T18:54:34","slug":"throwing-knife-cheap-throwing-knife-7","status":"publish","type":"product","link":"https:\/\/jjcustomworks.se\/fr\/produit\/throwing-knife-cheap-throwing-knife-7\/","title":{"rendered":"Couteau de lancer | 30cm, abordable et durable | PreMax"},"content":{"rendered":"<h1>COUTEAU DE LANCEMENT - COUTEAU DE LANCEMENT PAS CHER<\/h1>\n<h2><span class=\"ez-toc-section\" id=\"Couteau_de_lancer_abordable_pour_tous_les_niveaux\"><\/span>Couteau de lancer abordable pour tous les niveaux<span class=\"ez-toc-section-end\"><\/span><\/h2>\n<p>Prix imbattable ! D\u00e9couvrez nos couteaux de lancer abordables et int\u00e9ressants dans de nombreux mod\u00e8les diff\u00e9rents. Ce couteau de lancer est parfait pour les d\u00e9butants comme pour les pratiquants exp\u00e9riment\u00e9s. Avec une longueur de 30 cm et un poids de 178 grammes, il est bien \u00e9quilibr\u00e9 et facile \u00e0 manier. Am\u00e9liorez votre pr\u00e9cision et profitez d'un moment de d\u00e9tente avec ce couteau de lancer polyvalent. Excellent pour le lancer r\u00e9cr\u00e9atif.<\/p>\n<p>Le lancer de couteau est un art ancien et un sport qui peut aussi \u00eatre un plaisir pour toute la famille. Il est assez facile \u00e0 apprendre si vous avez un peu de patience. Nos couteaux de lancer sont con\u00e7us pour vous offrir la meilleure exp\u00e9rience possible, quel que soit votre niveau. Procurez-vous votre <a href=\"https:\/\/jjcustomworks.se\/fr\/magasin\/\">nouveau couteau de lancer<\/a> d\u00e8s aujourd'hui et vivez le frisson !<\/p>\n<h3><span class=\"ez-toc-section\" id=\"Important\"><\/span>Important:<span class=\"ez-toc-section-end\"><\/span><\/h3>\n<ul>\n <li>Veuillez noter qu&#039;il ne s&#039;agit pas de jouets et que les couteaux de lancer sont pointus et parfois tranchants et ne doivent pas \u00eatre manipul\u00e9s sans la surveillance d&#039;un adulte.<\/li>\n <li>Bien entendu, l'\u00e2ge limite pour l'achat est de 18 ans.<\/li>\n <li>Ne lancez jamais dans la m\u00eame direction que d'autres personnes ou animaux et veillez \u00e0 ne pas avoir d'objets fragiles \u00e0 proximit\u00e9 de la cible.<\/li>\n <li>Destin\u00e9 uniquement \u00e0 \u00eatre lanc\u00e9 sur une cible appropri\u00e9e !<\/li>\n<\/ul>\n<p>Les petits couteaux de lancer de moins de 10\" qui ne p\u00e8sent pas lourd peuvent \u00eatre lanc\u00e9s sur des cibles de fl\u00e9chettes ordinaires avec avantage. Pour les couteaux de comp\u00e9tition plus grands et plus lourds, nous recommandons une v\u00e9ritable cible en bois. Plusieurs couches de carton peuvent \u00e9galement constituer une bonne cible. N'oubliez pas que l'acier rebondit sur l'acier et autres surfaces dures. Visitez notre <a href=\"https:\/\/jjcustomworks.se\/fr\/categorie-de-produit\/fait-a-la-main\/couteaux-faits-a-la-main\/\">cat\u00e9gorie de couteaux de lancer<\/a> pour voir tous les mod\u00e8les. Pr\u00eat \u00e0 commencer \u00e0 lancer ? Cliquez <a href=\"https:\/\/jjcustomworks.se\/fr\/\">ici<\/a> !<\/p>","protected":false},"excerpt":{"rendered":"<p>K\u00f6p en billig kastkniv online &#8211; Hitta den perfekta kastkniven f\u00f6r dina behov till ett \u00f6verkomligt pris. Utforska v\u00e5rt sortiment av kvalitetsknivar f\u00f6r kastning och g\u00f6r ditt k\u00f6p idag!<\/p>","protected":false},"featured_media":58359,"template":"","meta":[],"product_brand":[],"product_cat":[908],"product_tag":[],"class_list":{"0":"post-58364","1":"product","2":"type-product","3":"status-publish","4":"has-post-thumbnail","6":"product_cat-kastkniv","8":"first","9":"instock","10":"sale","11":"taxable","12":"shipping-taxable","13":"purchasable","14":"product-type-simple"},"_links":{"self":[{"href":"https:\/\/jjcustomworks.se\/fr\/wp-json\/wp\/v2\/product\/58364","targetHints":{"allow":["GET"]}}],"collection":[{"href":"https:\/\/jjcustomworks.se\/fr\/wp-json\/wp\/v2\/product"}],"about":[{"href":"https:\/\/jjcustomworks.se\/fr\/wp-json\/wp\/v2\/types\/product"}],"wp:featuredmedia":[{"embeddable":true,"href":"https:\/\/jjcustomworks.se\/fr\/wp-json\/wp\/v2\/media\/58359"}],"wp:attachment":[{"href":"https:\/\/jjcustomworks.se\/fr\/wp-json\/wp\/v2\/media?parent=58364"}],"wp:term":[{"taxonomy":"product_brand","embeddable":true,"href":"https:\/\/jjcustomworks.se\/fr\/wp-json\/wp\/v2\/product_brand?post=58364"},{"taxonomy":"product_cat","embeddable":true,"href":"https:\/\/jjcustomworks.se\/fr\/wp-json\/wp\/v2\/product_cat?post=58364"},{"taxonomy":"product_tag","embeddable":true,"href":"https:\/\/jjcustomworks.se\/fr\/wp-json\/wp\/v2\/product_tag?post=58364"}],"curies":[{"name":"wp","href":"https:\/\/api.w.org\/{rel}","templated":true}]}}