{"id":58363,"date":"2025-03-14T14:39:55","date_gmt":"2025-03-14T13:39:55","guid":{"rendered":"https:\/\/jjcustomworks.se\/product\/throwing-knife-cheap-throwing-knife-6\/"},"modified":"2025-10-16T22:41:39","modified_gmt":"2025-10-16T20:41:39","slug":"couteau-de-lancer-pas-cher-2","status":"publish","type":"product","link":"https:\/\/jjcustomworks.se\/fr\/produit\/couteau-de-lancer-pas-cher-2\/","title":{"rendered":"Couteau de Lancer - Couteau de Lancer Abordable | PreMax"},"content":{"rendered":"<h1>COUTEAU DE LANCEMENT - COUTEAU DE LANCEMENT PAS CHER<\/h1>\n<h2><span class=\"ez-toc-section\" id=\"Couteau_de_lancer_abordable_pour_debutants_et_experts\"><\/span>Couteau de lancer abordable pour d\u00e9butants et experts<span class=\"ez-toc-section-end\"><\/span><\/h2>\n<p>D\u00e9couvrez la fascination du lancer de couteau avec ce couteau de lancer abordable de PreMax. Avec un prix imbattable, vous obtenez un couteau de lancer int\u00e9ressant qui est parfait pour les d\u00e9butants et ceux qui ont plus d'exp\u00e9rience. Le lancer de couteau est un art et un sport ancien, mais aussi un plaisir amusant pour toute la famille. Avec un peu de patience, il est assez facile d'apprendre les bases. <a href=\"https:\/\/jjcustomworks.se\/fr\/\">Visitez notre site Web<\/a> pour plus de produits abordables.<\/p>\n\n<h3><span class=\"ez-toc-section\" id=\"Specifications\"><\/span>Caract\u00e9ristiques:<span class=\"ez-toc-section-end\"><\/span><\/h3>\n<ul>\n    <li>Longueur : 23cm<\/li>\n    <li>Poids : 72 grammes<\/li>\n<\/ul>\n\n<h3><span class=\"ez-toc-section\" id=\"Elements_importants_a_prendre_en_compte_lors_de_lutilisation\"><\/span>\u00c9l\u00e9ments importants \u00e0 prendre en compte lors de l&#8217;utilisation :<span class=\"ez-toc-section-end\"><\/span><\/h3>\n<p>Veuillez noter qu'il ne s'agit pas d'un jouet. Les couteaux de lancer sont pointus et parfois tranchants et ne doivent pas \u00eatre manipul\u00e9s sans la surveillance d'un adulte. Bien entendu, l'\u00e2ge limite d'achat est de 18 ans. Ne lancez jamais dans la m\u00eame direction que d'autres personnes ou animaux et veillez \u00e0 ne pas avoir d'objets fragiles \u00e0 proximit\u00e9 de la cible. Ce couteau de lancer est uniquement destin\u00e9 \u00e0 \u00eatre lanc\u00e9 sur une cible appropri\u00e9e ! Pour les petits couteaux de lancer de moins de 10\" qui ne p\u00e8sent pas beaucoup, vous pouvez avantageusement lancer sur des cibles de fl\u00e9chettes ordinaires. Pour les couteaux de comp\u00e9tition plus grands et plus lourds, il est recommand\u00e9 d'utiliser une v\u00e9ritable cible en bois. Plusieurs couches de carton peuvent \u00e9galement servir de bonne cible. N'oubliez pas que l'acier rebondit sur l'acier et d'autres surfaces dures. D\u00e9couvrez notre gamme d'<a href=\"https:\/\/jjcustomworks.se\/fr\/categorie-de-produit\/fait-a-la-main\/couteaux-faits-a-la-main\/\">autres couteaux de lancer<\/a> et trouvez le mod\u00e8le qui vous convient. N'oubliez pas la s\u00e9curit\u00e9 et profitez de ce sport fascinant. Vous trouverez d'autres produits similaires <a href=\"https:\/\/jjcustomworks.se\/fr\/magasin\/\">ici<\/a>.<\/p>","protected":false},"excerpt":{"rendered":"<p>COUTEAU DE LANCER &#8211; COUTEAU DE LANCER PAS CHER Couteau de lancer abordable pour d\u00e9butants et experts D\u00e9couvrez la fascination du lancer de couteau avec ce couteau de lancer abordable de PreMax. Avec un prix imbattable, vous obtenez un couteau de lancer int\u00e9ressant qui est parfait pour les d\u00e9butants et ceux qui ont plus d&#8217;exp\u00e9rience. [&#8230;]\n","protected":false},"featured_media":58357,"template":"","meta":[],"product_brand":[],"product_cat":[908],"product_tag":[],"class_list":{"0":"post-58363","1":"product","2":"type-product","3":"status-publish","4":"has-post-thumbnail","6":"product_cat-kastkniv","8":"first","9":"outofstock","10":"sale","11":"taxable","12":"shipping-taxable","13":"purchasable","14":"product-type-simple"},"_links":{"self":[{"href":"https:\/\/jjcustomworks.se\/fr\/wp-json\/wp\/v2\/product\/58363","targetHints":{"allow":["GET"]}}],"collection":[{"href":"https:\/\/jjcustomworks.se\/fr\/wp-json\/wp\/v2\/product"}],"about":[{"href":"https:\/\/jjcustomworks.se\/fr\/wp-json\/wp\/v2\/types\/product"}],"wp:featuredmedia":[{"embeddable":true,"href":"https:\/\/jjcustomworks.se\/fr\/wp-json\/wp\/v2\/media\/58357"}],"wp:attachment":[{"href":"https:\/\/jjcustomworks.se\/fr\/wp-json\/wp\/v2\/media?parent=58363"}],"wp:term":[{"taxonomy":"product_brand","embeddable":true,"href":"https:\/\/jjcustomworks.se\/fr\/wp-json\/wp\/v2\/product_brand?post=58363"},{"taxonomy":"product_cat","embeddable":true,"href":"https:\/\/jjcustomworks.se\/fr\/wp-json\/wp\/v2\/product_cat?post=58363"},{"taxonomy":"product_tag","embeddable":true,"href":"https:\/\/jjcustomworks.se\/fr\/wp-json\/wp\/v2\/product_tag?post=58363"}],"curies":[{"name":"wp","href":"https:\/\/api.w.org\/{rel}","templated":true}]}}