{"id":58351,"date":"2025-03-14T14:39:46","date_gmt":"2025-03-14T13:39:46","guid":{"rendered":"https:\/\/jjcustomworks.se\/product\/throwing-knife-cheap-throwing-knife-3\/"},"modified":"2025-10-16T22:41:54","modified_gmt":"2025-10-16T20:41:54","slug":"couteau-de-lancer-20-5cm-couteau-de-lancer-abordable","status":"publish","type":"product","link":"https:\/\/jjcustomworks.se\/fr\/produit\/couteau-de-lancer-20-5cm-couteau-de-lancer-abordable\/","title":{"rendered":"Couteau de lancer 20,5cm | Couteau de lancer abordable"},"content":{"rendered":"<h1>Couteau de lancer - Mod\u00e8le abordable de chez Premax<\/h1>\n<h2><span class=\"ez-toc-section\" id=\"Couteau_de_lancer_polyvalente_pour_le_sport_et_le_plaisir\"><\/span>Couteau de lancer polyvalente pour le sport et le plaisir<span class=\"ez-toc-section-end\"><\/span><\/h2>\n<p>Ce couteau de lancer abordable de Premax est parfait pour les d\u00e9butants comme pour les lanceurs exp\u00e9riment\u00e9s. Avec une longueur de 20,5 cm et un poids de seulement 51 grammes, il est facile \u00e0 manipuler et \u00e0 lancer. Que vous souhaitiez pratiquer le lancer de couteau comme un sport ou comme une activit\u00e9 amusante en famille, ce couteau de lancer est un excellent choix. Le lancer de couteau est un art ancien et un sport qui peut \u00eatre un plaisir pour toute la famille. Il est assez facile \u00e0 apprendre si vous avez un peu de patience.<\/p>\n<ul>\n<li><strong>Longueur:<\/strong> 20,5\u00a0cm<\/li>\n<li><strong>Poids:<\/strong> 51 grammes<\/li>\n<\/ul>\n<h3><span class=\"ez-toc-section\" id=\"Precautions_de_securite\"><\/span>Pr\u00e9cautions de s\u00e9curit\u00e9<span class=\"ez-toc-section-end\"><\/span><\/h3>\n<p>Veuillez noter que les couteaux de lancer ne sont pas des jouets. Ils sont pointus et parfois tranchants et doivent donc toujours \u00eatre manipul\u00e9s sous la surveillance d'un adulte. Une limite d'\u00e2ge de 18 ans s'applique aux achats. Pour \u00e9viter les accidents, ne lancez jamais dans la m\u00eame direction que d'autres personnes ou animaux, et assurez-vous qu'il n'y a pas d'objets fragiles \u00e0 proximit\u00e9 de la cible. Ces couteaux sont uniquement destin\u00e9s \u00e0 \u00eatre lanc\u00e9s sur des cibles appropri\u00e9es. Achetez votre nouveau <a href=\"https:\/\/jjcustomworks.se\/fr\/magasin\/\">couteau de lancer<\/a> d\u00e8s aujourd'hui et d\u00e9couvrez l'excitation et le d\u00e9fi du lancer de couteau\u00a0! N'h\u00e9sitez pas \u00e0 l'utiliser dans une <a href=\"https:\/\/jjcustomworks.se\/fr\/categorie-de-produit\/fait-a-la-main\/couteaux-faits-a-la-main\/\">couteaux de comp\u00e9tition<\/a>cible appropri\u00e9e. Vous trouverez plus de produits sur notre <a href=\"https:\/\/jjcustomworks.se\/fr\/\">site web<\/a>.<\/p>\n<p>Les petits couteaux de lancer de moins de 10 pouces qui ne p\u00e8sent pas beaucoup peuvent \u00eatre avantageusement lanc\u00e9s sur des cibles de fl\u00e9chettes ordinaires. Pour les couteaux de comp\u00e9tition plus gros\/plus lourds, nous recommandons une vraie cible en bois. Plusieurs couches de carton peuvent \u00e9galement constituer une bonne cible. N'oubliez pas que l'acier rebondit sur l'acier et d'autres surfaces dures.<\/p>","protected":false},"excerpt":{"rendered":"<p>Couteau de lancer &#8211; Mod\u00e8le abordable de chez Premax Couteau de lancer polyvalente pour le sport et le plaisir Ce couteau de lancer abordable de Premax est parfait pour les d\u00e9butants comme pour les lanceurs exp\u00e9riment\u00e9s. Avec une longueur de 20,5 cm et un poids de seulement 51 grammes, il est facile \u00e0 manipuler et [&#8230;]\n","protected":false},"featured_media":58347,"template":"","meta":[],"product_brand":[],"product_cat":[908],"product_tag":[],"class_list":{"0":"post-58351","1":"product","2":"type-product","3":"status-publish","4":"has-post-thumbnail","6":"product_cat-kastkniv","8":"first","9":"outofstock","10":"sale","11":"taxable","12":"shipping-taxable","13":"purchasable","14":"product-type-simple"},"_links":{"self":[{"href":"https:\/\/jjcustomworks.se\/fr\/wp-json\/wp\/v2\/product\/58351","targetHints":{"allow":["GET"]}}],"collection":[{"href":"https:\/\/jjcustomworks.se\/fr\/wp-json\/wp\/v2\/product"}],"about":[{"href":"https:\/\/jjcustomworks.se\/fr\/wp-json\/wp\/v2\/types\/product"}],"wp:featuredmedia":[{"embeddable":true,"href":"https:\/\/jjcustomworks.se\/fr\/wp-json\/wp\/v2\/media\/58347"}],"wp:attachment":[{"href":"https:\/\/jjcustomworks.se\/fr\/wp-json\/wp\/v2\/media?parent=58351"}],"wp:term":[{"taxonomy":"product_brand","embeddable":true,"href":"https:\/\/jjcustomworks.se\/fr\/wp-json\/wp\/v2\/product_brand?post=58351"},{"taxonomy":"product_cat","embeddable":true,"href":"https:\/\/jjcustomworks.se\/fr\/wp-json\/wp\/v2\/product_cat?post=58351"},{"taxonomy":"product_tag","embeddable":true,"href":"https:\/\/jjcustomworks.se\/fr\/wp-json\/wp\/v2\/product_tag?post=58351"}],"curies":[{"name":"wp","href":"https:\/\/api.w.org\/{rel}","templated":true}]}}