{"id":58349,"date":"2025-03-14T14:39:45","date_gmt":"2025-03-14T13:39:45","guid":{"rendered":"https:\/\/jjcustomworks.se\/product\/throwing-knife-tr-23-cheap-throwing-knife\/"},"modified":"2025-10-16T22:42:36","modified_gmt":"2025-10-16T20:42:36","slug":"couteau-de-lancer-abordable","status":"publish","type":"product","link":"https:\/\/jjcustomworks.se\/fr\/produit\/couteau-de-lancer-abordable\/","title":{"rendered":"Couteau de lancer - Couteau de lancer abordable | PreMax"},"content":{"rendered":"<h1>COUTEAU DE LANCEMENT - COUTEAU DE LANCEMENT PAS CHER<\/h1>\n<h2><span class=\"ez-toc-section\" id=\"Couteaux_de_lancer_abordables_pour_debutants_et_experts\"><\/span>Couteaux de lancer abordables pour d\u00e9butants et experts<span class=\"ez-toc-section-end\"><\/span><\/h2>\n<p>D\u00e9couvrez le plaisir du lancer de couteau avec ce couteau de lancer abordable de PreMax. Avec une longueur de 18,5 cm et un poids de 59 grammes, il est id\u00e9al pour les d\u00e9butants et les lanceurs exp\u00e9riment\u00e9s. Le lancer de couteau est un art ancien et un sport qui peut \u00eatre une activit\u00e9 amusante pour toute la famille. Il est relativement facile \u00e0 apprendre si vous avez un peu de patience. Ce couteau de lancer est un excellent choix pour d\u00e9velopper vos comp\u00e9tences et profiter de cette activit\u00e9 passionnante. D\u00e9couvrez notre s\u00e9lection d'<a href=\"https:\/\/jjcustomworks.se\/fr\/magasin\/\">autres couteaux de lancer<\/a> pour trouver le mod\u00e8le parfait pour vous. Visitez notre <a href=\"https:\/\/jjcustomworks.se\/fr\/categorie-de-produit\/fait-a-la-main\/couteaux-faits-a-la-main\/\">Cat\u00e9gorie : Couteaux de lancer<\/a> pour voir notre large gamme.<\/p>\n\n<h3><span class=\"ez-toc-section\" id=\"Consignes_de_securite_importantes\"><\/span>Consignes de s\u00e9curit\u00e9 importantes<span class=\"ez-toc-section-end\"><\/span><\/h3>\n<p>Notez que les couteaux de lancer ne sont pas des jouets. Ils sont pointus et parfois tranchants et ne doivent pas \u00eatre manipul\u00e9s sans la surveillance d'un adulte. Une limite d'\u00e2ge de 18 ans s'applique aux achats. Ne lancez jamais dans la m\u00eame direction que d'autres personnes ou animaux et assurez-vous qu'il n'y a pas d'objets fragiles pr\u00e8s de la cible. Pour votre s\u00e9curit\u00e9, visitez <a href=\"https:\/\/jjcustomworks.se\/fr\/\">notre site Web<\/a> pour plus d'informations sur l'utilisation s\u00fbre des couteaux de lancer.<\/p>\n\n<h3><span class=\"ez-toc-section\" id=\"Utilisation_et_entretien\"><\/span>Utilisation et entretien<span class=\"ez-toc-section-end\"><\/span><\/h3>\n<p>Ces couteaux de lancer sont uniquement destin\u00e9s \u00e0 \u00eatre lanc\u00e9s sur des cibles appropri\u00e9es. Les petits couteaux de lancer de moins de 10 pouces qui ne p\u00e8sent pas beaucoup peuvent \u00eatre lanc\u00e9s sur des cibles de fl\u00e9chettes ordinaires. Pour les couteaux de comp\u00e9tition plus grands et plus lourds, une v\u00e9ritable cible en bois est recommand\u00e9e. Plusieurs couches de carton peuvent \u00e9galement servir de bonne cible. Gardez \u00e0 l'esprit que l'acier rebondit contre l'acier et d'autres surfaces dures. Un entretien r\u00e9gulier garantit la long\u00e9vit\u00e9 de vos couteaux de lancer.<\/p>\n\n<ul>\n <li><strong>Longueur:<\/strong> 18,5 cm<\/li>\n <li><strong>Poids:<\/strong> 59 grammes<\/li>\n<\/ul>","protected":false},"excerpt":{"rendered":"<p>COUTEAU DE LANCER &#8211; COUTEAU DE LANCER PAS CHER Couteaux de lancer abordables pour d\u00e9butants et experts D\u00e9couvrez le plaisir du lancer de couteau avec ce couteau de lancer abordable de PreMax. Avec une longueur de 18,5 cm et un poids de 59 grammes, il est id\u00e9al pour les d\u00e9butants et les lanceurs exp\u00e9riment\u00e9s. Le [&#8230;]\n","protected":false},"featured_media":58346,"template":"","meta":[],"product_brand":[],"product_cat":[908],"product_tag":[],"class_list":{"0":"post-58349","1":"product","2":"type-product","3":"status-publish","4":"has-post-thumbnail","6":"product_cat-kastkniv","8":"first","9":"outofstock","10":"sale","11":"taxable","12":"shipping-taxable","13":"purchasable","14":"product-type-simple"},"_links":{"self":[{"href":"https:\/\/jjcustomworks.se\/fr\/wp-json\/wp\/v2\/product\/58349","targetHints":{"allow":["GET"]}}],"collection":[{"href":"https:\/\/jjcustomworks.se\/fr\/wp-json\/wp\/v2\/product"}],"about":[{"href":"https:\/\/jjcustomworks.se\/fr\/wp-json\/wp\/v2\/types\/product"}],"wp:featuredmedia":[{"embeddable":true,"href":"https:\/\/jjcustomworks.se\/fr\/wp-json\/wp\/v2\/media\/58346"}],"wp:attachment":[{"href":"https:\/\/jjcustomworks.se\/fr\/wp-json\/wp\/v2\/media?parent=58349"}],"wp:term":[{"taxonomy":"product_brand","embeddable":true,"href":"https:\/\/jjcustomworks.se\/fr\/wp-json\/wp\/v2\/product_brand?post=58349"},{"taxonomy":"product_cat","embeddable":true,"href":"https:\/\/jjcustomworks.se\/fr\/wp-json\/wp\/v2\/product_cat?post=58349"},{"taxonomy":"product_tag","embeddable":true,"href":"https:\/\/jjcustomworks.se\/fr\/wp-json\/wp\/v2\/product_tag?post=58349"}],"curies":[{"name":"wp","href":"https:\/\/api.w.org\/{rel}","templated":true}]}}