{"id":58342,"date":"2025-03-14T14:39:42","date_gmt":"2025-03-14T13:39:42","guid":{"rendered":"https:\/\/jjcustomworks.se\/product\/throwing-knife-cheap-throwing-knife\/"},"modified":"2026-02-09T19:33:37","modified_gmt":"2026-02-09T18:33:37","slug":"throwing-knife-cheap-throwing-knife","status":"publish","type":"product","link":"https:\/\/jjcustomworks.se\/fr\/produit\/throwing-knife-cheap-throwing-knife\/","title":{"rendered":"Couteau de lancer - Couteau de lancer abordable | PreMax"},"content":{"rendered":"<h1>COUTEAU DE LANCEMENT - COUTEAU DE LANCEMENT PAS CHER<\/h1>\n<h2><span class=\"ez-toc-section\" id=\"Couteau_de_lancer_abordable_pour_debutants_et_experts\"><\/span>Couteau de lancer abordable pour d\u00e9butants et experts<span class=\"ez-toc-section-end\"><\/span><\/h2>\n<p>D\u00e9couvrez le plaisir du lancer de couteau avec ce couteau de lancer abordable de PreMax. Parfait pour les d\u00e9butants et les lanceurs exp\u00e9riment\u00e9s qui veulent un couteau fiable et facile \u00e0 utiliser. Son prix imbattable fait de ce couteau de lancer un excellent choix pour tous ceux qui veulent essayer ce sport passionnant.<\/p>\n<h3><span class=\"ez-toc-section\" id=\"Specifications\"><\/span>Caract\u00e9ristiques:<span class=\"ez-toc-section-end\"><\/span><\/h3>\n<ul>\n <li><strong>Longueur:<\/strong> 16,5 cm<\/li>\n <li><strong>Poids:<\/strong> 31 grammes<\/li>\n<\/ul>\n<p>Le lancer de couteau est un art traditionnel et un sport divertissant qui peut \u00eatre pratiqu\u00e9 par toute la famille. Avec un peu de patience, il est relativement facile d'en apprendre les bases. Ce <a href=\"https:\/\/jjcustomworks.se\/fr\/magasin\/\">couteau de lancer<\/a> est con\u00e7u pour rendre le processus d'apprentissage aussi facile que possible. N'oubliez pas, la s\u00e9curit\u00e9 d'abord! Ce n'est pas un jouet et il doit toujours \u00eatre manipul\u00e9 sous la surveillance d'un adulte. Une limite d'\u00e2ge de 18 ans s'applique \u00e0 l'achat de couteaux de lancer.<\/p>\n<h3><span class=\"ez-toc-section\" id=\"Consignes_de_securite\"><\/span>Consignes de s\u00e9curit\u00e9 :<span class=\"ez-toc-section-end\"><\/span><\/h3>\n<ul>\n <li>Ne jamais jeter vers des personnes ou des animaux.<\/li>\n <li>Assurez-vous qu\u2019il n\u2019y a pas d\u2019objets fragiles \u00e0 proximit\u00e9 de la cible.<\/li>\n <li>N'utiliser le couteau de lancer que sur une cible appropri\u00e9e.<\/li>\n<\/ul>\n<p>Les petits couteaux de lancer, en particulier ceux de moins de 10 pouces et de faible poids, peuvent \u00eatre lanc\u00e9s sur des cibles de fl\u00e9chettes ordinaires. Pour les couteaux de comp\u00e9tition plus grands et plus lourds, une v\u00e9ritable cible en bois est recommand\u00e9e. Plusieurs couches de carton peuvent \u00e9galement faire l'affaire. N'oubliez pas que l'acier rebondit sur l'acier et autres surfaces dures. D\u00e9couvrez notre gamme de <a href=\"https:\/\/jjcustomworks.se\/fr\/categorie-de-produit\/fait-a-la-main\/couteaux-faits-a-la-main\/\">couteaux de lancer<\/a> et trouvez le mod\u00e8le parfait pour vous. Visitez <a href=\"https:\/\/jjcustomworks.se\/fr\/\">notre site Web<\/a> pour voir toute notre s\u00e9lection.<\/p>","protected":false},"excerpt":{"rendered":"<p>K\u00f6p en billig kastkniv online &#8211; Hitta den perfekta kastkniven f\u00f6r dina behov till ett \u00f6verkomligt pris. Utforska v\u00e5rt sortiment av kvalitetsknivar f\u00f6r kastning och g\u00f6r ditt k\u00f6p idag!<\/p>","protected":false},"featured_media":58340,"template":"","meta":[],"product_brand":[],"product_cat":[908],"product_tag":[],"class_list":{"0":"post-58342","1":"product","2":"type-product","3":"status-publish","4":"has-post-thumbnail","6":"product_cat-kastkniv","8":"first","9":"instock","10":"sale","11":"taxable","12":"shipping-taxable","13":"purchasable","14":"product-type-simple"},"_links":{"self":[{"href":"https:\/\/jjcustomworks.se\/fr\/wp-json\/wp\/v2\/product\/58342","targetHints":{"allow":["GET"]}}],"collection":[{"href":"https:\/\/jjcustomworks.se\/fr\/wp-json\/wp\/v2\/product"}],"about":[{"href":"https:\/\/jjcustomworks.se\/fr\/wp-json\/wp\/v2\/types\/product"}],"wp:featuredmedia":[{"embeddable":true,"href":"https:\/\/jjcustomworks.se\/fr\/wp-json\/wp\/v2\/media\/58340"}],"wp:attachment":[{"href":"https:\/\/jjcustomworks.se\/fr\/wp-json\/wp\/v2\/media?parent=58342"}],"wp:term":[{"taxonomy":"product_brand","embeddable":true,"href":"https:\/\/jjcustomworks.se\/fr\/wp-json\/wp\/v2\/product_brand?post=58342"},{"taxonomy":"product_cat","embeddable":true,"href":"https:\/\/jjcustomworks.se\/fr\/wp-json\/wp\/v2\/product_cat?post=58342"},{"taxonomy":"product_tag","embeddable":true,"href":"https:\/\/jjcustomworks.se\/fr\/wp-json\/wp\/v2\/product_tag?post=58342"}],"curies":[{"name":"wp","href":"https:\/\/api.w.org\/{rel}","templated":true}]}}