{"id":58333,"date":"2025-03-14T14:39:35","date_gmt":"2025-03-14T13:39:35","guid":{"rendered":"https:\/\/jjcustomworks.se\/product\/tomahawk-22-replacement-handle\/"},"modified":"2026-04-09T13:47:41","modified_gmt":"2026-04-09T11:47:41","slug":"manche-de-rechange-tomahawk-22","status":"publish","type":"product","link":"https:\/\/jjcustomworks.se\/fr\/produit\/manche-de-rechange-tomahawk-22\/","title":{"rendered":"Manche de Rechange Tomahawk 22\""},"content":{"rendered":"<h1>Manche de Rechange Tomahawk 22\"<\/h1>\n<h2><span class=\"ez-toc-section\" id=\"Outil_Puissant_et_Polyvalent\"><\/span>Outil Puissant et Polyvalent<span class=\"ez-toc-section-end\"><\/span><\/h2>\n<p>Ce manche de rechange pour tomahawk de 22\" \/ 56 cm est fabriqu\u00e9 en fr\u00eane am\u00e9ricain et p\u00e8se environ 26 onces \/ 737 g. Il est suffisamment lourd pour \u00eatre brutalement efficace \u00e0 la fois comme outil de coupe et comme arme.<\/p>\n<ul>\n <li><strong>Mat\u00e9riel:<\/strong> Fr\u00eane am\u00e9ricain<\/li>\n <li><strong>Longueur:<\/strong> 22\" \/ 560 mm<\/li>\n <li><strong>Poids:<\/strong> 26 oz. \/ 737 g<\/li>\n<\/ul>\n<h3><span class=\"ez-toc-section\" id=\"Caracteristiques_et_avantages\"><\/span>Caract\u00e9ristiques et avantages<span class=\"ez-toc-section-end\"><\/span><\/h3>\n<p>Ce manche robuste transforme votre tomahawk en un outil polyvalent. Son embout solide peut enfoncer des piquets, des clous et des pieux avec la puissance d'un marteau de charpentier. Transformez votre tomahawk en un outil puissant avec ce manche de rechange durable. Visitez notre <a href=\"https:\/\/jjcustomworks.se\/fr\/magasin\/\">boutique pour plus d'accessoires de haute qualit\u00e9<\/a>. D\u00e9couvrez notre large gamme de <a href=\"https:\/\/jjcustomworks.se\/fr\/categorie-de-produit\/fait-a-la-main\/couteaux-faits-a-la-main\/\">tomahawks et d'accessoires<\/a>. Pour plus d'informations sur nos produits, visitez notre <a href=\"https:\/\/jjcustomworks.se\/fr\/\">page d&#039;accueil<\/a>.<\/p>","protected":false},"excerpt":{"rendered":"<p>K\u00f6p en Tomahawk 22&#8243; ers\u00e4ttningshandtag online f\u00f6r att enkelt ers\u00e4tta ditt trasiga handtag. H\u00e5ll din Tomahawk-ax i toppskick med detta h\u00e5llbara och p\u00e5litliga handtag. Best\u00e4ll idag f\u00f6r snabb leverans och enkel installation.<\/p>","protected":false},"featured_media":58332,"template":"","meta":[],"product_brand":[],"product_cat":[954],"product_tag":[],"class_list":{"0":"post-58333","1":"product","2":"type-product","3":"status-publish","4":"has-post-thumbnail","6":"product_cat-axes-with-steel-handle","8":"first","9":"instock","10":"sale","11":"taxable","12":"shipping-taxable","13":"purchasable","14":"product-type-simple"},"_links":{"self":[{"href":"https:\/\/jjcustomworks.se\/fr\/wp-json\/wp\/v2\/product\/58333","targetHints":{"allow":["GET"]}}],"collection":[{"href":"https:\/\/jjcustomworks.se\/fr\/wp-json\/wp\/v2\/product"}],"about":[{"href":"https:\/\/jjcustomworks.se\/fr\/wp-json\/wp\/v2\/types\/product"}],"wp:featuredmedia":[{"embeddable":true,"href":"https:\/\/jjcustomworks.se\/fr\/wp-json\/wp\/v2\/media\/58332"}],"wp:attachment":[{"href":"https:\/\/jjcustomworks.se\/fr\/wp-json\/wp\/v2\/media?parent=58333"}],"wp:term":[{"taxonomy":"product_brand","embeddable":true,"href":"https:\/\/jjcustomworks.se\/fr\/wp-json\/wp\/v2\/product_brand?post=58333"},{"taxonomy":"product_cat","embeddable":true,"href":"https:\/\/jjcustomworks.se\/fr\/wp-json\/wp\/v2\/product_cat?post=58333"},{"taxonomy":"product_tag","embeddable":true,"href":"https:\/\/jjcustomworks.se\/fr\/wp-json\/wp\/v2\/product_tag?post=58333"}],"curies":[{"name":"wp","href":"https:\/\/api.w.org\/{rel}","templated":true}]}}