{"id":58316,"date":"2025-03-14T14:39:22","date_gmt":"2025-03-14T13:39:22","guid":{"rendered":"https:\/\/jjcustomworks.se\/product\/fantasy-master-681-sword-2\/"},"modified":"2025-11-08T18:31:04","modified_gmt":"2025-11-08T17:31:04","slug":"fantasy-master-681-sword-2","status":"publish","type":"product","link":"https:\/\/jjcustomworks.se\/fr\/produit\/fantasy-master-681-sword-2\/","title":{"rendered":"Fantasy Master 681 \u00c9p\u00e9e | Design Fantastique Unique"},"content":{"rendered":"<h1>Fantasy Master 681 - \u00c9p\u00e9e<\/h1>\n<h2><span class=\"ez-toc-section\" id=\"Epee_fantastique_intrigante_pour_collectionneurs_et_passionnes\"><\/span>\u00c9p\u00e9e fantastique intrigante pour collectionneurs et passionn\u00e9s<span class=\"ez-toc-section-end\"><\/span><\/h2>\n<p>Cette \u00e9p\u00e9e fantastique intrigante de Fantasy Master (mod\u00e8le 681) est un excellent choix tant pour les collectionneurs que pour ceux qui recherchent un objet d\u00e9coratif unique. Avec son design distinctif et sa construction robuste, cette \u00e9p\u00e9e ne manquera pas d'attirer l'attention. D\u00e9couvrez notre gamme d'<a href=\"https:\/\/jjcustomworks.se\/fr\/magasin\/\">autres produits Fantasy Master<\/a> pour compl\u00e9ter votre collection.<\/p>\n\n<h3><span class=\"ez-toc-section\" id=\"Principales_Caracteristiques_et_Avantages\"><\/span>Principales Caract\u00e9ristiques et Avantages<span class=\"ez-toc-section-end\"><\/span><\/h3>\n<ul>\n    <li><strong>Taille impressionnante :<\/strong> Avec une longueur totale de 27 pouces, cette \u00e9p\u00e9e fait forte impression.<\/li>\n    <li><strong>Lame de haute qualit\u00e9 :<\/strong> La lame de 3 mm d'\u00e9paisseur est en acier inoxydable, ce qui garantit durabilit\u00e9 et longue dur\u00e9e de vie. Explorez notre s\u00e9lection d'<a href=\"https:\/\/jjcustomworks.se\/fr\/categorie-de-produit\/fait-a-la-main\/couteaux-faits-a-la-main\/\">\u00c9p\u00e9es et couteaux<\/a> pour trouver des produits similaires.<\/li>\n    <li><strong>Conception unique :<\/strong> La lame bicolore noire et satin\u00e9e conf\u00e8re \u00e0 l'\u00e9p\u00e9e un aspect unique et imaginatif.<\/li>\n    <li><strong>Manche robuste :<\/strong> Le manche en acier inoxydable enti\u00e8rement recouvert de noir offre une prise en main s\u00fbre et confortable.<\/li>\n    <li><strong>Rangement pratique :<\/strong> Un fourreau en nylon noir est inclus pour prot\u00e9ger l'\u00e9p\u00e9e pendant le stockage et le transport. Visitez <a href=\"https:\/\/jjcustomworks.se\/fr\/\">notre page d&#039;accueil<\/a> pour voir toute notre gamme.<\/li>\n<\/ul>\n\n<p>L'\u00e9p\u00e9e est parfaite pour ceux qui appr\u00e9cient les objets imaginatifs et recherchent un ajout unique \u00e0 leur collection ou comme d\u00e9coration dans la maison.<\/p>","protected":false},"excerpt":{"rendered":"<p>Fantasy Master 681 &#8211; \u00c9p\u00e9e \u00c9p\u00e9e fantastique intrigante pour collectionneurs et passionn\u00e9s Cette \u00e9p\u00e9e fantastique intrigante de Fantasy Master (mod\u00e8le 681) est un excellent choix tant pour les collectionneurs que pour ceux qui recherchent un objet d\u00e9coratif unique. Avec son design distinctif et sa construction robuste, cette \u00e9p\u00e9e ne manquera pas d&#8217;attirer l&#8217;attention. D\u00e9couvrez notre [&#8230;]\n","protected":false},"featured_media":58314,"template":"","meta":[],"product_brand":[],"product_cat":[1275],"product_tag":[],"class_list":{"0":"post-58316","1":"product","2":"type-product","3":"status-publish","4":"has-post-thumbnail","6":"product_cat-swords-europe","8":"first","9":"outofstock","10":"sale","11":"taxable","12":"shipping-taxable","13":"purchasable","14":"product-type-simple"},"_links":{"self":[{"href":"https:\/\/jjcustomworks.se\/fr\/wp-json\/wp\/v2\/product\/58316","targetHints":{"allow":["GET"]}}],"collection":[{"href":"https:\/\/jjcustomworks.se\/fr\/wp-json\/wp\/v2\/product"}],"about":[{"href":"https:\/\/jjcustomworks.se\/fr\/wp-json\/wp\/v2\/types\/product"}],"wp:featuredmedia":[{"embeddable":true,"href":"https:\/\/jjcustomworks.se\/fr\/wp-json\/wp\/v2\/media\/58314"}],"wp:attachment":[{"href":"https:\/\/jjcustomworks.se\/fr\/wp-json\/wp\/v2\/media?parent=58316"}],"wp:term":[{"taxonomy":"product_brand","embeddable":true,"href":"https:\/\/jjcustomworks.se\/fr\/wp-json\/wp\/v2\/product_brand?post=58316"},{"taxonomy":"product_cat","embeddable":true,"href":"https:\/\/jjcustomworks.se\/fr\/wp-json\/wp\/v2\/product_cat?post=58316"},{"taxonomy":"product_tag","embeddable":true,"href":"https:\/\/jjcustomworks.se\/fr\/wp-json\/wp\/v2\/product_tag?post=58316"}],"curies":[{"name":"wp","href":"https:\/\/api.w.org\/{rel}","templated":true}]}}