{"id":58304,"date":"2025-03-14T14:39:07","date_gmt":"2025-03-14T13:39:07","guid":{"rendered":"https:\/\/jjcustomworks.se\/product\/samurai-sword-swords-set-of-3-pcs\/"},"modified":"2026-03-13T13:09:42","modified_gmt":"2026-03-13T12:09:42","slug":"ensemble-de-3-sabres-de-samourai","status":"publish","type":"product","link":"https:\/\/jjcustomworks.se\/fr\/produit\/ensemble-de-3-sabres-de-samourai\/","title":{"rendered":"Ensemble de 3 sabres de samoura\u00ef | Blades USA"},"content":{"rendered":"<h1><span class=\"ez-toc-section\" id=\"Ensemble_de_3_sabres_de_samourai_de_Blades_USA\"><\/span>Ensemble de 3 sabres de samoura\u00ef de Blades USA<span class=\"ez-toc-section-end\"><\/span><\/h1>\n<h2><span class=\"ez-toc-section\" id=\"Ensemble_exclusif_de_sabres_de_samourai\"><\/span>Ensemble exclusif de sabres de samoura\u00ef<span class=\"ez-toc-section-end\"><\/span><\/h2>\n<p>Cet ensemble exclusif de sabres de samoura\u00ef de <a href=\"https:\/\/jjcustomworks.se\/fr\/magasin\/\">Lames USA<\/a> est exceptionnellement beau et riche en d\u00e9tails. Parfait pour ceux qui appr\u00e9cient le design et l'artisanat japonais traditionnels. Cet ensemble comprend trois sabres de samoura\u00ef (Katana) qui impressionneront par leur \u00e9l\u00e9gance et leur pr\u00e9cision.<\/p>\n<h3><span class=\"ez-toc-section\" id=\"Caracteristiques_et_avantages\"><\/span>Caract\u00e9ristiques et avantages<span class=\"ez-toc-section-end\"><\/span><\/h3>\n<ul>\n <li><strong>Ensemble complet :<\/strong> Comprend 3 sabres de samoura\u00ef (Katana) pour une collection compl\u00e8te.<\/li>\n <li><strong>Taille:<\/strong> Longueur totale de 40 pouces, offrant une pr\u00e9sence impressionnante.<\/li>\n <li><strong>Boiteux :<\/strong> Lame de 24,5 pouces en acier inoxydable pour plus de durabilit\u00e9 et de tranchant.<\/li>\n <li><strong>Conception :<\/strong> Lame satin\u00e9e et manche envelopp\u00e9 de cordon bleu pour une apparence \u00e9l\u00e9gante.<\/li>\n <li><strong>Fourreau :<\/strong> Fourreau bleu avec dragon sculpt\u00e9 rouge ajoutant une touche authentique.<\/li>\n <li><strong>Pr\u00e9sentateur:<\/strong> Comprend un pr\u00e9sentoir pour mettre en valeur vos \u00e9p\u00e9es de mani\u00e8re \u00e9l\u00e9gante.<\/li>\n<\/ul>\n<h3><span class=\"ez-toc-section\" id=\"Description_detaillee\"><\/span>Description d\u00e9taill\u00e9e<span class=\"ez-toc-section-end\"><\/span><\/h3>\n<p>Cet ensemble de sabres de samoura\u00ef n'est pas seulement un plaisir visuel, mais aussi un t\u00e9moignage de la qualit\u00e9 de fabrication. Avec une lame en acier inoxydable, les sabres sont \u00e0 la fois durables et tranchants. Le manche envelopp\u00e9 de cordon bleu offre une prise en main confortable et s\u00fbre. Le fourreau bleu inclus avec un dragon sculpt\u00e9 rouge prot\u00e8ge la lame et offre une sensation authentique. Utilisez <a href=\"https:\/\/jjcustomworks.se\/fr\/categorie-de-produit\/fait-a-la-main\/couteaux-faits-a-la-main\/\">ces sabres<\/a> dans le cadre de votre collection ou comme d\u00e9tail int\u00e9rieur unique.<\/p>\n<p>Cet ensemble est parfait pour les collectionneurs et ceux qui souhaitent ajouter une touche de culture japonaise \u00e0 leur int\u00e9rieur. Gr\u00e2ce au pr\u00e9sentoir inclus, vous pouvez facilement mettre en valeur vos sabres et impressionner vos invit\u00e9s. Ne manquez pas l'opportunit\u00e9 de poss\u00e9der cet ensemble exclusif de sabres de samoura\u00ef de <a href=\"https:\/\/jjcustomworks.se\/fr\/\">Lames USA<\/a> !<\/p>","protected":false},"excerpt":{"rendered":"<p>K\u00f6p ett set med tre samurajsv\u00e4rd f\u00f6r dina samlarbehov. Perfekt f\u00f6r samlare och entusiaster. Best\u00e4ll ditt samurajsv\u00e4rd idag och f\u00e5 det levererat hem till dig.<\/p>","protected":false},"featured_media":58297,"template":"","meta":[],"product_brand":[],"product_cat":[1275],"product_tag":[],"class_list":{"0":"post-58304","1":"product","2":"type-product","3":"status-publish","4":"has-post-thumbnail","6":"product_cat-swords-europe","8":"first","9":"instock","10":"sale","11":"taxable","12":"shipping-taxable","13":"purchasable","14":"product-type-simple"},"_links":{"self":[{"href":"https:\/\/jjcustomworks.se\/fr\/wp-json\/wp\/v2\/product\/58304","targetHints":{"allow":["GET"]}}],"collection":[{"href":"https:\/\/jjcustomworks.se\/fr\/wp-json\/wp\/v2\/product"}],"about":[{"href":"https:\/\/jjcustomworks.se\/fr\/wp-json\/wp\/v2\/types\/product"}],"wp:featuredmedia":[{"embeddable":true,"href":"https:\/\/jjcustomworks.se\/fr\/wp-json\/wp\/v2\/media\/58297"}],"wp:attachment":[{"href":"https:\/\/jjcustomworks.se\/fr\/wp-json\/wp\/v2\/media?parent=58304"}],"wp:term":[{"taxonomy":"product_brand","embeddable":true,"href":"https:\/\/jjcustomworks.se\/fr\/wp-json\/wp\/v2\/product_brand?post=58304"},{"taxonomy":"product_cat","embeddable":true,"href":"https:\/\/jjcustomworks.se\/fr\/wp-json\/wp\/v2\/product_cat?post=58304"},{"taxonomy":"product_tag","embeddable":true,"href":"https:\/\/jjcustomworks.se\/fr\/wp-json\/wp\/v2\/product_tag?post=58304"}],"curies":[{"name":"wp","href":"https:\/\/api.w.org\/{rel}","templated":true}]}}