{"id":58290,"date":"2025-03-14T14:38:58","date_gmt":"2025-03-14T13:38:58","guid":{"rendered":"https:\/\/jjcustomworks.se\/product\/fantasy-master-411-elf-swords-2-swords-display\/"},"modified":"2025-11-08T18:30:01","modified_gmt":"2025-11-08T17:30:01","slug":"fantasy-master-411-elf-swords-2-epees-presentoir","status":"publish","type":"product","link":"https:\/\/jjcustomworks.se\/fr\/produit\/fantasy-master-411-elf-swords-2-epees-presentoir\/","title":{"rendered":"Fantasy Master 411 Elf Swords - Ensemble \u00c9p\u00e9es avec Pr\u00e9sentoir"},"content":{"rendered":"<h1>Fantasy Master - 411 - Elf Swords 2 \u00c9p\u00e9es + Pr\u00e9sentoir<\/h1>\n\n<h2><span class=\"ez-toc-section\" id=\"Elegantes_Epees_Elfiques_de_Fantasy_Master\"><\/span>\u00c9l\u00e9gantes \u00c9p\u00e9es Elfiques de Fantasy Master<span class=\"ez-toc-section-end\"><\/span><\/h2>\n\n<p>Cet ensemble de Fantasy Master comprend deux magnifiques \u00e9p\u00e9es elfiques et un pr\u00e9sentoir. Parfait pour les collectionneurs et les passionn\u00e9s de fantasy qui souhaitent exposer leurs \u00e9p\u00e9es avec style. Chaque \u00e9p\u00e9e est fabriqu\u00e9e avec pr\u00e9cision et poss\u00e8de des d\u00e9tails uniques qui en font un v\u00e9ritable accroche-regard.<\/p>\n\n<h3><span class=\"ez-toc-section\" id=\"Caracteristiques\"><\/span>Caract\u00e9ristiques<span class=\"ez-toc-section-end\"><\/span><\/h3>\n\n<ul>\n <li><strong>Longueur totale :<\/strong> 18.75 pouces<\/li>\n <li><strong>Mat\u00e9riel:<\/strong> Acier inoxydable<\/li>\n <li><strong>Finition:<\/strong> Polissage Miroir avec Art de Corrosion Acide<\/li>\n <li><strong>Manche:<\/strong> Envelopp\u00e9 de Cuir<\/li>\n <li><strong>Fourreau :<\/strong> Inclus Fourreau en Nylon<\/li>\n<\/ul>\n\n<h3><span class=\"ez-toc-section\" id=\"Description_Detaillee\"><\/span>Description d\u00e9taill\u00e9e<span class=\"ez-toc-section-end\"><\/span><\/h3>\n\n<p>Ces \u00e9p\u00e9es elfiques de Fantasy Master combinent esth\u00e9tique et qualit\u00e9. Avec une longueur totale de 18.75 pouces, elles sont impressionnantes et bien faites. L'acier inoxydable assure la durabilit\u00e9, tandis que la surface polie miroir avec l'art grav\u00e9 \u00e0 l'acide donne \u00e0 chaque \u00e9p\u00e9e un aspect unique. Le manche envelopp\u00e9 de cuir offre une prise en main confortable et s\u00e9curis\u00e9e.<\/p>\n\n<p>Le fourreau en nylon inclus prot\u00e8ge les \u00e9p\u00e9es lorsqu'elles ne sont pas utilis\u00e9es ou expos\u00e9es. Parfait pour garder vos \u00e9p\u00e9es en parfait \u00e9tat. Compl\u00e9tez votre collection avec ces fantastiques \u00e9p\u00e9es elfiques Fantasy Master. D\u00e9couvrez davantage de <a href=\"https:\/\/jjcustomworks.se\/fr\/magasin\/\">Produits Fantasy Master<\/a> dans notre gamme et trouvez l'ajout parfait \u00e0 votre collection. Visitez notre <a href=\"https:\/\/jjcustomworks.se\/fr\/categorie-de-produit\/fait-a-la-main\/couteaux-faits-a-la-main\/\">page de cat\u00e9gorie objets de collection<\/a> pour voir des produits similaires ou rendez-vous sur notre <a href=\"https:\/\/jjcustomworks.se\/fr\/\">page d&#039;accueil<\/a> pour d\u00e9couvrir toute notre gamme.<\/p>","protected":false},"excerpt":{"rendered":"<p>Fantasy Master &#8211; 411 &#8211; Elf Swords 2 \u00c9p\u00e9es + Pr\u00e9sentoir \u00c9l\u00e9gantes \u00c9p\u00e9es Elfiques de Fantasy Master Cet ensemble de Fantasy Master comprend deux magnifiques \u00e9p\u00e9es elfiques et un pr\u00e9sentoir. Parfait pour les collectionneurs et les passionn\u00e9s de fantasy qui souhaitent exposer leurs \u00e9p\u00e9es avec style. Chaque \u00e9p\u00e9e est fabriqu\u00e9e avec pr\u00e9cision et poss\u00e8de des [&#8230;]\n","protected":false},"featured_media":58289,"template":"","meta":[],"product_brand":[],"product_cat":[1275],"product_tag":[],"class_list":{"0":"post-58290","1":"product","2":"type-product","3":"status-publish","4":"has-post-thumbnail","6":"product_cat-swords-europe","8":"first","9":"outofstock","10":"sale","11":"taxable","12":"shipping-taxable","13":"purchasable","14":"product-type-simple"},"_links":{"self":[{"href":"https:\/\/jjcustomworks.se\/fr\/wp-json\/wp\/v2\/product\/58290","targetHints":{"allow":["GET"]}}],"collection":[{"href":"https:\/\/jjcustomworks.se\/fr\/wp-json\/wp\/v2\/product"}],"about":[{"href":"https:\/\/jjcustomworks.se\/fr\/wp-json\/wp\/v2\/types\/product"}],"wp:featuredmedia":[{"embeddable":true,"href":"https:\/\/jjcustomworks.se\/fr\/wp-json\/wp\/v2\/media\/58289"}],"wp:attachment":[{"href":"https:\/\/jjcustomworks.se\/fr\/wp-json\/wp\/v2\/media?parent=58290"}],"wp:term":[{"taxonomy":"product_brand","embeddable":true,"href":"https:\/\/jjcustomworks.se\/fr\/wp-json\/wp\/v2\/product_brand?post=58290"},{"taxonomy":"product_cat","embeddable":true,"href":"https:\/\/jjcustomworks.se\/fr\/wp-json\/wp\/v2\/product_cat?post=58290"},{"taxonomy":"product_tag","embeddable":true,"href":"https:\/\/jjcustomworks.se\/fr\/wp-json\/wp\/v2\/product_tag?post=58290"}],"curies":[{"name":"wp","href":"https:\/\/api.w.org\/{rel}","templated":true}]}}