{"id":58288,"date":"2025-03-14T14:38:57","date_gmt":"2025-03-14T13:38:57","guid":{"rendered":"https:\/\/jjcustomworks.se\/product\/medieval-dagger-beautiful-display-piece\/"},"modified":"2026-03-14T11:59:48","modified_gmt":"2026-03-14T10:59:48","slug":"dague-medievale-piece-exposition-pommeau-chevalier","status":"publish","type":"product","link":"https:\/\/jjcustomworks.se\/fr\/produit\/dague-medievale-piece-exposition-pommeau-chevalier\/","title":{"rendered":"Dague M\u00e9di\u00e9vale - Pi\u00e8ce d'Exposition avec Pommeau Chevalier"},"content":{"rendered":"<h1>Dague M\u00e9di\u00e9vale - Magnifique Pi\u00e8ce d'Exposition<\/h1>\n<h2><span class=\"ez-toc-section\" id=\"Design_Authentique_pour_lExposition\"><\/span>Design Authentique pour l&#8217;Exposition<span class=\"ez-toc-section-end\"><\/span><\/h2>\n<p>Cette magnifique dague m\u00e9di\u00e9vale est une pi\u00e8ce d'exposition parfaite pour tous ceux qui aiment l'histoire et les objets de collection. Avec son design d\u00e9taill\u00e9 et ses mat\u00e9riaux de haute qualit\u00e9, elle constitue un excellent ajout \u00e0 toute collection. Voici un aper\u00e7u de ce qui rend cette dague si sp\u00e9ciale :<\/p>\n\n<h3><span class=\"ez-toc-section\" id=\"Caracteristiques_et_Specifications\"><\/span>Caract\u00e9ristiques et sp\u00e9cifications<span class=\"ez-toc-section-end\"><\/span><\/h3>\n<ul>\n <li><strong>Longueur totale :<\/strong> 4 pouces<\/li>\n <li><strong>Boiteux :<\/strong> 7,5 pouces, en acier inoxydable<\/li>\n <li><strong>Conception :<\/strong> Mini \u00e9p\u00e9e m\u00e9di\u00e9vale<\/li>\n <li><strong>Manche:<\/strong> Garnitures en m\u00e9tal moul\u00e9 avec un pommeau de chevalier en laiton<\/li>\n <li><strong>Fourreau :<\/strong> Comprend un fourreau en bois marron pour un rangement et une exposition en toute s\u00e9curit\u00e9<\/li>\n<\/ul>\n\n<h3><span class=\"ez-toc-section\" id=\"Piece_dExposition_Parfaite\"><\/span>Pi\u00e8ce d&#8217;Exposition Parfaite<span class=\"ez-toc-section-end\"><\/span><\/h3>\n<p>Cette dague m\u00e9di\u00e9vale n'est pas seulement un bel ornement, mais aussi un fantastique objet de collection. Les d\u00e9tails en m\u00e9tal moul\u00e9 sur le manche et le chevalier en laiton d\u00e9taill\u00e9 lui conf\u00e8rent une sensation authentique. Le fourreau en bois marron prot\u00e8ge la lame et facilite son exposition.<\/p>\n\n<h3><span class=\"ez-toc-section\" id=\"Materiau_de_Haute_Qualite\"><\/span>Mat\u00e9riau de Haute Qualit\u00e9<span class=\"ez-toc-section-end\"><\/span><\/h3>\n<p>La lame est en acier inoxydable, ce qui garantit durabilit\u00e9 et long\u00e9vit\u00e9. Cela fait de cette dague un investissement pr\u00e9cieux pour tout collectionneur. Ne manquez pas la chance de poss\u00e9der cette pi\u00e8ce d'exposition unique !<\/p>\n\n<p>Explorez notre s\u00e9lection de <a href=\"https:\/\/jjcustomworks.se\/fr\/magasin\/\">r\u00e9pliques m\u00e9di\u00e9vales authentiques<\/a> et trouvez la correspondance parfaite pour votre collection. Visitez notre <a href=\"https:\/\/jjcustomworks.se\/fr\/categorie-de-produit\/fait-a-la-main\/couteaux-faits-a-la-main\/\">cat\u00e9gorie d&#039;objets de collection<\/a> pour des trouvailles encore plus excitantes. Consultez \u00e9galement notre large gamme de produits sur <a href=\"https:\/\/jjcustomworks.se\/fr\/\">notre site Web<\/a>.<\/p>","protected":false},"excerpt":{"rendered":"<p>Uppt\u00e4ck en vacker medeltida dolk som \u00e4r perfekt som displaypj\u00e4s. Utforska dess unika design och historiska betydelse. K\u00f6p din medeltida dolk idag och ge din inredning en historisk touch.<\/p>","protected":false},"featured_media":58287,"template":"","meta":[],"product_brand":[],"product_cat":[1275],"product_tag":[],"class_list":{"0":"post-58288","1":"product","2":"type-product","3":"status-publish","4":"has-post-thumbnail","6":"product_cat-swords-europe","8":"first","9":"outofstock","10":"sale","11":"taxable","12":"shipping-taxable","13":"purchasable","14":"product-type-simple"},"_links":{"self":[{"href":"https:\/\/jjcustomworks.se\/fr\/wp-json\/wp\/v2\/product\/58288","targetHints":{"allow":["GET"]}}],"collection":[{"href":"https:\/\/jjcustomworks.se\/fr\/wp-json\/wp\/v2\/product"}],"about":[{"href":"https:\/\/jjcustomworks.se\/fr\/wp-json\/wp\/v2\/types\/product"}],"wp:featuredmedia":[{"embeddable":true,"href":"https:\/\/jjcustomworks.se\/fr\/wp-json\/wp\/v2\/media\/58287"}],"wp:attachment":[{"href":"https:\/\/jjcustomworks.se\/fr\/wp-json\/wp\/v2\/media?parent=58288"}],"wp:term":[{"taxonomy":"product_brand","embeddable":true,"href":"https:\/\/jjcustomworks.se\/fr\/wp-json\/wp\/v2\/product_brand?post=58288"},{"taxonomy":"product_cat","embeddable":true,"href":"https:\/\/jjcustomworks.se\/fr\/wp-json\/wp\/v2\/product_cat?post=58288"},{"taxonomy":"product_tag","embeddable":true,"href":"https:\/\/jjcustomworks.se\/fr\/wp-json\/wp\/v2\/product_tag?post=58288"}],"curies":[{"name":"wp","href":"https:\/\/api.w.org\/{rel}","templated":true}]}}