{"id":58282,"date":"2025-03-14T14:38:51","date_gmt":"2025-03-14T13:38:51","guid":{"rendered":"https:\/\/jjcustomworks.se\/product\/ten-ryu-samurai-sword-025\/"},"modified":"2025-11-30T09:13:38","modified_gmt":"2025-11-30T08:13:38","slug":"ten-ryu-sabre-samourai-025","status":"publish","type":"product","link":"https:\/\/jjcustomworks.se\/fr\/produit\/ten-ryu-sabre-samourai-025\/","title":{"rendered":"Ten Ryu Sabre Samoura\u00ef 025 | Katana Exclusif"},"content":{"rendered":"<h1><span class=\"ez-toc-section\" id=\"Ten_Ryu_Sabre_Samourai_025\"><\/span>Ten Ryu Saber Samurai 025<span class=\"ez-toc-section-end\"><\/span><\/h1>\n<h2><span class=\"ez-toc-section\" id=\"Sabre_Samourai_Exclusif_et_Detaille\"><\/span>Sabre Samoura\u00ef Exclusif et D\u00e9taill\u00e9<span class=\"ez-toc-section-end\"><\/span><\/h2>\n<p>Ce sabre samoura\u00ef Ten Ryu exclusif (mod\u00e8le 025) n'est pas seulement impressionnant visuellement, mais aussi incroyablement d\u00e9taill\u00e9. Avec une longueur totale de 41 pouces et une lame en acier carbone de 26 pouces, ce sabre combine esth\u00e9tique et qualit\u00e9. Parfait pour les collectionneurs et les passionn\u00e9s qui appr\u00e9cient l'artisanat et la tradition. D\u00e9couvrez notre <a href=\"https:\/\/jjcustomworks.se\/fr\/magasin\/\">gamme de sabres samoura\u00efs authentiques<\/a> et trouvez le sabre parfait pour votre collection. Explorez \u00e9galement les produits associ\u00e9s dans notre <a href=\"https:\/\/jjcustomworks.se\/fr\/categorie-de-produit\/fait-a-la-main\/couteaux-faits-a-la-main\/\">cat\u00e9gorie d&#039;objets de collection<\/a>.<\/p>\n\n<h3><span class=\"ez-toc-section\" id=\"Specifications_et_Caracteristiques\"><\/span>Sp\u00e9cifications et fonctionnalit\u00e9s<span class=\"ez-toc-section-end\"><\/span><\/h3>\n<ul>\n <li><strong>Longueur totale :<\/strong> 41 pouces (104 cm)<\/li>\n <li><strong>Longueur de la lame :<\/strong> 26 pouces (66 cm)<\/li>\n <li><strong>\u00c9paisseur de la lame :<\/strong> 7 mm<\/li>\n <li><strong>Mat\u00e9riau (Lame) :<\/strong> Acier au carbone<\/li>\n <li><strong>Caract\u00e9ristiques de la lame :<\/strong> Lame avec une gorge de sang (bo-hi)<\/li>\n <li><strong>Manche:<\/strong> Bois naturel<\/li>\n <li><strong>Fourreau :<\/strong> Bois Naturel avec Finition Laqu\u00e9e<\/li>\n <li><strong>Accessoires:<\/strong> Sac de sabre noir inclus<\/li>\n<\/ul>\n\n<h3><span class=\"ez-toc-section\" id=\"Description_Detaillee\"><\/span>Description d\u00e9taill\u00e9e<span class=\"ez-toc-section-end\"><\/span><\/h3>\n<p>La lame du sabre est fabriqu\u00e9e en acier carbone de 7 mm d'\u00e9paisseur, offrant un excellent \u00e9quilibre entre tranchant et durabilit\u00e9. La gorge de sang (bo-hi) le long de la lame contribue non seulement \u00e0 l'esth\u00e9tique, mais r\u00e9duit \u00e9galement le poids et am\u00e9liore l'\u00e9quilibre. Le manche est en bois naturel, offrant une prise en main confortable et s\u00fbre. Le fourreau en bois naturel laqu\u00e9 prot\u00e8ge la lame et compl\u00e8te l'aspect traditionnel du sabre. Le sabre est livr\u00e9 avec un sac de sabre noir pour un rangement et un transport s\u00fbrs. Visitez <a href=\"https:\/\/jjcustomworks.se\/fr\/\">notre page d&#039;accueil<\/a> pour en savoir plus sur nos produits.<\/p>","protected":false},"excerpt":{"rendered":"<p>Ten Ryu Sabre Samoura\u00ef 025 Sabre Samoura\u00ef Exclusif et D\u00e9taill\u00e9 Ce sabre samoura\u00ef Ten Ryu exclusif (mod\u00e8le 025) n&#8217;est pas seulement impressionnant visuellement, mais aussi incroyablement d\u00e9taill\u00e9. Avec une longueur totale de 41 pouces et une lame en acier carbone de 26 pouces, ce sabre combine esth\u00e9tique et qualit\u00e9. Parfait pour les collectionneurs et les [&#8230;]\n","protected":false},"featured_media":58281,"template":"","meta":[],"product_brand":[],"product_cat":[1275],"product_tag":[],"class_list":{"0":"post-58282","1":"product","2":"type-product","3":"status-publish","4":"has-post-thumbnail","6":"product_cat-swords-europe","8":"first","9":"outofstock","10":"sale","11":"taxable","12":"shipping-taxable","13":"purchasable","14":"product-type-simple"},"_links":{"self":[{"href":"https:\/\/jjcustomworks.se\/fr\/wp-json\/wp\/v2\/product\/58282","targetHints":{"allow":["GET"]}}],"collection":[{"href":"https:\/\/jjcustomworks.se\/fr\/wp-json\/wp\/v2\/product"}],"about":[{"href":"https:\/\/jjcustomworks.se\/fr\/wp-json\/wp\/v2\/types\/product"}],"wp:featuredmedia":[{"embeddable":true,"href":"https:\/\/jjcustomworks.se\/fr\/wp-json\/wp\/v2\/media\/58281"}],"wp:attachment":[{"href":"https:\/\/jjcustomworks.se\/fr\/wp-json\/wp\/v2\/media?parent=58282"}],"wp:term":[{"taxonomy":"product_brand","embeddable":true,"href":"https:\/\/jjcustomworks.se\/fr\/wp-json\/wp\/v2\/product_brand?post=58282"},{"taxonomy":"product_cat","embeddable":true,"href":"https:\/\/jjcustomworks.se\/fr\/wp-json\/wp\/v2\/product_cat?post=58282"},{"taxonomy":"product_tag","embeddable":true,"href":"https:\/\/jjcustomworks.se\/fr\/wp-json\/wp\/v2\/product_tag?post=58282"}],"curies":[{"name":"wp","href":"https:\/\/api.w.org\/{rel}","templated":true}]}}