{"id":58280,"date":"2025-03-14T14:38:49","date_gmt":"2025-03-14T13:38:49","guid":{"rendered":"https:\/\/jjcustomworks.se\/product\/ten-ryu-samurai-sword-024-odd-inverted-sword\/"},"modified":"2025-11-08T19:10:40","modified_gmt":"2025-11-08T18:10:40","slug":"ten-ryu-samourai-katana-024-lame-inversee","status":"publish","type":"product","link":"https:\/\/jjcustomworks.se\/fr\/produit\/ten-ryu-samourai-katana-024-lame-inversee\/","title":{"rendered":"Ten Ryu Samoura\u00ef Katana 024 - Lame Invers\u00e9e"},"content":{"rendered":"<h1>Ten Ryu Samoura\u00ef Katana 024 - Lame Invers\u00e9e Unique<\/h1>\n<h2><span class=\"ez-toc-section\" id=\"Katana_Samourai_Exclusif_avec_Lame_Inversee_Distinctive\"><\/span>Katana Samoura\u00ef Exclusif avec Lame Invers\u00e9e Distinctive<span class=\"ez-toc-section-end\"><\/span><\/h2>\n<p>Ce katana samoura\u00ef exclusif de Ten Ryu est une \u0153uvre d'art exceptionnellement belle et d\u00e9taill\u00e9e. Avec sa lame invers\u00e9e unique, il se distingue des autres et ajoute une touche sp\u00e9ciale \u00e0 votre collection. Parfait pour les passionn\u00e9s et les collectionneurs qui appr\u00e9cient la haute qualit\u00e9 et le design exceptionnel. D\u00e9couvrez notre gamme de <a href=\"https:\/\/jjcustomworks.se\/fr\/magasin\/\">katanas de samoura\u00ef authentiques<\/a> et trouvez la pi\u00e8ce parfaite.<\/p>\n\n<h3><span class=\"ez-toc-section\" id=\"Specifications_et_Caracteristiques\"><\/span>Sp\u00e9cifications et fonctionnalit\u00e9s<span class=\"ez-toc-section-end\"><\/span><\/h3>\n<ul>\n <li><strong>Longueur totale :<\/strong> 41 pouces<\/li>\n <li><strong>Boiteux:<\/strong> Lame en acier au carbone de 28,7 pouces et 7 mm d'\u00e9paisseur pour un \u00e9quilibre et une durabilit\u00e9 optimaux. L'acier au carbone garantit que le katana conserve son tranchant et sa r\u00e9sistance au fil du temps.<\/li>\n <li><strong>Type de Lame:<\/strong> Lame invers\u00e9e avec goutti\u00e8re, un design inhabituel qui rend ce katana tr\u00e8s sp\u00e9cial. La goutti\u00e8re contribue non seulement \u00e0 l'apparence du katana, mais aussi \u00e0 sa fonctionnalit\u00e9. Am\u00e9liorez votre collection en visitant notre <a href=\"https:\/\/jjcustomworks.se\/fr\/categorie-de-produit\/fait-a-la-main\/couteaux-faits-a-la-main\/\">cat\u00e9gorie d' accessoires de samoura\u00ef<\/a>.<\/li>\n <li><strong>Manche:<\/strong> Le rev\u00eatement noir autour du manche offre une prise en main confortable et s\u00fbre, vous assurant un contr\u00f4le total du katana.<\/li>\n <li><strong>Tsuba :<\/strong> Fabriqu\u00e9 en alliage de zinc, offrant un d\u00e9tail \u00e9l\u00e9gant et durable.<\/li>\n <li><strong>Accessoires:<\/strong> Un sac de katana et un fourreau noir sont inclus pour un stockage et un transport en toute s\u00e9curit\u00e9.<\/li>\n<\/ul>\n\n<p>Ce katana n'est pas seulement une arme, mais aussi un bel objet d\u00e9coratif qui attirera l'attention. Avec son design unique et ses mat\u00e9riaux de haute qualit\u00e9, c'est un investissement qui sera appr\u00e9ci\u00e9 pendant de nombreuses ann\u00e9es. Ne manquez pas la chance de poss\u00e9der ce <a href=\"https:\/\/jjcustomworks.se\/fr\/\">katana samoura\u00ef<\/a> unique!<\/p>","protected":false},"excerpt":{"rendered":"<p>Ten Ryu Samoura\u00ef Katana 024 &#8211; Lame Invers\u00e9e Unique Katana Samoura\u00ef Exclusif avec Lame Invers\u00e9e Distinctive Ce katana samoura\u00ef exclusif de Ten Ryu est une \u0153uvre d&#8217;art exceptionnellement belle et d\u00e9taill\u00e9e. Avec sa lame invers\u00e9e unique, il se distingue des autres et ajoute une touche sp\u00e9ciale \u00e0 votre collection. Parfait pour les passionn\u00e9s et les [&#8230;]\n","protected":false},"featured_media":58279,"template":"","meta":[],"product_brand":[],"product_cat":[1275],"product_tag":[],"class_list":{"0":"post-58280","1":"product","2":"type-product","3":"status-publish","4":"has-post-thumbnail","6":"product_cat-swords-europe","8":"first","9":"instock","10":"sale","11":"taxable","12":"shipping-taxable","13":"purchasable","14":"product-type-simple"},"_links":{"self":[{"href":"https:\/\/jjcustomworks.se\/fr\/wp-json\/wp\/v2\/product\/58280","targetHints":{"allow":["GET"]}}],"collection":[{"href":"https:\/\/jjcustomworks.se\/fr\/wp-json\/wp\/v2\/product"}],"about":[{"href":"https:\/\/jjcustomworks.se\/fr\/wp-json\/wp\/v2\/types\/product"}],"wp:featuredmedia":[{"embeddable":true,"href":"https:\/\/jjcustomworks.se\/fr\/wp-json\/wp\/v2\/media\/58279"}],"wp:attachment":[{"href":"https:\/\/jjcustomworks.se\/fr\/wp-json\/wp\/v2\/media?parent=58280"}],"wp:term":[{"taxonomy":"product_brand","embeddable":true,"href":"https:\/\/jjcustomworks.se\/fr\/wp-json\/wp\/v2\/product_brand?post=58280"},{"taxonomy":"product_cat","embeddable":true,"href":"https:\/\/jjcustomworks.se\/fr\/wp-json\/wp\/v2\/product_cat?post=58280"},{"taxonomy":"product_tag","embeddable":true,"href":"https:\/\/jjcustomworks.se\/fr\/wp-json\/wp\/v2\/product_tag?post=58280"}],"curies":[{"name":"wp","href":"https:\/\/api.w.org\/{rel}","templated":true}]}}