{"id":58275,"date":"2025-03-14T14:38:46","date_gmt":"2025-03-14T13:38:46","guid":{"rendered":"https:\/\/jjcustomworks.se\/product\/ten-ryu-samurai-sword-034\/"},"modified":"2025-11-08T19:10:48","modified_gmt":"2025-11-08T18:10:48","slug":"ten-ryu-samourai-epee-034","status":"publish","type":"product","link":"https:\/\/jjcustomworks.se\/fr\/produit\/ten-ryu-samourai-epee-034\/","title":{"rendered":"Ten Ryu Samoura\u00ef \u00c9p\u00e9e 034"},"content":{"rendered":"<h1><span class=\"ez-toc-section\" id=\"Ten_Ryu_Samourai_Epee_034\"><\/span>Ten Ryu Samoura\u00ef \u00c9p\u00e9e 034<span class=\"ez-toc-section-end\"><\/span><\/h1>\n<h2><span class=\"ez-toc-section\" id=\"Epee_de_samourai_exclusive_avec_des_details_complexes\"><\/span>\u00c9p\u00e9e de samoura\u00ef exclusive avec des d\u00e9tails complexes<span class=\"ez-toc-section-end\"><\/span><\/h2>\n<p>Cette \u00e9p\u00e9e de samoura\u00ef exclusive de Ten Ryu n'est pas seulement une arme, mais une \u0153uvre d'art incroyablement belle et d\u00e9taill\u00e9e. Avec son design impressionnant et ses mat\u00e9riaux de haute qualit\u00e9, cette \u00e9p\u00e9e est parfaite pour les collectionneurs et les passionn\u00e9s.<\/p>\n\n<h3><span class=\"ez-toc-section\" id=\"Specifications\"><\/span>Caract\u00e9ristiques:<span class=\"ez-toc-section-end\"><\/span><\/h3>\n<ul>\n <li>Longueur totale: 39 pouces<\/li>\n <li>Longueur de la lame: 27 pouces<\/li>\n <li>\u00c9paisseur de la lame: 5,5 mm<\/li>\n <li>Mat\u00e9riau: Acier au carbone 1045<\/li>\n <li>Finition: Finition satin\u00e9e avec gorge<\/li>\n <li>Manche: 9,5 pouces, bois noir<\/li>\n <li>Fourreau: Bois noir<\/li>\n<\/ul>\n\n<p>La lame de l'\u00e9p\u00e9e est en acier au carbone 1045, ce qui garantit une r\u00e9sistance et un tranchant \u00e9lev\u00e9s. La finition satin\u00e9e \u00e9l\u00e9gante et la gorge donnent \u00e0 la lame un aspect distinctif. Le manche est en bois noir et offre une prise en main confortable et s\u00fbre. Le fourreau en bois noir inclus prot\u00e8ge l'\u00e9p\u00e9e lorsqu'elle n'est pas utilis\u00e9e.<\/p>\n\n<p>Pour plus d'informations sur nos authentiques \u00e9p\u00e9es japonaises, visitez notre <a href=\"https:\/\/jjcustomworks.se\/fr\/magasin\/\">collection d&#039;\u00e9p\u00e9es de samoura\u00ef<\/a>. Ne manquez pas nos autres <a href=\"https:\/\/jjcustomworks.se\/fr\/categorie-de-produit\/fait-a-la-main\/couteaux-faits-a-la-main\/\">armes japonaises<\/a>. D\u00e9couvrez-en davantage sur <a href=\"https:\/\/jjcustomworks.se\/fr\/\">notre page d&#039;accueil<\/a>.<\/p>","protected":false},"excerpt":{"rendered":"<p>Ten Ryu Samoura\u00ef \u00c9p\u00e9e 034 \u00c9p\u00e9e de samoura\u00ef exclusive avec des d\u00e9tails complexes Cette \u00e9p\u00e9e de samoura\u00ef exclusive de Ten Ryu n&#8217;est pas seulement une arme, mais une \u0153uvre d&#8217;art incroyablement belle et d\u00e9taill\u00e9e. Avec son design impressionnant et ses mat\u00e9riaux de haute qualit\u00e9, cette \u00e9p\u00e9e est parfaite pour les collectionneurs et les passionn\u00e9s. Sp\u00e9cifications: [&#8230;]\n","protected":false},"featured_media":58274,"template":"","meta":[],"product_brand":[],"product_cat":[1275],"product_tag":[],"class_list":{"0":"post-58275","1":"product","2":"type-product","3":"status-publish","4":"has-post-thumbnail","6":"product_cat-swords-europe","8":"first","9":"outofstock","10":"sale","11":"taxable","12":"shipping-taxable","13":"purchasable","14":"product-type-simple"},"_links":{"self":[{"href":"https:\/\/jjcustomworks.se\/fr\/wp-json\/wp\/v2\/product\/58275","targetHints":{"allow":["GET"]}}],"collection":[{"href":"https:\/\/jjcustomworks.se\/fr\/wp-json\/wp\/v2\/product"}],"about":[{"href":"https:\/\/jjcustomworks.se\/fr\/wp-json\/wp\/v2\/types\/product"}],"wp:featuredmedia":[{"embeddable":true,"href":"https:\/\/jjcustomworks.se\/fr\/wp-json\/wp\/v2\/media\/58274"}],"wp:attachment":[{"href":"https:\/\/jjcustomworks.se\/fr\/wp-json\/wp\/v2\/media?parent=58275"}],"wp:term":[{"taxonomy":"product_brand","embeddable":true,"href":"https:\/\/jjcustomworks.se\/fr\/wp-json\/wp\/v2\/product_brand?post=58275"},{"taxonomy":"product_cat","embeddable":true,"href":"https:\/\/jjcustomworks.se\/fr\/wp-json\/wp\/v2\/product_cat?post=58275"},{"taxonomy":"product_tag","embeddable":true,"href":"https:\/\/jjcustomworks.se\/fr\/wp-json\/wp\/v2\/product_tag?post=58275"}],"curies":[{"name":"wp","href":"https:\/\/api.w.org\/{rel}","templated":true}]}}