{"id":58272,"date":"2025-03-14T14:38:44","date_gmt":"2025-03-14T13:38:44","guid":{"rendered":"https:\/\/jjcustomworks.se\/product\/fantasy-master-053-double-sword\/"},"modified":"2025-11-08T18:29:56","modified_gmt":"2025-11-08T17:29:56","slug":"fantasy-master-epee-double-053","status":"publish","type":"product","link":"https:\/\/jjcustomworks.se\/fr\/produit\/fantasy-master-epee-double-053\/","title":{"rendered":"\u00c9p\u00e9e double Fantasy Master - 053"},"content":{"rendered":"<h1>Fantasy Master - 053 - Double \u00c9p\u00e9e<\/h1>\n<h2><span class=\"ez-toc-section\" id=\"Fantastique_Epee_Double_de_Fantasy_Master\"><\/span>Fantastique \u00c9p\u00e9e Double de Fantasy Master<span class=\"ez-toc-section-end\"><\/span><\/h2>\n<p>Cette \u00e9p\u00e9e double imaginative de Fantasy Master combine style et fonctionnalit\u00e9. Parfaite pour les collectionneurs et les passionn\u00e9s \u00e0 la recherche d'un ajout unique \u00e0 leur arsenal. Avec un design impressionnant et une construction robuste, cette \u00e9p\u00e9e est pr\u00eate pour l'aventure. D\u00e9couvrez notre gamme d'<a href=\"https:\/\/jjcustomworks.se\/fr\/magasin\/\">\u00e9p\u00e9es Fantasy Master similaires<\/a> et trouvez le compl\u00e9ment parfait \u00e0 votre collection.<\/p>\n\n<h3><span class=\"ez-toc-section\" id=\"Specifications\"><\/span>Caract\u00e9ristiques<span class=\"ez-toc-section-end\"><\/span><\/h3>\n<ul>\n <li><strong>Longueur totale :<\/strong> 27.75 pouces<\/li>\n <li><strong>Longueur de la lame :<\/strong> 13.75 pouces<\/li>\n <li><strong>\u00c9paisseur de la lame :<\/strong> 4 mm<\/li>\n <li><strong>Mat\u00e9riel:<\/strong> Acier inoxydable<\/li>\n <li><strong>Couleur:<\/strong> Bicolore Argent & Noir avec Finition Argent\u00e9e sous la Ligne de Meulage<\/li>\n <li><strong>Manche:<\/strong> Fibre de Nylon Noire avec Enroulement de Paracorde 550 Noire<\/li>\n <li><strong>Fourreau :<\/strong> Comprend un Fourreau en Nylon 600D (2 Pi\u00e8ces Pouvant \u00catre Connect\u00e9es en 1)<\/li>\n<\/ul>\n\n<h3><span class=\"ez-toc-section\" id=\"Caracteristiques_et_Avantages\"><\/span>Caract\u00e9ristiques et avantages<span class=\"ez-toc-section-end\"><\/span><\/h3>\n<p>L'\u00e9p\u00e9e double Fantasy Master offre une durabilit\u00e9 exceptionnelle gr\u00e2ce \u00e0 l'acier inoxydable de haute qualit\u00e9 de la lame. La finition bicolore argent et noir conf\u00e8re \u00e0 l'\u00e9p\u00e9e un aspect \u00e9l\u00e9gant et imaginatif. Le manche est en fibre de nylon noire avec un enroulement de paracorde 550 noire, offrant une prise en main s\u00fbre et confortable. Le transport et le stockage sont facilit\u00e9s gr\u00e2ce au fourreau en nylon 600D inclus. Pour plus d'informations sur nos produits, visitez notre <a href=\"https:\/\/jjcustomworks.se\/fr\/categorie-de-produit\/fait-a-la-main\/couteaux-faits-a-la-main\/\">cat\u00e9gorie Fantasy Master<\/a> Oh <a href=\"https:\/\/jjcustomworks.se\/fr\/\">notre page d&#039;accueil<\/a>.<\/p>","protected":false},"excerpt":{"rendered":"<p>Fantasy Master &#8211; 053 &#8211; \u00c9p\u00e9e Double Fantastique \u00c9p\u00e9e Double de Fantasy Master Cette \u00e9p\u00e9e double imaginative de Fantasy Master combine style et fonctionnalit\u00e9. Parfaite pour les collectionneurs et les passionn\u00e9s \u00e0 la recherche d&#8217;un ajout unique \u00e0 leur arsenal. Avec un design impressionnant et une construction robuste, cette \u00e9p\u00e9e est pr\u00eate pour l&#8217;aventure. D\u00e9couvrez [&#8230;]\n","protected":false},"featured_media":58270,"template":"","meta":[],"product_brand":[],"product_cat":[1275],"product_tag":[],"class_list":{"0":"post-58272","1":"product","2":"type-product","3":"status-publish","4":"has-post-thumbnail","6":"product_cat-swords-europe","8":"first","9":"instock","10":"sale","11":"taxable","12":"shipping-taxable","13":"purchasable","14":"product-type-simple"},"_links":{"self":[{"href":"https:\/\/jjcustomworks.se\/fr\/wp-json\/wp\/v2\/product\/58272","targetHints":{"allow":["GET"]}}],"collection":[{"href":"https:\/\/jjcustomworks.se\/fr\/wp-json\/wp\/v2\/product"}],"about":[{"href":"https:\/\/jjcustomworks.se\/fr\/wp-json\/wp\/v2\/types\/product"}],"wp:featuredmedia":[{"embeddable":true,"href":"https:\/\/jjcustomworks.se\/fr\/wp-json\/wp\/v2\/media\/58270"}],"wp:attachment":[{"href":"https:\/\/jjcustomworks.se\/fr\/wp-json\/wp\/v2\/media?parent=58272"}],"wp:term":[{"taxonomy":"product_brand","embeddable":true,"href":"https:\/\/jjcustomworks.se\/fr\/wp-json\/wp\/v2\/product_brand?post=58272"},{"taxonomy":"product_cat","embeddable":true,"href":"https:\/\/jjcustomworks.se\/fr\/wp-json\/wp\/v2\/product_cat?post=58272"},{"taxonomy":"product_tag","embeddable":true,"href":"https:\/\/jjcustomworks.se\/fr\/wp-json\/wp\/v2\/product_tag?post=58272"}],"curies":[{"name":"wp","href":"https:\/\/api.w.org\/{rel}","templated":true}]}}