{"id":58238,"date":"2025-03-14T14:37:54","date_gmt":"2025-03-14T13:37:54","guid":{"rendered":"https:\/\/jjcustomworks.se\/product\/cold-steel-jack-dagger-thrower\/"},"modified":"2026-01-28T15:03:32","modified_gmt":"2026-01-28T14:03:32","slug":"couteau-de-lancer-cold-steel-jack-dagger","status":"publish","type":"product","link":"https:\/\/jjcustomworks.se\/fr\/produit\/couteau-de-lancer-cold-steel-jack-dagger\/","title":{"rendered":"Couteau de lancer Cold Steel Jack Dagger | Qualit\u00e9"},"content":{"rendered":"<h1><span class=\"ez-toc-section\" id=\"Couteau_de_Lancer_Cold_Steel_Jack_Dagger\"><\/span>Couteau Lancer Cold Steel Jack Dagger<span class=\"ez-toc-section-end\"><\/span><\/h1>\n<h2><span class=\"ez-toc-section\" id=\"Inspiration_dun_Lanceur_de_Couteaux_Legendaire\"><\/span>Inspiration d&#8217;un Lanceur de Couteaux L\u00e9gendaire<span class=\"ez-toc-section-end\"><\/span><\/h2>\n<p>Le couteau de lancer Cold Steel Jack Dagger est inspir\u00e9 par le lanceur de couteaux de renomm\u00e9e mondiale Jack Dagger, connu sous le nom de \"King of Fling\". Con\u00e7u selon ses sp\u00e9cifications exactes, ce couteau est id\u00e9al pour les lanceurs de couteaux professionnels et amateurs. D\u00e9couvrez la pr\u00e9cision et la puissance \u00e0 chaque lancer avec ce couteau unique. Ne manquez pas l'occasion de poss\u00e9der un morceau de la l\u00e9gende du lancer de couteaux. Explorez notre gamme de <a href=\"https:\/\/jjcustomworks.se\/fr\/magasin\/\">couteaux de lancer de haute qualit\u00e9<\/a> pour trouver le compl\u00e9ment parfait \u00e0 votre collection. Pour plus d&#039;informations sur nos produits, visitez notre <a href=\"https:\/\/jjcustomworks.se\/fr\/categorie-de-produit\/fait-a-la-main\/couteaux-faits-a-la-main\/\">cat\u00e9gorie de couteaux de lancer<\/a> ou notre <a href=\"https:\/\/jjcustomworks.se\/fr\/\">page d&#039;accueil<\/a>.<\/p>\n<h3><span class=\"ez-toc-section\" id=\"Equilibre_et_Conception_Parfaits\"><\/span>\u00c9quilibre et Conception Parfaits<span class=\"ez-toc-section-end\"><\/span><\/h3>\n<p>Ce couteau de lancer est fabriqu\u00e9 \u00e0 partir d'une seule pi\u00e8ce d'acier au carbone 1055, assurant une durabilit\u00e9 et un \u00e9quilibre exceptionnels. La large pointe clip \"style bowie\" le rend parfait pour les comp\u00e9titions et l'utilisation professionnelle. De plus, le bord simple aiguis\u00e9 fonctionne parfaitement comme outil pratique et couteau de camping, offrant une polyvalence dans toutes les situations.<\/p>\n<ul>\n<li>Tranchant: Lisse<\/li>\n<li>Profil de la Lame: Clip Point<\/li>\n<li>Longueur de la Lame: 7,5\" (19,1 cm)<\/li>\n<li>Mat\u00e9riau Avanc\u00e9 de la Lame: Acier Moyen Carbone 1055<\/li>\n<li>Aff\u00fbtage de la Lame: Plat<\/li>\n<li>\u00c9paisseur de la Lame: 5 mm (0,20\")<\/li>\n<li>Longueur du Manche: 6,5\" (16,5 cm)<\/li>\n<li>Mat\u00e9riau du Manche: Acier au carbone 1055<\/li>\n<li>Longueur Totale: 14\" (35,6 cm)<\/li>\n<li>\u00c9tui Inclus: Aucun<\/li>\n<li>Poids: 14,4oz (408,2 grammes)<\/li>\n<\/ul>\n<h3><span class=\"ez-toc-section\" id=\"Securite_et_Utilisation\"><\/span>S\u00e9curit\u00e9 et Utilisation<span class=\"ez-toc-section-end\"><\/span><\/h3>\n<p>Le lancer de couteaux est une activit\u00e9 amusante et passionnante pour toute la famille, mais il est important de se souvenir de la s\u00e9curit\u00e9. Ce couteau de lancer n'est pas un jouet et doit \u00eatre manipul\u00e9 sous la surveillance d'un adulte. Soyez toujours prudent et ne lancez jamais en direction de personnes ou d'animaux. Assurez-vous qu'il n'y ait pas d'objets fragiles pr\u00e8s de la cible pour \u00e9viter les accidents.<\/p>\n<p>N'utilisez le couteau que contre des cibles appropri\u00e9es. Les petits couteaux de lancer peuvent \u00eatre utilis\u00e9s contre des cibles de fl\u00e9chettes, tandis que les couteaux plus grands et plus lourds n\u00e9cessitent une structure en bois plus robuste. Gardez \u00e0 l'esprit que l'acier peut rebondir sur des surfaces dures, alors soyez extr\u00eamement prudent.<\/p>","protected":false},"excerpt":{"rendered":"<p>Hitta det b\u00e4sta COLD STEEL Jack Dagger Thrower till b\u00e4sta pris online. V\u00e5ra recensioner och j\u00e4mf\u00f6relser kommer att hj\u00e4lpa dig att hitta den perfekta knivkastaren f\u00f6r dina behov. K\u00f6p nu och bli en expert p\u00e5 knivkastning!<\/p>","protected":false},"featured_media":58234,"template":"","meta":[],"product_brand":[],"product_cat":[908],"product_tag":[],"class_list":{"0":"post-58238","1":"product","2":"type-product","3":"status-publish","4":"has-post-thumbnail","6":"product_cat-kastkniv","8":"first","9":"instock","10":"sale","11":"taxable","12":"shipping-taxable","13":"purchasable","14":"product-type-simple"},"_links":{"self":[{"href":"https:\/\/jjcustomworks.se\/fr\/wp-json\/wp\/v2\/product\/58238","targetHints":{"allow":["GET"]}}],"collection":[{"href":"https:\/\/jjcustomworks.se\/fr\/wp-json\/wp\/v2\/product"}],"about":[{"href":"https:\/\/jjcustomworks.se\/fr\/wp-json\/wp\/v2\/types\/product"}],"wp:featuredmedia":[{"embeddable":true,"href":"https:\/\/jjcustomworks.se\/fr\/wp-json\/wp\/v2\/media\/58234"}],"wp:attachment":[{"href":"https:\/\/jjcustomworks.se\/fr\/wp-json\/wp\/v2\/media?parent=58238"}],"wp:term":[{"taxonomy":"product_brand","embeddable":true,"href":"https:\/\/jjcustomworks.se\/fr\/wp-json\/wp\/v2\/product_brand?post=58238"},{"taxonomy":"product_cat","embeddable":true,"href":"https:\/\/jjcustomworks.se\/fr\/wp-json\/wp\/v2\/product_cat?post=58238"},{"taxonomy":"product_tag","embeddable":true,"href":"https:\/\/jjcustomworks.se\/fr\/wp-json\/wp\/v2\/product_tag?post=58238"}],"curies":[{"name":"wp","href":"https:\/\/api.w.org\/{rel}","templated":true}]}}