{"id":58231,"date":"2025-03-14T14:37:46","date_gmt":"2025-03-14T13:37:46","guid":{"rendered":"https:\/\/jjcustomworks.se\/product\/cold-steel-la-fontaine-throwing-knife\/"},"modified":"2025-10-16T22:45:35","modified_gmt":"2025-10-16T20:45:35","slug":"couteau-de-lancer-cold-steel-la-fontaine-carbone","status":"publish","type":"product","link":"https:\/\/jjcustomworks.se\/fr\/produit\/couteau-de-lancer-cold-steel-la-fontaine-carbone\/","title":{"rendered":"Couteau de lancer Cold Steel La Fontaine | Carbone"},"content":{"rendered":"<h1>Couteau de Lancer Cold Steel La Fontaine - Con\u00e7u par Luke LaFontaine<\/h1>\n<h2><span class=\"ez-toc-section\" id=\"Couteau_Polyvalent_pour_Lancer_et_Couper\"><\/span>Couteau Polyvalent pour Lancer et Couper<span class=\"ez-toc-section-end\"><\/span><\/h2>\n<p>Le couteau de lancer Cold Steel La Fontaine est con\u00e7u par Luke LaFontaine, membre de l'\u00e9quipe Cold Steel et expert en arts martiaux japonais, en escrime occidentale et en armement historique. Ce couteau polyvalent combine un design historique avec une fonctionnalit\u00e9 pour le lancer et la coupe. Avec sa forme incurv\u00e9e distinctive, son large ventre et son tranchant ac\u00e9r\u00e9, le La Fontaine Thrower est id\u00e9al pour ceux qui recherchent un couteau pouvant servir \u00e0 plus que simplement lancer.<\/p>\n<h3><span class=\"ez-toc-section\" id=\"Caracteristiques_et_Avantages\"><\/span>Caract\u00e9ristiques et avantages<span class=\"ez-toc-section-end\"><\/span><\/h3>\n<ul>\n <li><b>Garde de doigt int\u00e9gr\u00e9e :<\/b> Emp\u00eache votre main de glisser sur la lame tranchante.<\/li>\n <li><b>Manche Effil\u00e9 :<\/b> Con\u00e7u pour une prise en main s\u00fbre et facile lors du lancer.<\/li>\n <li><b>Versatilit\u00e9:<\/b> Peut \u00eatre utilis\u00e9 \u00e0 la fois comme couteau de lancer et comme outil de coupe.<\/li>\n <li><b>Mat\u00e9riau de haute qualit\u00e9 :<\/b> Fabriqu\u00e9 en acier \u00e0 haute teneur en carbone 1050 pour une durabilit\u00e9 et une r\u00e9sistance accrues.<\/li>\n<\/ul>\n<p>Le La Fontaine Thrower n'est pas seulement un outil, mais aussi un hommage \u00e0 l'armement historique, ce qui en fait un excellent choix pour les collectionneurs et les passionn\u00e9s. Il peut \u00eatre utilis\u00e9 pour le lancer de pr\u00e9cision ou comme couteau fiable dans diverses situations. Manipulez toujours les couteaux de lancer avec soin et sous la surveillance d'un adulte. D\u00e9couvrez notre s\u00e9lection d'<a href=\"https:\/\/jjcustomworks.se\/fr\/magasin\/\">autres couteaux Cold Steel<\/a> de Cold Steel. Parcourez \u00e9galement nos <a href=\"https:\/\/jjcustomworks.se\/fr\/categorie-de-produit\/fait-a-la-main\/couteaux-faits-a-la-main\/\">couteaux de lancer<\/a> et visitez <a href=\"https:\/\/jjcustomworks.se\/fr\/\">notre page d&#039;accueil<\/a> pour plus de produits.<\/p>\n<h3><span class=\"ez-toc-section\" id=\"Specifications\"><\/span>Caract\u00e9ristiques<span class=\"ez-toc-section-end\"><\/span><\/h3>\n<ul>\n <li>Poids : 520 g<\/li>\n <li>\u00c9paisseur : 5 mm<\/li>\n <li>Mat\u00e9riau : Acier \u00e0 haute teneur en carbone 1050<\/li>\n <li>Longueur de la lame : 20,5 cm<\/li>\n <li>Longueur des manches : 16 cm<\/li>\n <li>Longueur totale : 36 cm<\/li>\n<\/ul>","protected":false},"excerpt":{"rendered":"<p>Couteau de Lancer Cold Steel La Fontaine &#8211; Con\u00e7u par Luke LaFontaine Couteau Polyvalent pour Lancer et Couper Le couteau de lancer Cold Steel La Fontaine est con\u00e7u par Luke LaFontaine, membre de l&#8217;\u00e9quipe Cold Steel et expert en arts martiaux japonais, en escrime occidentale et en armement historique. Ce couteau polyvalent combine un design [&#8230;]\n","protected":false},"featured_media":58230,"template":"","meta":[],"product_brand":[],"product_cat":[908],"product_tag":[],"class_list":{"0":"post-58231","1":"product","2":"type-product","3":"status-publish","4":"has-post-thumbnail","6":"product_cat-kastkniv","8":"first","9":"outofstock","10":"sale","11":"taxable","12":"shipping-taxable","13":"purchasable","14":"product-type-simple"},"_links":{"self":[{"href":"https:\/\/jjcustomworks.se\/fr\/wp-json\/wp\/v2\/product\/58231","targetHints":{"allow":["GET"]}}],"collection":[{"href":"https:\/\/jjcustomworks.se\/fr\/wp-json\/wp\/v2\/product"}],"about":[{"href":"https:\/\/jjcustomworks.se\/fr\/wp-json\/wp\/v2\/types\/product"}],"wp:featuredmedia":[{"embeddable":true,"href":"https:\/\/jjcustomworks.se\/fr\/wp-json\/wp\/v2\/media\/58230"}],"wp:attachment":[{"href":"https:\/\/jjcustomworks.se\/fr\/wp-json\/wp\/v2\/media?parent=58231"}],"wp:term":[{"taxonomy":"product_brand","embeddable":true,"href":"https:\/\/jjcustomworks.se\/fr\/wp-json\/wp\/v2\/product_brand?post=58231"},{"taxonomy":"product_cat","embeddable":true,"href":"https:\/\/jjcustomworks.se\/fr\/wp-json\/wp\/v2\/product_cat?post=58231"},{"taxonomy":"product_tag","embeddable":true,"href":"https:\/\/jjcustomworks.se\/fr\/wp-json\/wp\/v2\/product_tag?post=58231"}],"curies":[{"name":"wp","href":"https:\/\/api.w.org\/{rel}","templated":true}]}}