{"id":58225,"date":"2025-03-14T14:37:31","date_gmt":"2025-03-14T13:37:31","guid":{"rendered":"https:\/\/jjcustomworks.se\/product\/z-hunter-075-3-set-of-3-throwing-knives\/"},"modified":"2026-03-14T11:59:41","modified_gmt":"2026-03-14T10:59:41","slug":"z-hunter-jeu-de-couteaux-de-lancer-3-pieces","status":"publish","type":"product","link":"https:\/\/jjcustomworks.se\/fr\/produit\/z-hunter-jeu-de-couteaux-de-lancer-3-pieces\/","title":{"rendered":"Z-Hunter Jeu de Couteaux de Lancer - 3 Pi\u00e8ces | Z-Hunter"},"content":{"rendered":"<h1>Z-HUNTER - Jeu de 3 Couteaux de Lancer<\/h1>\n<h2><span class=\"ez-toc-section\" id=\"Ensemble_parfait_pour_les_debutants_et_les_lanceurs_experimentes\"><\/span>Ensemble parfait pour les d\u00e9butants et les lanceurs exp\u00e9riment\u00e9s<span class=\"ez-toc-section-end\"><\/span><\/h2>\n<p>Cet ensemble Z-HUNTER comprend 3 couteaux de lancer, id\u00e9aux pour les d\u00e9butants et les lanceurs de couteaux exp\u00e9riment\u00e9s. Avec une longueur totale de 7,5 pouces et une lame en acier inoxydable de 2,5 mm d'\u00e9paisseur, ces couteaux offrent un bon \u00e9quilibre et une bonne durabilit\u00e9. La lame noire et la reliure verte autour du manche offrent un aspect distinctif. L'ensemble comprend \u00e9galement un \u00e9tui en nylon pratique pour un rangement et un transport en toute s\u00e9curit\u00e9.<\/p>\n<h3><span class=\"ez-toc-section\" id=\"Specifications\"><\/span>Caract\u00e9ristiques:<span class=\"ez-toc-section-end\"><\/span><\/h3>\n<ul>\n <li>Longueur totale\u00a0: 7,5\u00a0pouces<\/li>\n <li>\u00c9paisseur de la lame\u00a0: 2,5\u00a0mm<\/li>\n <li>Mat\u00e9riau de la lame : acier inoxydable<\/li>\n <li>Couleur de la lame\u00a0: Noir<\/li>\n <li>Reliure du manche\u00a0: Vert<\/li>\n <li>\u00c9tui\u00a0: \u00c9tui en nylon inclus<\/li>\n<\/ul>\n<p>Le lancer de couteaux est un art et un sport qui peuvent divertir toute la famille. Il est relativement facile \u00e0 apprendre avec un peu de patience. Gardez \u00e0 l'esprit que ces couteaux de lancer ne sont pas des jouets et doivent \u00eatre manipul\u00e9s sous la surveillance d'un adulte. Une limite d'\u00e2ge de 18 ans s'applique \u00e0 l'achat. Veillez \u00e0 ne jamais lancer en direction de personnes ou d'animaux et assurez-vous qu'il n'y a pas d'objets fragiles \u00e0 proximit\u00e9 de la cible. Ces couteaux sont uniquement destin\u00e9s \u00e0 \u00eatre lanc\u00e9s sur des cibles appropri\u00e9es.<\/p>\n<h3><span class=\"ez-toc-section\" id=\"Choisir_la_bonne_cible\"><\/span>Choisir la bonne cible<span class=\"ez-toc-section-end\"><\/span><\/h3>\n<p>Les petits couteaux de lancer de moins de 10\u00a0pouces qui ne p\u00e8sent pas beaucoup peuvent \u00eatre lanc\u00e9s sur des cibles de fl\u00e9chettes ordinaires. Pour les couteaux de comp\u00e9tition plus grands et plus lourds, une cible en bois est recommand\u00e9e. Plusieurs couches de carton peuvent \u00e9galement servir de bonne cible. N'oubliez pas que l'acier rebondit sur les surfaces dures. Explorez notre <a href=\"https:\/\/jjcustomworks.se\/fr\/categorie-de-produit\/fait-a-la-main\/couteaux-faits-a-la-main\/\">s\u00e9lection de couteaux de lancer<\/a> pour trouver d'autres options. Visitez <a href=\"https:\/\/jjcustomworks.se\/fr\/\">notre site Web<\/a> pour voir toute notre gamme de produits. Nous proposons \u00e9galement d'autres <a href=\"https:\/\/jjcustomworks.se\/fr\/magasin\/\">couteaux similaires<\/a> qui pourraient vous plaire.<\/p>","protected":false},"excerpt":{"rendered":"<p>K\u00f6p Z-HUNTER 075-3 set med 3 kastknivar online. Perfekt f\u00f6r j\u00e4gare och utomhusentusiaster. H\u00f6gkvalitativa och slitstarka knivar f\u00f6r precision och s\u00e4kerhet. Best\u00e4ll idag och f\u00e5 snabb leverans.<\/p>","protected":false},"featured_media":58224,"template":"","meta":[],"product_brand":[],"product_cat":[908],"product_tag":[],"class_list":{"0":"post-58225","1":"product","2":"type-product","3":"status-publish","4":"has-post-thumbnail","6":"product_cat-kastkniv","8":"first","9":"outofstock","10":"sale","11":"taxable","12":"shipping-taxable","13":"purchasable","14":"product-type-simple"},"_links":{"self":[{"href":"https:\/\/jjcustomworks.se\/fr\/wp-json\/wp\/v2\/product\/58225","targetHints":{"allow":["GET"]}}],"collection":[{"href":"https:\/\/jjcustomworks.se\/fr\/wp-json\/wp\/v2\/product"}],"about":[{"href":"https:\/\/jjcustomworks.se\/fr\/wp-json\/wp\/v2\/types\/product"}],"wp:featuredmedia":[{"embeddable":true,"href":"https:\/\/jjcustomworks.se\/fr\/wp-json\/wp\/v2\/media\/58224"}],"wp:attachment":[{"href":"https:\/\/jjcustomworks.se\/fr\/wp-json\/wp\/v2\/media?parent=58225"}],"wp:term":[{"taxonomy":"product_brand","embeddable":true,"href":"https:\/\/jjcustomworks.se\/fr\/wp-json\/wp\/v2\/product_brand?post=58225"},{"taxonomy":"product_cat","embeddable":true,"href":"https:\/\/jjcustomworks.se\/fr\/wp-json\/wp\/v2\/product_cat?post=58225"},{"taxonomy":"product_tag","embeddable":true,"href":"https:\/\/jjcustomworks.se\/fr\/wp-json\/wp\/v2\/product_tag?post=58225"}],"curies":[{"name":"wp","href":"https:\/\/api.w.org\/{rel}","templated":true}]}}