{"id":58221,"date":"2025-03-14T14:37:26","date_gmt":"2025-03-14T13:37:26","guid":{"rendered":"https:\/\/jjcustomworks.se\/product\/fantasy-master-644drb-sword-2-knives\/"},"modified":"2026-04-06T11:57:37","modified_gmt":"2026-04-06T09:57:37","slug":"fantasy-master-epee-avec-2-couteaux-644drb","status":"publish","type":"product","link":"https:\/\/jjcustomworks.se\/fr\/produit\/fantasy-master-epee-avec-2-couteaux-644drb\/","title":{"rendered":"Fantasy Master \u00c9p\u00e9e avec 2 Couteaux | 644drb"},"content":{"rendered":"<h1>Fantasy Master - 644drb - \u00c9p\u00e9e + 2 Couteaux<\/h1>\n<h2><span class=\"ez-toc-section\" id=\"Ensemble_depee_imaginatif_de_Fantasy_Master\"><\/span>Ensemble d&#8217;\u00e9p\u00e9e imaginatif de Fantasy Master<span class=\"ez-toc-section-end\"><\/span><\/h2>\n<p>Cet ensemble d'\u00e9p\u00e9e imaginatif de Fantasy Master, mod\u00e8le 644drb, comprend une \u00e9p\u00e9e impressionnante et deux couteaux. L'ensemble est parfait pour les collectionneurs et les passionn\u00e9s qui appr\u00e9cient les designs uniques et accrocheurs.<\/p>\n<h3><span class=\"ez-toc-section\" id=\"Specifications_du_produit\"><\/span>Sp\u00e9cifications du produit :<span class=\"ez-toc-section-end\"><\/span><\/h3>\n<ul>\n <li>Longueur totale : 28 pouces (environ 71 cm)<\/li>\n <li>Mat\u00e9riau de la lame : Acier inoxydable<\/li>\n <li>Couleur de la lame : Arc-en-ciel<\/li>\n <li>Manche : Acier inoxydable pleine soie envelopp\u00e9 de cordon noir<\/li>\n <li>Comprend : 2 couteaux de lancer de 6 pouces<\/li>\n <li>Gaine : Nylon<\/li>\n<\/ul>\n<p>L'\u00e9p\u00e9e a une longueur totale de 28 pouces et une lame de couleur arc-en-ciel en acier inoxydable. Le manche est envelopp\u00e9 de cordon noir et fabriqu\u00e9 en acier inoxydable pleine soie, offrant une prise s\u00fbre et confortable. Deux couteaux de lancer de 6 pouces sont inclus pour compl\u00e9ter l'ensemble. Le tout est rang\u00e9 en toute s\u00e9curit\u00e9 dans la gaine en nylon incluse.<\/p>\n<p>Cet ensemble est non seulement visuellement attrayant, mais aussi fonctionnel. L'acier inoxydable garantit durabilit\u00e9 et long\u00e9vit\u00e9. La lame arc-en-ciel fait de l'\u00e9p\u00e9e un objet de collection unique.<\/p>\n<p>Obtenez votre ensemble d'\u00e9p\u00e9e Fantasy Master d\u00e8s aujourd'hui et ajoutez une touche de fantaisie \u00e0 votre collection ! Explorez notre large s\u00e9lection de <a href=\"https:\/\/jjcustomworks.se\/fr\/magasin\/\">Produits authentiques Fantasy Master<\/a> pour trouver d'autres articles incroyables. D\u00e9couvrez \u00e9galement nos autres <a href=\"https:\/\/jjcustomworks.se\/fr\/categorie-de-produit\/fait-a-la-main\/couteaux-faits-a-la-main\/\">\u00e9p\u00e9es et couteaux<\/a> de la collection. Visitez notre <a href=\"https:\/\/jjcustomworks.se\/fr\/\">page d&#039;accueil<\/a> pour en savoir plus !<\/p>","protected":false},"excerpt":{"rendered":"<p>Fantasy Master &#8211; 644drb &#8211; sv\u00e4rd + 2 knivar f\u00f6r den ultimata fantasy-upplevelsen. Utforska v\u00e5rt sortiment av h\u00f6gkvalitativa sv\u00e4rd och knivar fr\u00e5n Fantasy Master f\u00f6r att tillfredsst\u00e4lla dina fantasier. K\u00f6p nu och upplev \u00e4ventyret!<\/p>","protected":false},"featured_media":58220,"template":"","meta":[],"product_brand":[],"product_cat":[1275],"product_tag":[],"class_list":{"0":"post-58221","1":"product","2":"type-product","3":"status-publish","4":"has-post-thumbnail","6":"product_cat-swords-europe","8":"first","9":"instock","10":"sale","11":"taxable","12":"shipping-taxable","13":"purchasable","14":"product-type-simple"},"_links":{"self":[{"href":"https:\/\/jjcustomworks.se\/fr\/wp-json\/wp\/v2\/product\/58221","targetHints":{"allow":["GET"]}}],"collection":[{"href":"https:\/\/jjcustomworks.se\/fr\/wp-json\/wp\/v2\/product"}],"about":[{"href":"https:\/\/jjcustomworks.se\/fr\/wp-json\/wp\/v2\/types\/product"}],"wp:featuredmedia":[{"embeddable":true,"href":"https:\/\/jjcustomworks.se\/fr\/wp-json\/wp\/v2\/media\/58220"}],"wp:attachment":[{"href":"https:\/\/jjcustomworks.se\/fr\/wp-json\/wp\/v2\/media?parent=58221"}],"wp:term":[{"taxonomy":"product_brand","embeddable":true,"href":"https:\/\/jjcustomworks.se\/fr\/wp-json\/wp\/v2\/product_brand?post=58221"},{"taxonomy":"product_cat","embeddable":true,"href":"https:\/\/jjcustomworks.se\/fr\/wp-json\/wp\/v2\/product_cat?post=58221"},{"taxonomy":"product_tag","embeddable":true,"href":"https:\/\/jjcustomworks.se\/fr\/wp-json\/wp\/v2\/product_tag?post=58221"}],"curies":[{"name":"wp","href":"https:\/\/api.w.org\/{rel}","templated":true}]}}