{"id":58217,"date":"2025-03-14T14:37:15","date_gmt":"2025-03-14T13:37:15","guid":{"rendered":"https:\/\/jjcustomworks.se\/product\/sw-896bk3-ninja-sword-27-set-with-2-pcs\/"},"modified":"2026-04-14T11:41:49","modified_gmt":"2026-04-14T09:41:49","slug":"sabres-ninja-27-pouces-ensemble-de-2","status":"publish","type":"product","link":"https:\/\/jjcustomworks.se\/fr\/produit\/sabres-ninja-27-pouces-ensemble-de-2\/","title":{"rendered":"Sabres Ninja 27\" Set de 2 | Blades USA"},"content":{"rendered":"<h1>SW-896BK3 - Sabres Ninja 27\" - Set de 2<\/h1>\n\n<h2><span class=\"ez-toc-section\" id=\"Sabres_ninja_de_haute_qualite_pour_lentrainement\"><\/span>Sabres ninja de haute qualit\u00e9 pour l&#8217;entra\u00eenement<span class=\"ez-toc-section-end\"><\/span><\/h2>\n\n<p>Ces sabres ninja de 27 pouces sont fabriqu\u00e9s en acier inoxydable et sont dot\u00e9s d'une poign\u00e9e envelopp\u00e9e de brun fonc\u00e9 pour une prise en main s\u00fbre et confortable. Le fourreau noir avec bandouli\u00e8re double \u00e9p\u00e9e facilite le transport et le rangement de vos sabres ninja. Parfait pour les d\u00e9butants et les artistes martiaux exp\u00e9riment\u00e9s.<\/p>\n\n<h3><span class=\"ez-toc-section\" id=\"Caracteristiques_et_avantages\"><\/span>Caract\u00e9ristiques et avantages<span class=\"ez-toc-section-end\"><\/span><\/h3>\n\n<ul>\n    <li><strong>Katanas jumelles de 27 pouces de long :<\/strong> Taille id\u00e9ale pour l'entra\u00eenement et la d\u00e9monstration.<\/li>\n    <li><strong>Acier inoxydable:<\/strong> Durable et r\u00e9sistant.<\/li>\n    <li><strong>Poign\u00e9e envelopp\u00e9e de brun fonc\u00e9 :<\/strong> Offre une prise en main s\u00fbre et confortable.<\/li>\n    <li><strong>Fourreau noir avec bandouli\u00e8re double \u00e9p\u00e9e :<\/strong> Facile \u00e0 transporter et \u00e0 ranger vos \u00e9p\u00e9es.<\/li>\n<\/ul>\n\n<p>D\u00e9couvrez la pr\u00e9cision et la puissance de ces sabres ninja. Commandez votre set aujourd'hui et passez \u00e0 la vitesse sup\u00e9rieure en mati\u00e8re d'entra\u00eenement. Explorez notre s\u00e9lection d'<a href=\"https:\/\/jjcustomworks.se\/fr\/magasin\/\">autres armes ninja<\/a> pour compl\u00e9ter votre \u00e9quipement. Visitez notre <a href=\"https:\/\/jjcustomworks.se\/fr\/categorie-de-produit\/fait-a-la-main\/couteaux-faits-a-la-main\/\">page de cat\u00e9gorie d'armes d'entra\u00eenement<\/a> pour voir notre gamme compl\u00e8te. Pour plus d'informations sur nous, visitez notre <a href=\"https:\/\/jjcustomworks.se\/fr\/\">page d&#039;accueil<\/a>.<\/p>","protected":false},"excerpt":{"rendered":"<p>K\u00f6p SW-896BK3 Ninjasv\u00e4rd 27&quot; &#8211; set om 2 st till b\u00e4sta pris online. Perfekt f\u00f6r lek och cosplay. Snabb leverans och h\u00f6g kvalitet. Best\u00e4ll nu!<\/p>","protected":false},"featured_media":58216,"template":"","meta":[],"product_brand":[],"product_cat":[1275],"product_tag":[],"class_list":{"0":"post-58217","1":"product","2":"type-product","3":"status-publish","4":"has-post-thumbnail","6":"product_cat-swords-europe","8":"first","9":"instock","10":"sale","11":"taxable","12":"shipping-taxable","13":"purchasable","14":"product-type-simple"},"_links":{"self":[{"href":"https:\/\/jjcustomworks.se\/fr\/wp-json\/wp\/v2\/product\/58217","targetHints":{"allow":["GET"]}}],"collection":[{"href":"https:\/\/jjcustomworks.se\/fr\/wp-json\/wp\/v2\/product"}],"about":[{"href":"https:\/\/jjcustomworks.se\/fr\/wp-json\/wp\/v2\/types\/product"}],"wp:featuredmedia":[{"embeddable":true,"href":"https:\/\/jjcustomworks.se\/fr\/wp-json\/wp\/v2\/media\/58216"}],"wp:attachment":[{"href":"https:\/\/jjcustomworks.se\/fr\/wp-json\/wp\/v2\/media?parent=58217"}],"wp:term":[{"taxonomy":"product_brand","embeddable":true,"href":"https:\/\/jjcustomworks.se\/fr\/wp-json\/wp\/v2\/product_brand?post=58217"},{"taxonomy":"product_cat","embeddable":true,"href":"https:\/\/jjcustomworks.se\/fr\/wp-json\/wp\/v2\/product_cat?post=58217"},{"taxonomy":"product_tag","embeddable":true,"href":"https:\/\/jjcustomworks.se\/fr\/wp-json\/wp\/v2\/product_tag?post=58217"}],"curies":[{"name":"wp","href":"https:\/\/api.w.org\/{rel}","templated":true}]}}