{"id":58215,"date":"2025-03-14T14:37:07","date_gmt":"2025-03-14T13:37:07","guid":{"rendered":"https:\/\/jjcustomworks.se\/product\/twin-sword-twin-shord-swords\/"},"modified":"2026-04-14T11:42:41","modified_gmt":"2026-04-14T09:42:41","slug":"epees-jumelles-doubles-epees-courtes-2","status":"publish","type":"product","link":"https:\/\/jjcustomworks.se\/fr\/produit\/epees-jumelles-doubles-epees-courtes-2\/","title":{"rendered":"\u00c9p\u00e9es Jumelles - Doubles \u00c9p\u00e9es Courtes | Blades USA"},"content":{"rendered":"<h1>\u00c9p\u00e9es jumelles - \u00c9p\u00e9es courtes doubles<\/h1>\n<h2><span class=\"ez-toc-section\" id=\"Un_ensemble_unique_pour_le_collectionneur\"><\/span>Un ensemble unique pour le collectionneur<span class=\"ez-toc-section-end\"><\/span><\/h2>\n\n<p>Ces \u00e9p\u00e9es jumelles de Blades USA sont un must pour le collectionneur ou l'enthousiaste d'\u00e9p\u00e9es. L'ensemble se compose de deux \u00e9p\u00e9es courtes, con\u00e7ues pour ressembler \u00e0 des jumelles, donnant une impression unique et impressionnante.<\/p>\n\n<h3><span class=\"ez-toc-section\" id=\"Caracteristiques_et_materiaux\"><\/span>Caract\u00e9ristiques et mat\u00e9riaux<span class=\"ez-toc-section-end\"><\/span><\/h3>\n<p>Chaque \u00e9p\u00e9e est fabriqu\u00e9e en acier inoxydable, ce qui garantit la durabilit\u00e9 et une longue dur\u00e9e de vie. La lame de couleur argent\u00e9e contraste joliment avec le manche bicolore noir et marron, avec un motif tourbillonnant argent\u00e9 qui ajoute une touche d'\u00e9l\u00e9gance suppl\u00e9mentaire. Avec une longueur totale de 33 pouces, ces \u00e9p\u00e9es sont \u00e0 la fois impressionnantes et maniables.<\/p>\n\n<ul>\n    <li><strong>Longueur totale :<\/strong> 33 pouces<\/li>\n    <li><strong>Mat\u00e9riel:<\/strong> Acier inoxydable<\/li>\n    <li><strong>Couleur de la lame :<\/strong> Argent<\/li>\n    <li><strong>Manche:<\/strong> Bicolore noir et marron avec motif tourbillonnant argent\u00e9<\/li>\n<\/ul>\n\n<p>Ces \u00e9p\u00e9es jumelles ne sont pas seulement visuellement attrayantes, mais aussi un sujet de conversation et un d\u00e9tail unique dans votre collection. Parfaites pour l'exposition ou comme cadeau sp\u00e9cial. D\u00e9couvrez notre gamme d'<a href=\"https:\/\/jjcustomworks.se\/fr\/magasin\/\">autres \u00e9p\u00e9es uniques<\/a> et ne manquez pas notre <a href=\"https:\/\/jjcustomworks.se\/fr\/categorie-de-produit\/fait-a-la-main\/couteaux-faits-a-la-main\/\">cat\u00e9gorie d&#039;objets de collection<\/a>. Visite <a href=\"https:\/\/jjcustomworks.se\/fr\/\">notre site Web<\/a> pour voir toute notre gamme.<\/p>","protected":false},"excerpt":{"rendered":"<p>Tvillingsv\u00e4rd &#8211; Dubbla korta sv\u00e4rd f\u00f6r effektiv strid. Perfekt f\u00f6r snabb och smidig hantering i stridssituationer. Uppt\u00e4ck v\u00e5rt sortiment av tvillingsv\u00e4rd f\u00f6r att f\u00f6rb\u00e4ttra din stridsf\u00f6rm\u00e5ga. K\u00f6p nu och bli en m\u00e4stare i stridskonst.<\/p>","protected":false},"featured_media":58214,"template":"","meta":[],"product_brand":[],"product_cat":[1275],"product_tag":[],"class_list":{"0":"post-58215","1":"product","2":"type-product","3":"status-publish","4":"has-post-thumbnail","6":"product_cat-swords-europe","8":"first","9":"instock","10":"sale","11":"taxable","12":"shipping-taxable","13":"purchasable","14":"product-type-simple"},"_links":{"self":[{"href":"https:\/\/jjcustomworks.se\/fr\/wp-json\/wp\/v2\/product\/58215","targetHints":{"allow":["GET"]}}],"collection":[{"href":"https:\/\/jjcustomworks.se\/fr\/wp-json\/wp\/v2\/product"}],"about":[{"href":"https:\/\/jjcustomworks.se\/fr\/wp-json\/wp\/v2\/types\/product"}],"wp:featuredmedia":[{"embeddable":true,"href":"https:\/\/jjcustomworks.se\/fr\/wp-json\/wp\/v2\/media\/58214"}],"wp:attachment":[{"href":"https:\/\/jjcustomworks.se\/fr\/wp-json\/wp\/v2\/media?parent=58215"}],"wp:term":[{"taxonomy":"product_brand","embeddable":true,"href":"https:\/\/jjcustomworks.se\/fr\/wp-json\/wp\/v2\/product_brand?post=58215"},{"taxonomy":"product_cat","embeddable":true,"href":"https:\/\/jjcustomworks.se\/fr\/wp-json\/wp\/v2\/product_cat?post=58215"},{"taxonomy":"product_tag","embeddable":true,"href":"https:\/\/jjcustomworks.se\/fr\/wp-json\/wp\/v2\/product_tag?post=58215"}],"curies":[{"name":"wp","href":"https:\/\/api.w.org\/{rel}","templated":true}]}}