{"id":58180,"date":"2025-03-14T03:24:38","date_gmt":"2025-03-14T02:24:38","guid":{"rendered":"https:\/\/jjcustomworks.se\/product\/gasoline-oil-lighter-gentelo-cannabis-3d\/"},"modified":"2025-10-16T21:56:52","modified_gmt":"2025-10-16T19:56:52","slug":"briquet-essence-gentelo-cannabis-impression-3d","status":"publish","type":"product","link":"https:\/\/jjcustomworks.se\/fr\/produit\/briquet-essence-gentelo-cannabis-impression-3d\/","title":{"rendered":"Briquet \u00e0 essence de cannabis imprim\u00e9 en 3D | Gentelo"},"content":{"rendered":"<h1>Briquet \u00e0 Essence - Gentelo - Cannabis Impression 3D<\/h1>\n<h2><span class=\"ez-toc-section\" id=\"Briquet_a_essence_fiable_de_Gentelo\"><\/span>Briquet \u00e0 essence fiable de Gentelo<span class=\"ez-toc-section-end\"><\/span><\/h2>\n<p>Ce briquet \u00e0 essence de Gentelo allie fiabilit\u00e9 et design unique. Avec une impression 3D distinctive de cannabis, il offre une fa\u00e7on \u00e9l\u00e9gante d'allumer vos cigarettes ou autres objets. Un bon briquet \u00e0 un prix encore meilleur ! Ce mod\u00e8le est livr\u00e9 pr\u00eat \u00e0 l'emploi, ce qui signifie que vous n'avez qu'\u00e0 le remplir d'<a href=\"https:\/\/jjcustomworks.se\/fr\/magasin\/\">essence<\/a> avant de l&#039;utiliser.<\/p>\n<h3><span class=\"ez-toc-section\" id=\"Personnalisable_et_facile_a_utiliser\"><\/span>Personnalisable et facile \u00e0 utiliser<span class=\"ez-toc-section-end\"><\/span><\/h3>\n<p>Le briquet est con\u00e7u pour \u00eatre compatible avec tous les accessoires standard du march\u00e9, vous offrant une grande flexibilit\u00e9 et la possibilit\u00e9 de le personnaliser selon vos besoins. Vous pouvez trouver plus de <a href=\"https:\/\/jjcustomworks.se\/fr\/categorie-de-produit\/briquets-a-gaz-et-a-essence\/\">briquettes<\/a> dans notre gamme.<\/p>\n<h3><span class=\"ez-toc-section\" id=\"Specifications\"><\/span>Caract\u00e9ristiques:<span class=\"ez-toc-section-end\"><\/span><\/h3>\n<ul>\n <li><strong>Mod\u00e8le:<\/strong> Briquet \u00e0 essence<\/li>\n <li><strong>Marque:<\/strong> Gentelo<\/li>\n <li><strong>Conception :<\/strong> Cannabis Impression 3D<\/li>\n <li><strong>Compatibilit\u00e9:<\/strong> Convient \u00e0 tous les accessoires standards<\/li>\n <li><strong>Livraison:<\/strong> Pr\u00eat \u00e0 l&#039;emploi (sans carburant)<\/li>\n<\/ul>\n<p>Le briquet \u00e0 essence Gentelo est un excellent choix pour ceux qui recherchent un briquet abordable et fiable avec un style unique. La gamme compl\u00e8te est disponible sur <a href=\"https:\/\/jjcustomworks.se\/fr\/\">notre site Web<\/a>.<\/p>","protected":false},"excerpt":{"rendered":"<p>Briquet \u00e0 Essence &#8211; Gentelo &#8211; Cannabis Impression 3D Briquet \u00e0 essence fiable de Gentelo Ce briquet \u00e0 essence de Gentelo allie fiabilit\u00e9 et design unique. Avec une impression 3D distinctive de cannabis, il offre une fa\u00e7on \u00e9l\u00e9gante d&#8217;allumer vos cigarettes ou autres objets. Un bon briquet \u00e0 un prix encore meilleur ! Ce mod\u00e8le [&#8230;]\n","protected":false},"featured_media":58945,"template":"","meta":[],"product_brand":[],"product_cat":[877],"product_tag":[],"class_list":{"0":"post-58180","1":"product","2":"type-product","3":"status-publish","4":"has-post-thumbnail","6":"product_cat-bensintandare","8":"first","9":"instock","10":"sale","11":"taxable","12":"shipping-taxable","13":"purchasable","14":"product-type-simple"},"_links":{"self":[{"href":"https:\/\/jjcustomworks.se\/fr\/wp-json\/wp\/v2\/product\/58180","targetHints":{"allow":["GET"]}}],"collection":[{"href":"https:\/\/jjcustomworks.se\/fr\/wp-json\/wp\/v2\/product"}],"about":[{"href":"https:\/\/jjcustomworks.se\/fr\/wp-json\/wp\/v2\/types\/product"}],"wp:featuredmedia":[{"embeddable":true,"href":"https:\/\/jjcustomworks.se\/fr\/wp-json\/wp\/v2\/media\/58945"}],"wp:attachment":[{"href":"https:\/\/jjcustomworks.se\/fr\/wp-json\/wp\/v2\/media?parent=58180"}],"wp:term":[{"taxonomy":"product_brand","embeddable":true,"href":"https:\/\/jjcustomworks.se\/fr\/wp-json\/wp\/v2\/product_brand?post=58180"},{"taxonomy":"product_cat","embeddable":true,"href":"https:\/\/jjcustomworks.se\/fr\/wp-json\/wp\/v2\/product_cat?post=58180"},{"taxonomy":"product_tag","embeddable":true,"href":"https:\/\/jjcustomworks.se\/fr\/wp-json\/wp\/v2\/product_tag?post=58180"}],"curies":[{"name":"wp","href":"https:\/\/api.w.org\/{rel}","templated":true}]}}