{"id":39024,"date":"2025-01-06T21:23:58","date_gmt":"2025-01-06T20:23:58","guid":{"rendered":"https:\/\/jjcustomworks.se\/?page_id=39024"},"modified":"2025-04-24T19:05:27","modified_gmt":"2025-04-24T18:05:27","slug":"politique-de-confidentialite","status":"publish","type":"page","link":"https:\/\/jjcustomworks.se\/fr\/politique-de-confidentialite\/","title":{"rendered":"politique de confidentialit\u00e9"},"content":{"rendered":"<h1 class=\"wp-block-heading\"><span class=\"ez-toc-section\" id=\"Vilka_vi_ar\"><\/span>Qui sommes-nous<span class=\"ez-toc-section-end\"><\/span><\/h1>\n\n\n\n<p>L&#039;adresse de notre site Web est : https:\/\/jjcustomworks.se.<\/p>\n\n\n\n<h2 class=\"wp-block-heading\"><span class=\"ez-toc-section\" id=\"Kommentarer\"><\/span>Commentaires<span class=\"ez-toc-section-end\"><\/span><\/h2>\n\n\n\n<p>Lorsque les visiteurs laissent des commentaires sur le site, nous collectons les donn\u00e9es affich\u00e9es dans le formulaire de commentaires, ainsi que l&#039;adresse IP du visiteur et la cha\u00eene de l&#039;agent utilisateur du navigateur pour aider \u00e0 d\u00e9tecter le spam.<\/p>\n\n\n\n<p>Une cha\u00eene anonymis\u00e9e cr\u00e9\u00e9e \u00e0 partir de votre adresse e-mail (\u00e9galement appel\u00e9e hachage) peut \u00eatre fournie au service Gravatar pour voir si vous l&#039;utilisez. La politique de confidentialit\u00e9 du service Gravatar est disponible ici : https:\/\/automattic.com\/privacy\/. Une fois votre commentaire approuv\u00e9, votre photo de profil est visible au public en lien avec votre commentaire.<\/p>\n\n\n\n<h2 class=\"wp-block-heading\"><span class=\"ez-toc-section\" id=\"Media\"><\/span>M\u00e9dias<span class=\"ez-toc-section-end\"><\/span><\/h2>\n\n\n\n<p>Si vous t\u00e9l\u00e9chargez des images sur le site Web, vous devez \u00e9viter de t\u00e9l\u00e9charger des images contenant des donn\u00e9es de localisation int\u00e9gr\u00e9es (EXIF GPS). Les visiteurs du site Web peuvent t\u00e9l\u00e9charger et extraire des donn\u00e9es de localisation \u00e0 partir d&#039;images sur le site Web.<\/p>\n\n\n\n<h2 class=\"wp-block-heading\"><span class=\"ez-toc-section\" id=\"Cookies\"><\/span>Cookies<span class=\"ez-toc-section-end\"><\/span><\/h2>\n\n\n\n<p>Si vous laissez un commentaire sur notre site Web, vous pouvez choisir d&#039;enregistrer votre nom, votre adresse e-mail et votre site Web dans des cookies. Ceux-ci sont l\u00e0 pour votre commodit\u00e9 afin que vous n&#039;ayez pas \u00e0 remplir \u00e0 nouveau vos coordonn\u00e9es lorsque vous laissez un autre commentaire. Ces cookies durent un an.<\/p>\n\n\n\n<p>Si vous visitez notre page de connexion, nous installerons un cookie temporaire pour d\u00e9terminer si votre navigateur accepte les cookies. Ce cookie ne contient aucune donn\u00e9e personnelle et est supprim\u00e9 lorsque vous fermez votre navigateur.<\/p>\n\n\n\n<p>Lorsque vous vous connectez, nous cr\u00e9ons \u00e9galement plusieurs cookies pour enregistrer vos informations de connexion et vos choix de param\u00e8tres d&#039;\u00e9cran. Les cookies de connexion durent deux jours et les cookies de param\u00e8tres d&#039;\u00e9cran durent un an. Si vous s\u00e9lectionnez \u00ab Se souvenir de moi \u00bb, votre connexion continuera pendant deux semaines. Si vous vous d\u00e9connectez de votre compte, les cookies de connexion seront supprim\u00e9s.<\/p>\n\n\n\n<p>Si vous modifiez ou publiez un article, un cookie suppl\u00e9mentaire sera enregistr\u00e9 dans votre navigateur. Ce cookie ne contient aucune donn\u00e9e personnelle et affiche uniquement l&#039;ID de publication de l&#039;article que vous venez de modifier. Il expire apr\u00e8s 1 jour.<\/p>\n\n\n\n<h2 class=\"wp-block-heading\"><span class=\"ez-toc-section\" id=\"Inbaddat_innehall_fran_andra_webbplatser\"><\/span>Contenu int\u00e9gr\u00e9 provenant d&#039;autres sites Web<span class=\"ez-toc-section-end\"><\/span><\/h2>\n\n\n\n<p>Les articles de ce site Web peuvent inclure du contenu int\u00e9gr\u00e9 (par exemple, des vid\u00e9os, des images, des articles, etc.). Le contenu int\u00e9gr\u00e9 provenant d\u2019autres sites Web se comporte de la m\u00eame mani\u00e8re que si le visiteur avait visit\u00e9 l\u2019autre site Web.<\/p>\n\n\n\n<p>Ces sites Web peuvent collecter des donn\u00e9es vous concernant, utiliser des cookies, int\u00e9grer un suivi tiers suppl\u00e9mentaire et surveiller votre interaction avec le contenu int\u00e9gr\u00e9, y compris le suivi de votre interaction avec le contenu int\u00e9gr\u00e9 si vous avez un compte et \u00eates connect\u00e9 \u00e0 ce site Web.<\/p>\n\n\n\n<h2 class=\"wp-block-heading\"><span class=\"ez-toc-section\" id=\"Vem_vi_delar_dina_uppgifter_med\"><\/span>Avec qui partageons-nous vos informations<span class=\"ez-toc-section-end\"><\/span><\/h2>\n\n\n\n<p>Si vous demandez une r\u00e9initialisation de mot de passe, votre adresse IP sera incluse dans l&#039;e-mail de r\u00e9initialisation.<\/p>\n\n\n\n<h2 class=\"wp-block-heading\"><span class=\"ez-toc-section\" id=\"Hur_lange_vi_behaller_dina_uppgifter\"><\/span>Combien de temps conservons-nous vos donn\u00e9es<span class=\"ez-toc-section-end\"><\/span><\/h2>\n\n\n\n<p>Si vous laissez un commentaire, le commentaire et ses m\u00e9tadonn\u00e9es seront conserv\u00e9s ind\u00e9finiment. Cela est fait pour que nous puissions reconna\u00eetre et approuver automatiquement tous les commentaires de suivi au lieu de les conserver dans une file d&#039;attente de mod\u00e9ration.<\/p>\n\n\n\n<p>Pour les utilisateurs qui s&#039;inscrivent sur notre site Web (le cas \u00e9ch\u00e9ant), nous stockons \u00e9galement les informations personnelles qu&#039;ils fournissent dans leur profil d&#039;utilisateur. Tous les utilisateurs peuvent consulter, modifier ou supprimer leurs informations personnelles \u00e0 tout moment (sauf qu&#039;ils ne peuvent pas modifier leur nom d&#039;utilisateur). Les administrateurs du site peuvent \u00e9galement afficher et modifier ces informations.<\/p>\n\n\n\n<h2 class=\"wp-block-heading\"><span class=\"ez-toc-section\" id=\"Vilka_rattigheter_du_har_over_dina_uppgifter\"><\/span>Quels droits avez-vous sur vos donn\u00e9es ?<span class=\"ez-toc-section-end\"><\/span><\/h2>\n\n\n\n<p>Si vous avez un compte sur ce site ou avez laiss\u00e9 des commentaires, vous pouvez demander \u00e0 recevoir un fichier export\u00e9 des donn\u00e9es personnelles que nous d\u00e9tenons \u00e0 votre sujet, y compris toutes les donn\u00e9es que vous nous avez fournies. Vous pouvez \u00e9galement demander que nous supprimions toutes les donn\u00e9es personnelles que nous d\u00e9tenons \u00e0 votre sujet. Cela n\u2019inclut pas les donn\u00e9es que nous sommes tenus de conserver \u00e0 des fins administratives, juridiques ou de s\u00e9curit\u00e9.<\/p>\n\n\n\n<h2 class=\"wp-block-heading\"><span class=\"ez-toc-section\" id=\"Var_dina_uppgifter_skickas\"><\/span>O\u00f9 vos donn\u00e9es sont envoy\u00e9es<span class=\"ez-toc-section-end\"><\/span><\/h2>\n\n\n\n<p>Les commentaires des visiteurs peuvent \u00eatre v\u00e9rifi\u00e9s via un service automatis\u00e9 de d\u00e9tection de spam.<\/p>","protected":false},"excerpt":{"rendered":"<p>Vilka vi \u00e4r V\u00e5r webbplatsadress \u00e4r: https:\/\/jjcustomworks.se. Kommentarer N\u00e4r bes\u00f6kare l\u00e4mnar kommentarer p\u00e5 webbplatsen samlar vi in de uppgifter som visas i kommentarsformul\u00e4ret, samt bes\u00f6karens IP-adress och webbl\u00e4sares anv\u00e4ndaragentstr\u00e4ng f\u00f6r att hj\u00e4lpa till med att uppt\u00e4cka skr\u00e4ppost. En anonymiserad str\u00e4ng som skapats fr\u00e5n din e-postadress (\u00e4ven kallad en hash) kan tillhandah\u00e5llas till Gravatar-tj\u00e4nsten f\u00f6r att [&#8230;]\n","protected":false},"author":8,"featured_media":0,"parent":0,"menu_order":0,"comment_status":"closed","ping_status":"closed","template":"","meta":{"footnotes":""},"class_list":["post-39024","page","type-page","status-publish","hentry"],"_links":{"self":[{"href":"https:\/\/jjcustomworks.se\/fr\/wp-json\/wp\/v2\/pages\/39024","targetHints":{"allow":["GET"]}}],"collection":[{"href":"https:\/\/jjcustomworks.se\/fr\/wp-json\/wp\/v2\/pages"}],"about":[{"href":"https:\/\/jjcustomworks.se\/fr\/wp-json\/wp\/v2\/types\/page"}],"author":[{"embeddable":true,"href":"https:\/\/jjcustomworks.se\/fr\/wp-json\/wp\/v2\/users\/8"}],"replies":[{"embeddable":true,"href":"https:\/\/jjcustomworks.se\/fr\/wp-json\/wp\/v2\/comments?post=39024"}],"version-history":[{"count":0,"href":"https:\/\/jjcustomworks.se\/fr\/wp-json\/wp\/v2\/pages\/39024\/revisions"}],"wp:attachment":[{"href":"https:\/\/jjcustomworks.se\/fr\/wp-json\/wp\/v2\/media?parent=39024"}],"curies":[{"name":"wp","href":"https:\/\/api.w.org\/{rel}","templated":true}]}}