{"id":38838,"date":"2025-03-13T14:24:40","date_gmt":"2025-03-13T13:24:40","guid":{"rendered":"https:\/\/jjcustomworks.se\/?page_id=38838"},"modified":"2025-03-14T15:48:55","modified_gmt":"2025-03-14T14:48:55","slug":"contactez-nous","status":"publish","type":"page","link":"https:\/\/jjcustomworks.se\/fr\/contactez-nous\/","title":{"rendered":"Contactez-nous"},"content":{"rendered":"\n<div class=\"row row-collapse row-full-width\"  id=\"row-1292618966\">\n\n\n\t<div id=\"col-1946525026\" class=\"col small-12 large-12\"  >\n\t\t\t\t<div class=\"col-inner\"  >\n\t\t\t\n\t\t\t\n\n\n\t<section class=\"section\" id=\"section_1271341924\">\n\t\t<div class=\"section-bg fill\" >\n\t\t\t<img decoding=\"async\" width=\"1500\" height=\"1001\" src=\"https:\/\/jjcustomworks.se\/wp-content\/uploads\/2024\/11\/leather-makeing.jpg\" class=\"bg attachment- size-\" alt=\"\" title=\"\">\t\t\t\t\t\t<div class=\"section-bg-overlay absolute fill\"><\/div>\n\t\t\t\n\n\t\t<\/div>\n\n\t\t\n\n\t\t<div class=\"section-content relative\">\n\t\t\t\n\n<div class=\"row row-collapse align-center\" style=\"max-width:\" id=\"row-750581980\">\n\n\n\t<div id=\"col-2145730474\" class=\"col small-12 large-12\"  >\n\t\t\t\t<div class=\"col-inner text-center dark\"  >\n\t\t\t\n\t\t\t\n\n\t<div id=\"gap-246909212\" class=\"gap-element clearfix\" style=\"display:block; height:auto;\">\n\t\t\n<style>\n#gap-246909212 {\n  padding-top: 45px;\n}\n@media (min-width:550px) {\n  #gap-246909212 {\n    padding-top: 65px;\n  }\n}\n@media (min-width:850px) {\n  #gap-246909212 {\n    padding-top: 5px;\n  }\n}\n<\/style>\n\t<\/div>\n\t\n\n<h1><span style=\"font-size: 250%;\">Kontakt<\/span><\/h1>\n<p class=\"lead\"><span style=\"font-size: 120%;\">Har du fr\u00e5gor eller letar du efter en skr\u00e4ddarsydd design? Vi \u00e4r h\u00e4r f\u00f6r att hj\u00e4lpa!<\/span><br \/><span style=\"font-size: 120%;\">Kontakta oss s\u00e5 f\u00f6rverkligar vi dina id\u00e9er<br \/><\/span><\/p>\n\n\n\t\t<\/div>\n\t\t\t\t\n<style>\n#col-2145730474 > .col-inner {\n  padding: 100px 20px 200px 0px;\n}\n@media (min-width:550px) {\n  #col-2145730474 > .col-inner {\n    padding: 10px 0px 200px 0px;\n  }\n}\n<\/style>\n\t<\/div>\n\n\t\n\n<\/div>\n\n\t\t<\/div>\n\n\t\t\n<style>\n#section_1271341924 {\n  padding-top: 0px;\n  padding-bottom: 0px;\n  min-height: 0px;\n}\n#section_1271341924 .section-bg-overlay {\n  background-color: rgba(0, 0, 0, 0.12);\n}\n#section_1271341924 .section-bg img {\n  object-position: 50% 74%;\n}\n@media (min-width:550px) {\n  #section_1271341924 {\n    padding-top: 0px;\n    padding-bottom: 0px;\n  }\n  #section_1271341924 .section-bg-overlay {\n    background-color: rgba(0, 0, 0, 0.21);\n  }\n}\n@media (min-width:850px) {\n  #section_1271341924 {\n    padding-top: 0px;\n    padding-bottom: 0px;\n  }\n  #section_1271341924 .section-bg-overlay {\n    background-color: rgba(0, 0, 0, 0.12);\n  }\n}\n<\/style>\n\t<\/section>\n\t\n\n\t\t<\/div>\n\t\t\t\t\n<style>\n#col-1946525026 > .col-inner {\n  padding: 0px 0px 0px 0px;\n}\n<\/style>\n\t<\/div>\n\n\t\n\n<\/div>\n<div class=\"row row-large top-row row-box-shadow-3\" style=\"max-width:50vw\" id=\"row-324369506\">\n\n\n\t<div id=\"col-532559958\" class=\"col large-12\"  >\n\t\t<div class=\"is-sticky-column\"><div class=\"is-sticky-column__inner\">\t\t<div class=\"col-inner box-shadow-3\" style=\"background-color:rgb(255, 255, 255);\" >\n\t\t\t\n\t\t\t\n\n<div class=\"frm_forms  with_frm_style frm_style_formidable-style\" id=\"frm_form_5_container\" >\n<form enctype=\"multipart\/form-data\" method=\"post\" class=\"frm-show-form  frm_pro_form \" id=\"form_contact-form2\" >\n<div class=\"frm_form_fields \">\n<fieldset>\n<legend class=\"frm_screen_reader\">Contact Us<\/legend>\r\n\r\n<div class=\"frm_fields_container\">\n<input type=\"hidden\" name=\"frm_action\" value=\"create\" \/>\n<input type=\"hidden\" name=\"form_id\" value=\"5\" \/>\n<input type=\"hidden\" name=\"frm_hide_fields_5\" id=\"frm_hide_fields_5\" value=\"\" \/>\n<input type=\"hidden\" name=\"form_key\" value=\"contact-form2\" \/>\n<input type=\"hidden\" name=\"item_meta[0]\" value=\"\" \/>\n<input type=\"hidden\" id=\"frm_submit_entry_5\" name=\"frm_submit_entry_5\" value=\"7fb59d32d7\" \/><input type=\"hidden\" name=\"_wp_http_referer\" value=\"\/fr\/wp-json\/wp\/v2\/pages\/38838\" \/><div id=\"frm_field_47_container\" class=\"frm_form_field form-field  frm_required_field frm_top_container frm12 frm_first\">\n\t<label for=\"field_qh4icy2\" id=\"field_qh4icy2_label\" class=\"frm_primary_label\">Namn\n\t\t<span class=\"frm_required\" aria-hidden=\"true\">*<\/span>\n\t<\/label>\n\t<input  type=\"text\" id=\"field_qh4icy2\" name=\"item_meta[47]\" value=\"\"  data-reqmsg=\"Namn f\u00e5r inte vara tom.\" aria-required=\"true\" data-invmsg=\"Namn is invalid\" aria-invalid=\"false\"   \/>\n\t\n\t\n<\/div>\n<div id=\"frm_field_48_container\" class=\"frm_form_field form-field  frm_required_field frm_top_container frm6 frm_first\">\n\t<label for=\"field_29yf4d2\" id=\"field_29yf4d2_label\" class=\"frm_primary_label\">E-post\n\t\t<span class=\"frm_required\" aria-hidden=\"true\">*<\/span>\n\t<\/label>\n\t<input type=\"email\" id=\"field_29yf4d2\" name=\"item_meta[48]\" value=\"\"  data-reqmsg=\"E-post f\u00e5r inte vara tom.\" aria-required=\"true\" data-invmsg=\"V\u00e4nligen ange en giltig e-postadress.\" aria-invalid=\"false\"  \/>\n\t\n\t\n<\/div>\n<div id=\"frm_field_49_container\" class=\"frm_form_field form-field  frm_top_container frm6\">\n\t<label for=\"field_pwubl\" id=\"field_pwubl_label\" class=\"frm_primary_label\">Telefon\n\t\t<span class=\"frm_required\" aria-hidden=\"true\"><\/span>\n\t<\/label>\n\t<input type=\"tel\" id=\"field_pwubl\" name=\"item_meta[49]\" value=\"\"  maxlength=\"12\" data-invmsg=\"Telefon \u00e4r ogiltig.\" aria-invalid=\"false\" pattern=\"((\\+\\d{1,3}(-|.| )?\\(?\\d\\)?(-| |.)?\\d{1,5})|(\\(?\\d{2,6}\\)?))(-|.| )?(\\d{3,4})(-|.| )?(\\d{4})(( x| ext)\\d{1,5}){0,1}$\"  \/>\n\t\n\t\n<\/div>\n<div id=\"frm_field_50_container\" class=\"frm_form_field form-field  frm_required_field frm_top_container frm_full\">\n\t<label for=\"field_9jv0r12\" id=\"field_9jv0r12_label\" class=\"frm_primary_label\">Meddelande\n\t\t<span class=\"frm_required\" aria-hidden=\"true\">*<\/span>\n\t<\/label>\n\t<textarea name=\"item_meta[50]\" id=\"field_9jv0r12\" rows=\"5\"  data-reqmsg=\"Meddelande f\u00e5r inte vara tom.\" aria-required=\"true\" data-invmsg=\"Meddelande \u00e4r ogiltig.\" aria-invalid=\"false\"  ><\/textarea>\n\t\n\t\n<\/div>\n<div id=\"frm_field_52_container\" class=\"frm_form_field form-field  frm_none_container\">\n\t<label for=\"g-recaptcha-response\" id=\"field_alhu7_label\" class=\"frm_primary_label\">Captcha\n\t\t<span class=\"frm_required\" aria-hidden=\"true\"><\/span>\n\t<\/label>\n\t<div  id=\"field_alhu7\" class=\"frm-g-recaptcha\" data-sitekey=\"6LdPL-wqAAAAAIYdSJDdKvBy0T5ytDMEUCrf6Txb\" data-size=\"invisible\" data-theme=\"light\"><\/div>\n\t\n\t\n<\/div>\n<div id=\"frm_field_53_container\" class=\"frm_form_field form-field \">\n\t<div class=\"frm_submit frm_flex\">\r\n<button class=\"frm_button_submit frm_final_submit\" type=\"submit\"   formnovalidate=\"formnovalidate\">\u00d6verl\u00e4mna<\/button>\r\n\r\n\r\n\r\n<\/div>\n<\/div>\n\t<input type=\"hidden\" name=\"item_key\" value=\"\" \/>\n\t\t\t<div id=\"frm_field_76_container\">\n\t\t\t<label for=\"field_cv021\" >\n\t\t\t\tSi vous \u00eates un humain, ne remplissez pas ce champ.\t\t\t<\/label>\n\t\t\t<input  id=\"field_cv021\" type=\"text\" class=\"frm_form_field form-field frm_verify\" name=\"item_meta[76]\" value=\"\"  \/>\n\t\t<\/div>\n\t\t<input name=\"frm_state\" type=\"hidden\" value=\"tEGqeMC7Quz6TfeIAaCBwHOI+GfkLg9M380VJEJLCqNDRP0Ibu9\/GUVuqCEfe0+o\" \/><\/div>\n<\/fieldset>\n<\/div>\n\n<\/form>\n<\/div>\n\n\n\t\t<\/div>\n\t\t<\/div><\/div>\t\t\n<style>\n#col-532559958 > .is-sticky-column > .is-sticky-column__inner > .col-inner {\n  padding: 2% 5% 0px 5%;\n  margin: -215px 0px 0px 0px;\n  border-radius: 12px;\n}\n<\/style>\n\t<\/div>\n\n\t\n\n<\/div>\n\n\n\n<p><\/p>\n","protected":false},"excerpt":{"rendered":"","protected":false},"author":2,"featured_media":0,"parent":0,"menu_order":0,"comment_status":"closed","ping_status":"closed","template":"page-blank.php","meta":{"footnotes":""},"class_list":["post-38838","page","type-page","status-publish","hentry"],"_links":{"self":[{"href":"https:\/\/jjcustomworks.se\/fr\/wp-json\/wp\/v2\/pages\/38838","targetHints":{"allow":["GET"]}}],"collection":[{"href":"https:\/\/jjcustomworks.se\/fr\/wp-json\/wp\/v2\/pages"}],"about":[{"href":"https:\/\/jjcustomworks.se\/fr\/wp-json\/wp\/v2\/types\/page"}],"author":[{"embeddable":true,"href":"https:\/\/jjcustomworks.se\/fr\/wp-json\/wp\/v2\/users\/2"}],"replies":[{"embeddable":true,"href":"https:\/\/jjcustomworks.se\/fr\/wp-json\/wp\/v2\/comments?post=38838"}],"version-history":[{"count":0,"href":"https:\/\/jjcustomworks.se\/fr\/wp-json\/wp\/v2\/pages\/38838\/revisions"}],"wp:attachment":[{"href":"https:\/\/jjcustomworks.se\/fr\/wp-json\/wp\/v2\/media?parent=38838"}],"curies":[{"name":"wp","href":"https:\/\/api.w.org\/{rel}","templated":true}]}}