{"id":81161,"date":"2025-10-17T03:35:21","date_gmt":"2025-10-17T01:35:21","guid":{"rendered":"https:\/\/jjcustomworks.se\/product\/decorative-medium-size-fantasy-sword\/"},"modified":"2025-10-17T03:35:21","modified_gmt":"2025-10-17T01:35:21","slug":"decorative-medium-size-fantasy-sword","status":"publish","type":"product","link":"https:\/\/jjcustomworks.se\/en\/product\/decorative-medium-size-fantasy-sword\/","title":{"rendered":"DECORATIVE MEDIUM SIZE FANTASY SWORD"},"content":{"rendered":"<p><strong>MEDIUM SIZE FANTASY SWORD WITH WOODEN PLACK&nbsp;<\/strong><\/p>\n<p>Includes a full size placker in nice ornamented wood and the needed plugs and screws to hang it.<\/p>\n<p>Unsharp medium size sword for decoration<\/p>\n<p>Made of 2CR13 Stainless steel and zinc alloy casted handled with great details.<\/p>\n<p>Full lenght of sword: 1050 MM<br \/>Blade lenght : 815 MM<br \/>Shipping weight: 5100 g<\/p>","protected":false},"excerpt":{"rendered":"<p>Letar du efter en dekorativ fantasivapen i mediumstorlek? D\u00e5 har du kommit r\u00e4tt! V\u00e5r fantasy-sv\u00e4rd \u00e4r perfekt f\u00f6r att ge ditt hem eller kontor en touch av \u00e4ventyr. Utforska v\u00e5rt sortiment idag och hitta det perfekta sv\u00e4rdet f\u00f6r dig.<\/p>","protected":false},"featured_media":81154,"template":"","meta":[],"product_brand":[],"product_cat":[1275],"product_tag":[],"class_list":{"0":"post-81161","1":"product","2":"type-product","3":"status-publish","4":"has-post-thumbnail","6":"product_cat-swords-europe","8":"first","9":"outofstock","10":"sale","11":"taxable","12":"shipping-taxable","13":"purchasable","14":"product-type-simple"},"_links":{"self":[{"href":"https:\/\/jjcustomworks.se\/en\/wp-json\/wp\/v2\/product\/81161","targetHints":{"allow":["GET"]}}],"collection":[{"href":"https:\/\/jjcustomworks.se\/en\/wp-json\/wp\/v2\/product"}],"about":[{"href":"https:\/\/jjcustomworks.se\/en\/wp-json\/wp\/v2\/types\/product"}],"wp:featuredmedia":[{"embeddable":true,"href":"https:\/\/jjcustomworks.se\/en\/wp-json\/wp\/v2\/media\/81154"}],"wp:attachment":[{"href":"https:\/\/jjcustomworks.se\/en\/wp-json\/wp\/v2\/media?parent=81161"}],"wp:term":[{"taxonomy":"product_brand","embeddable":true,"href":"https:\/\/jjcustomworks.se\/en\/wp-json\/wp\/v2\/product_brand?post=81161"},{"taxonomy":"product_cat","embeddable":true,"href":"https:\/\/jjcustomworks.se\/en\/wp-json\/wp\/v2\/product_cat?post=81161"},{"taxonomy":"product_tag","embeddable":true,"href":"https:\/\/jjcustomworks.se\/en\/wp-json\/wp\/v2\/product_tag?post=81161"}],"curies":[{"name":"wp","href":"https:\/\/api.w.org\/{rel}","templated":true}]}}