{"id":81055,"date":"2025-10-17T03:31:53","date_gmt":"2025-10-17T01:31:53","guid":{"rendered":"https:\/\/jjcustomworks.se\/product\/decorative-historical-short-sword-2-2\/"},"modified":"2026-03-24T11:53:36","modified_gmt":"2026-03-24T10:53:36","slug":"decorative-historical-short-sword-2-2-4","status":"publish","type":"product","link":"https:\/\/jjcustomworks.se\/en\/product\/decorative-historical-short-sword-2-2-4\/","title":{"rendered":"Decorative historical short sword"},"content":{"rendered":"<p>Medieval Sword<\/p>\n<p>13.5&#8243; Overall<br \/>Stainless steel<br \/>Medieval short sword<br \/>Cast metal furnishings on handle<br \/>Includes scabbard with cast metal furnishings<\/p>","protected":false},"excerpt":{"rendered":"<p>Hitta den perfekta dekorativa historiska kortsv\u00e4rdet f\u00f6r din samling eller som en unik present. Utforska v\u00e5rt sortiment av autentiska och vackert utformade kortsv\u00e4rd fr\u00e5n olika historiska perioder. V\u00e5ra sv\u00e4rd \u00e4r tillverkade av h\u00f6gkvalitativa material och detaljerade f\u00f6r att ge en autentisk k\u00e4nsla. L\u00e4gg till en touch av historia och elegans till ditt hem eller samling med v\u00e5ra dekorativa historiska kortsv\u00e4rd.<\/p>","protected":false},"featured_media":81054,"template":"","meta":[],"product_brand":[],"product_cat":[1275],"product_tag":[],"class_list":{"0":"post-81055","1":"product","2":"type-product","3":"status-publish","4":"has-post-thumbnail","6":"product_cat-swords-europe","8":"first","9":"outofstock","10":"sale","11":"taxable","12":"shipping-taxable","13":"purchasable","14":"product-type-simple"},"_links":{"self":[{"href":"https:\/\/jjcustomworks.se\/en\/wp-json\/wp\/v2\/product\/81055","targetHints":{"allow":["GET"]}}],"collection":[{"href":"https:\/\/jjcustomworks.se\/en\/wp-json\/wp\/v2\/product"}],"about":[{"href":"https:\/\/jjcustomworks.se\/en\/wp-json\/wp\/v2\/types\/product"}],"wp:featuredmedia":[{"embeddable":true,"href":"https:\/\/jjcustomworks.se\/en\/wp-json\/wp\/v2\/media\/81054"}],"wp:attachment":[{"href":"https:\/\/jjcustomworks.se\/en\/wp-json\/wp\/v2\/media?parent=81055"}],"wp:term":[{"taxonomy":"product_brand","embeddable":true,"href":"https:\/\/jjcustomworks.se\/en\/wp-json\/wp\/v2\/product_brand?post=81055"},{"taxonomy":"product_cat","embeddable":true,"href":"https:\/\/jjcustomworks.se\/en\/wp-json\/wp\/v2\/product_cat?post=81055"},{"taxonomy":"product_tag","embeddable":true,"href":"https:\/\/jjcustomworks.se\/en\/wp-json\/wp\/v2\/product_tag?post=81055"}],"curies":[{"name":"wp","href":"https:\/\/api.w.org\/{rel}","templated":true}]}}