{"id":81030,"date":"2025-10-17T03:31:28","date_gmt":"2025-10-17T01:31:28","guid":{"rendered":"https:\/\/jjcustomworks.se\/product\/d-209-decorative-medieval-sword-18-25-overall\/"},"modified":"2026-04-11T04:47:37","modified_gmt":"2026-04-11T02:47:37","slug":"d-209-decorative-medieval-sword-18-25-overall","status":"publish","type":"product","link":"https:\/\/jjcustomworks.se\/en\/product\/d-209-decorative-medieval-sword-18-25-overall\/","title":{"rendered":"D-209 Dekorativt medeltida sv\u00e4rd 18.25&#8243; L\u00e4ngd"},"content":{"rendered":"<p>Fantasy Kort Sv\u00e4rd<\/p>\n<p>18.25&#8243; L\u00e4ngd<br \/>Rostfritt st\u00e5l<br \/>Robin hood sv\u00e4rd<br \/>Gjuten metall p\u00e5 grepp<br \/>Inkluderar skida med gjuten metall utsmyckning<\/p>","protected":false},"excerpt":{"rendered":"<p>K\u00f6p D-209 dekorativt medeltida sv\u00e4rd &#8211; 18.25&#8243; l\u00e4ngd online | Perfekt f\u00f6r samlare och dekoration | H\u00f6gkvalitativt sv\u00e4rd | Snabb leverans | B\u00e4sta priser | K\u00f6p nu!<\/p>","protected":false},"featured_media":81028,"template":"","meta":[],"product_brand":[],"product_cat":[1275],"product_tag":[],"class_list":{"0":"post-81030","1":"product","2":"type-product","3":"status-publish","4":"has-post-thumbnail","6":"product_cat-swords-europe","8":"first","9":"outofstock","10":"sale","11":"taxable","12":"shipping-taxable","13":"purchasable","14":"product-type-simple"},"_links":{"self":[{"href":"https:\/\/jjcustomworks.se\/en\/wp-json\/wp\/v2\/product\/81030","targetHints":{"allow":["GET"]}}],"collection":[{"href":"https:\/\/jjcustomworks.se\/en\/wp-json\/wp\/v2\/product"}],"about":[{"href":"https:\/\/jjcustomworks.se\/en\/wp-json\/wp\/v2\/types\/product"}],"wp:featuredmedia":[{"embeddable":true,"href":"https:\/\/jjcustomworks.se\/en\/wp-json\/wp\/v2\/media\/81028"}],"wp:attachment":[{"href":"https:\/\/jjcustomworks.se\/en\/wp-json\/wp\/v2\/media?parent=81030"}],"wp:term":[{"taxonomy":"product_brand","embeddable":true,"href":"https:\/\/jjcustomworks.se\/en\/wp-json\/wp\/v2\/product_brand?post=81030"},{"taxonomy":"product_cat","embeddable":true,"href":"https:\/\/jjcustomworks.se\/en\/wp-json\/wp\/v2\/product_cat?post=81030"},{"taxonomy":"product_tag","embeddable":true,"href":"https:\/\/jjcustomworks.se\/en\/wp-json\/wp\/v2\/product_tag?post=81030"}],"curies":[{"name":"wp","href":"https:\/\/api.w.org\/{rel}","templated":true}]}}