{"id":80969,"date":"2025-10-17T03:29:05","date_gmt":"2025-10-17T01:29:05","guid":{"rendered":"https:\/\/jjcustomworks.se\/product\/sw-72gn-samurai-sword-w-stand\/"},"modified":"2026-04-14T10:28:33","modified_gmt":"2026-04-14T08:28:33","slug":"sw-72gn-samurai-sword-w-stand","status":"publish","type":"product","link":"https:\/\/jjcustomworks.se\/en\/product\/sw-72gn-samurai-sword-w-stand\/","title":{"rendered":"SW-72GN &#8211; Samurajsv\u00e4rd"},"content":{"rendered":"<p>Samuraj sv\u00e4rd<\/p>\n<p>40&#8243; L\u00e5ngt<br \/>26.5&#8243; 4MM tjockt Blad, kolst\u00e5l<br \/>Matt blad<br \/>Gr\u00f6n bindning runt handtag<br \/>Metall Tsuba och tr\u00e4 st\u00e4ll inkluderas<\/p>","protected":false},"excerpt":{"rendered":"<p>SW-72GN &#8211; Samurajsv\u00e4rd &#8211; H\u00f6gkvalitativa samurajsv\u00e4rd till f\u00f6rs\u00e4ljning online hos SW-72GN. Utforska v\u00e5rt breda utbud av autentiska samurajsv\u00e4rd av h\u00f6gsta kvalitet. Best\u00e4ll ditt eget samurajsv\u00e4rd idag och upplev den \u00e4rorika historien och sk\u00f6nheten hos dessa legendariska vapen.<\/p>","protected":false},"featured_media":80968,"template":"","meta":[],"product_brand":[],"product_cat":[1275],"product_tag":[],"class_list":{"0":"post-80969","1":"product","2":"type-product","3":"status-publish","4":"has-post-thumbnail","6":"product_cat-swords-europe","8":"first","9":"outofstock","10":"sale","11":"taxable","12":"shipping-taxable","13":"purchasable","14":"product-type-simple"},"_links":{"self":[{"href":"https:\/\/jjcustomworks.se\/en\/wp-json\/wp\/v2\/product\/80969","targetHints":{"allow":["GET"]}}],"collection":[{"href":"https:\/\/jjcustomworks.se\/en\/wp-json\/wp\/v2\/product"}],"about":[{"href":"https:\/\/jjcustomworks.se\/en\/wp-json\/wp\/v2\/types\/product"}],"wp:featuredmedia":[{"embeddable":true,"href":"https:\/\/jjcustomworks.se\/en\/wp-json\/wp\/v2\/media\/80968"}],"wp:attachment":[{"href":"https:\/\/jjcustomworks.se\/en\/wp-json\/wp\/v2\/media?parent=80969"}],"wp:term":[{"taxonomy":"product_brand","embeddable":true,"href":"https:\/\/jjcustomworks.se\/en\/wp-json\/wp\/v2\/product_brand?post=80969"},{"taxonomy":"product_cat","embeddable":true,"href":"https:\/\/jjcustomworks.se\/en\/wp-json\/wp\/v2\/product_cat?post=80969"},{"taxonomy":"product_tag","embeddable":true,"href":"https:\/\/jjcustomworks.se\/en\/wp-json\/wp\/v2\/product_tag?post=80969"}],"curies":[{"name":"wp","href":"https:\/\/api.w.org\/{rel}","templated":true}]}}