{"id":80752,"date":"2025-10-17T03:03:01","date_gmt":"2025-10-17T01:03:01","guid":{"rendered":"https:\/\/jjcustomworks.se\/product\/cal-45-peacemaker-revolver-replica-12-usa-1873-nickel\/"},"modified":"2026-02-08T02:43:41","modified_gmt":"2026-02-08T01:43:41","slug":"cal-45-peacemaker-revolver-replica-12-usa-1873-nickel","status":"publish","type":"product","link":"https:\/\/jjcustomworks.se\/en\/product\/cal-45-peacemaker-revolver-replica-12-usa-1873-nickel\/","title":{"rendered":"CAL.45 Peacemaker revolver replika 12&#8243;, USA 1873 Nickel"},"content":{"rendered":"<p>Revolverreproduktion 12&#8243; gjord av metall och tr\u00e4, med simulerad laddningsmekanism, avfyrande och roterande trumma.<br id=\"isPasted\"><br \/>Peacemaker-revolvern, \u00e4ven k\u00e4nd som Single Action Army (SAA), designades av Samuel Colt 1873 och den tillverkades med olika kanonl\u00e4ngder: den korta, 4,75-tumsversionen, de l\u00e4ngre versionerna 5,5- och 7,5-tums, eller Den imponerande 12-tums &#8221;BuntlineSpecial&#8221; som anv\u00e4nds av den legendariska Wyatt Earp i tj\u00e4nst med Dodge City Peace Commission.<\/p>\n<p>Detta vapen anv\u00e4ndes ursprungligen av den amerikanska arm\u00e9n. Men inom n\u00e5gra \u00e5r fick de flesta av de amerikanska medborgarna en av dessa revolvrar. Det faktum att den anv\u00e4nde ammunition av samma kaliber som Winchester M1873-gev\u00e4ret hj\u00e4lpte dess popularisering som ett kort vapen i den gamla nordamerikanska v\u00e4stern i slutet av artonhundratalet.<\/p>\n<p>M\u00e4rkligt nog har denna revolver f\u00e5tt m\u00e5nga smeknamn. F\u00f6rutom den n\u00e4mnda fredsm\u00e4staren var den ocks\u00e5 k\u00e4nd som Frontier eller Widowmaker, med h\u00e4nvisning till anl\u00e4ggningen av denna revolver f\u00f6r l\u00e4mnade \u00e4nkor bland d\u00e5tidens fruar.<\/p>\n<p>Filmindustrin mytifierade &#8221;Peacemaker&#8221; i western av 40- och 50-talen, och den f\u00f6rknippades med storbildsstj\u00e4rnor som John Wayne eller Gary Cooper. \u00c4ven Roosevelt hade en med sina initialer graverade och George S. Patton anv\u00e4nde tv\u00e5.<\/p>\n<p>Lev dig in i rollen i den fantastiska western med DENIX-reproduktionen av denna revolver!<\/p>\n<p>M\u00e5tt: 46 cm<br \/>Vikt: 1 100 g<\/p>","protected":false},"excerpt":{"rendered":"<p>Revolverreproduktion 12&#8243; gjord av metall och tr\u00e4, med simulerad laddningsmekanism, avfyrande och roterande trumma.Peacemaker-revolvern, \u00e4ven k\u00e4nd som Single Action Army (SAA), designades av Samuel Colt 1873 och den tillverkades med olika kanonl\u00e4ngder: den korta, 4,75-tumsversionen, de l\u00e4ngre versionerna 5,5- och 7,5-tums, eller Den imponerande 12-tums &#8221;BuntlineSpecial&#8221; som anv\u00e4nds av den legendariska Wyatt Earp i tj\u00e4nst [&#8230;]\n","protected":false},"featured_media":80743,"template":"","meta":[],"product_brand":[],"product_cat":[826],"product_tag":[],"class_list":{"0":"post-80752","1":"product","2":"type-product","3":"status-publish","4":"has-post-thumbnail","6":"product_cat-replica-western","8":"first","9":"instock","10":"taxable","11":"shipping-taxable","12":"purchasable","13":"product-type-simple"},"_links":{"self":[{"href":"https:\/\/jjcustomworks.se\/en\/wp-json\/wp\/v2\/product\/80752","targetHints":{"allow":["GET"]}}],"collection":[{"href":"https:\/\/jjcustomworks.se\/en\/wp-json\/wp\/v2\/product"}],"about":[{"href":"https:\/\/jjcustomworks.se\/en\/wp-json\/wp\/v2\/types\/product"}],"wp:featuredmedia":[{"embeddable":true,"href":"https:\/\/jjcustomworks.se\/en\/wp-json\/wp\/v2\/media\/80743"}],"wp:attachment":[{"href":"https:\/\/jjcustomworks.se\/en\/wp-json\/wp\/v2\/media?parent=80752"}],"wp:term":[{"taxonomy":"product_brand","embeddable":true,"href":"https:\/\/jjcustomworks.se\/en\/wp-json\/wp\/v2\/product_brand?post=80752"},{"taxonomy":"product_cat","embeddable":true,"href":"https:\/\/jjcustomworks.se\/en\/wp-json\/wp\/v2\/product_cat?post=80752"},{"taxonomy":"product_tag","embeddable":true,"href":"https:\/\/jjcustomworks.se\/en\/wp-json\/wp\/v2\/product_tag?post=80752"}],"curies":[{"name":"wp","href":"https:\/\/api.w.org\/{rel}","templated":true}]}}