{"id":80692,"date":"2025-10-17T02:44:41","date_gmt":"2025-10-17T00:44:41","guid":{"rendered":"https:\/\/jjcustomworks.se\/product\/ppsh-41-submachin-gun-shpagin-replica\/"},"modified":"2025-10-17T02:44:41","modified_gmt":"2025-10-17T00:44:41","slug":"ppsh-41-submachin-gun-shpagin-replica","status":"publish","type":"product","link":"https:\/\/jjcustomworks.se\/en\/product\/ppsh-41-submachin-gun-shpagin-replica\/","title":{"rendered":"PPSh-41 submachin gun &#8221;Shpagin&#8221; Replica"},"content":{"rendered":"<p>The PPSh-41 (Pistolet-Pulemyot Shpagina in Russian) was a submachine gun designed by Georgi Shpagin as a cheap alternative and simplified version of the PPD-40 submachine gun. The PPSh-41 submachine gun was fed by an automatic loader, blowback operated and fired from an open bolt. It was one of the main light arms of the Soviet armed forces during World War II. The total quantity of PPSh-41 submachine guns manufactured during World War II is estimated at more than 6 million. It could be charged by a curved magazine or a drum clipper, with the cartridge 7.62 x 25 Tokarev. The PPSh-41 was also widely used during the Korean War.<\/p>\n<p>Note. only gun and drum magazin is includeed. Straps not.<\/p>","protected":false},"excerpt":{"rendered":"<p>K\u00f6p en h\u00f6gkvalitativ replika av PPSh-41 submaskinpistolen &#8221;Shpagin&#8221; f\u00f6r att l\u00e4gga till i din vapensamling. V\u00e5r replika \u00e4r trogen originaldesignen och tillverkad med noggrannhet och precision. Best\u00e4ll din PPSh-41 replika idag f\u00f6r att f\u00e5 en autentisk och imponerande tillskott till din samling.<\/p>","protected":false},"featured_media":80687,"template":"","meta":[],"product_brand":[],"product_cat":[826],"product_tag":[],"class_list":{"0":"post-80692","1":"product","2":"type-product","3":"status-publish","4":"has-post-thumbnail","6":"product_cat-replica-western","8":"first","9":"outofstock","10":"sale","11":"taxable","12":"shipping-taxable","13":"purchasable","14":"product-type-simple"},"_links":{"self":[{"href":"https:\/\/jjcustomworks.se\/en\/wp-json\/wp\/v2\/product\/80692","targetHints":{"allow":["GET"]}}],"collection":[{"href":"https:\/\/jjcustomworks.se\/en\/wp-json\/wp\/v2\/product"}],"about":[{"href":"https:\/\/jjcustomworks.se\/en\/wp-json\/wp\/v2\/types\/product"}],"wp:featuredmedia":[{"embeddable":true,"href":"https:\/\/jjcustomworks.se\/en\/wp-json\/wp\/v2\/media\/80687"}],"wp:attachment":[{"href":"https:\/\/jjcustomworks.se\/en\/wp-json\/wp\/v2\/media?parent=80692"}],"wp:term":[{"taxonomy":"product_brand","embeddable":true,"href":"https:\/\/jjcustomworks.se\/en\/wp-json\/wp\/v2\/product_brand?post=80692"},{"taxonomy":"product_cat","embeddable":true,"href":"https:\/\/jjcustomworks.se\/en\/wp-json\/wp\/v2\/product_cat?post=80692"},{"taxonomy":"product_tag","embeddable":true,"href":"https:\/\/jjcustomworks.se\/en\/wp-json\/wp\/v2\/product_tag?post=80692"}],"curies":[{"name":"wp","href":"https:\/\/api.w.org\/{rel}","templated":true}]}}