{"id":80671,"date":"2025-10-17T02:33:34","date_gmt":"2025-10-17T00:33:34","guid":{"rendered":"https:\/\/jjcustomworks.se\/product\/produkt-2\/"},"modified":"2026-03-14T18:30:44","modified_gmt":"2026-03-14T17:30:44","slug":"produkt-2-22","status":"publish","type":"product","link":"https:\/\/jjcustomworks.se\/en\/product\/produkt-2-22\/","title":{"rendered":"Elk Ridge &#8211; ER-921 &#8211; djungelkniv \/ r\u00f6jkniv"},"content":{"rendered":"<p>Elk Ridge<\/p>\n<p>Praktisk och bekv\u00e4m djungelkniv \/ r\u00f6jkniv<br \/>21.5&#8243; OVERALL<br \/>15.5&#8243; 3CR13 STEEL, 0.1&#8243; THICK<br \/>BLACK BLADE<br \/>6&#8243; HANDLE<br \/>ORANGE AND BLACK INJECTION HANDLE<br \/>INCLUDES BLACK NYLON SHEATH, 550 PARACORD LANYARD<\/p>","protected":false},"excerpt":{"rendered":"<p>K\u00f6p Elk Ridge ER-921 r\u00f6jkniv \/ djungelkniv online &#8211; H\u00f6gkvalitativ och p\u00e5litlig. Perfekt f\u00f6r camping och utomhusaktiviteter. Best\u00e4ll nu f\u00f6r snabb leverans och konkurrenskraftigt pris.<\/p>","protected":false},"featured_media":80670,"template":"","meta":[],"product_brand":[],"product_cat":[976],"product_tag":[],"class_list":{"0":"post-80671","1":"product","2":"type-product","3":"status-publish","4":"has-post-thumbnail","6":"product_cat-machetes","8":"first","9":"outofstock","10":"sale","11":"taxable","12":"shipping-taxable","13":"purchasable","14":"product-type-simple"},"_links":{"self":[{"href":"https:\/\/jjcustomworks.se\/en\/wp-json\/wp\/v2\/product\/80671","targetHints":{"allow":["GET"]}}],"collection":[{"href":"https:\/\/jjcustomworks.se\/en\/wp-json\/wp\/v2\/product"}],"about":[{"href":"https:\/\/jjcustomworks.se\/en\/wp-json\/wp\/v2\/types\/product"}],"wp:featuredmedia":[{"embeddable":true,"href":"https:\/\/jjcustomworks.se\/en\/wp-json\/wp\/v2\/media\/80670"}],"wp:attachment":[{"href":"https:\/\/jjcustomworks.se\/en\/wp-json\/wp\/v2\/media?parent=80671"}],"wp:term":[{"taxonomy":"product_brand","embeddable":true,"href":"https:\/\/jjcustomworks.se\/en\/wp-json\/wp\/v2\/product_brand?post=80671"},{"taxonomy":"product_cat","embeddable":true,"href":"https:\/\/jjcustomworks.se\/en\/wp-json\/wp\/v2\/product_cat?post=80671"},{"taxonomy":"product_tag","embeddable":true,"href":"https:\/\/jjcustomworks.se\/en\/wp-json\/wp\/v2\/product_tag?post=80671"}],"curies":[{"name":"wp","href":"https:\/\/api.w.org\/{rel}","templated":true}]}}