{"id":80328,"date":"2025-10-17T00:55:43","date_gmt":"2025-10-16T22:55:43","guid":{"rendered":"https:\/\/jjcustomworks.se\/product\/gletcher-parabellum-luger-p-08-airgun-4-5mm-co2-replica\/"},"modified":"2025-10-17T01:56:05","modified_gmt":"2025-10-16T23:56:05","slug":"gletcher-parabellum-luger-p08-airgun-replica","status":"publish","type":"product","link":"https:\/\/jjcustomworks.se\/en\/product\/gletcher-parabellum-luger-p08-airgun-replica\/","title":{"rendered":"Gletcher PARABELLUM Luger P.08 Airgun Replica | Gletcher"},"content":{"rendered":"<h1><span class=\"ez-toc-section\" id=\"Gletcher_PARABELLUM_Luger_P08_Airgun_Replica\"><\/span>Gletcher PARABELLUM Luger P.08 Airgun Replica<span class=\"ez-toc-section-end\"><\/span><\/h1>\n<h2><span class=\"ez-toc-section\" id=\"Authentic_Luger_P08_Replica_Airgun\"><\/span>Authentic Luger P.08 Replica Airgun<span class=\"ez-toc-section-end\"><\/span><\/h2>\n<p>The Gletcher PARABELLUM Luger P.08 is a replica of the legendary German pistol, known as the primary weapon of the German army during two World Wars. This advanced airgun version impressively mirrors the original's weight and size. Featuring a mechanism that includes Blowback and a functioning bolt hold-open (BHO) device, it delivers a realistic experience. The magazine is full-size and the trigger pull is light, contributing to an authentic feel.<\/p>\n\n<h3><span class=\"ez-toc-section\" id=\"Features_and_Characteristics\"><\/span>Features and Characteristics<span class=\"ez-toc-section-end\"><\/span><\/h3>\n<ul>\n <li><b>Blowback:<\/b> Full blowback function for enhanced realism.<\/li>\n <li><b>Bolt Hold-Open:<\/b> Functioning bolt hold-open (BHO) device.<\/li>\n <li><b>Magazine:<\/b> Full-size magazine holding 19 steel BBs (4.5 mm).<\/li>\n <li><b>Trigger:<\/b> Light trigger pull for improved precision.<\/li>\n <li><b>Material:<\/b> Metal body for durability and authentic feel.<\/li>\n <li><b>Fieldstrip possible:<\/b> Can be disassembled like the original.<\/li>\n<\/ul>\n\n<h3><span class=\"ez-toc-section\" id=\"Technical_Specifications\"><\/span>Technical Specifications<span class=\"ez-toc-section-end\"><\/span><\/h3>\n<ul>\n <li><b>Firemode:<\/b> Safety, single action.<\/li>\n <li><b>Weight:<\/b> 900 gr.<\/li>\n <li><b>Magazine Capacity:<\/b> 19 steel 4.5 mm BBs.<\/li>\n <li><b>Length:<\/b> 223 mm.<\/li>\n <li><b>Energy:<\/b> < 3 Joules.<\/li>\n <li><b>Power Source:<\/b> CO2 12g (not included).<\/li>\n <li><b>Average Velocity:<\/b> 100 m\/s.<\/li>\n <li><b>Body Material:<\/b> Metal.<\/li>\n <li><b>Grip Material:<\/b> Plastic.<\/li>\n <li><b>Other Info:<\/b> CO2 in magazine.<\/li>\n<\/ul>\n\n<p>Airguns like the Gletcher Parabellum are a fantastic source of enjoyment for target shooters and collectors alike. It is important to always handle airguns with respect. Use is safe and trouble-free if the gun is handled responsibly, making it an entertaining hobby. Check out our range of <a href=\"https:\/\/jjcustomworks.se\/en\/store\/\">Gletcher airguns<\/a> on our website, or visit our <a href=\"https:\/\/jjcustomworks.se\/en\/product-category\/other_products\/airguns\/airgun-pistol\/\">airgun category<\/a> for more options. For more information about our company, visit <a href=\"https:\/\/jjcustomworks.se\/en\/\">our website<\/a>.<\/p>","protected":false},"excerpt":{"rendered":"<p>Gletcher PARABELLUM Luger P.08 AIRGUN 4.5mm co2 Replica \u00e4r en h\u00f6gkvalitativ luftgev\u00e4r replika av den klassiska Luger P.08 pistolen. Med en kaliber p\u00e5 4,5 mm och drivs av co2, ger denna replika en autentisk och kraftfull skjutupplevelse. Perfekt f\u00f6r samlare och entusiaster, erbjuder denna airgun en imponerande precision och detaljrikedom. Upplev k\u00e4nslan av att \u00e4ga en historisk pistol med denna imponerande replika fr\u00e5n Gletcher.<\/p>","protected":false},"featured_media":80317,"template":"","meta":[],"product_brand":[],"product_cat":[8045],"product_tag":[],"class_list":{"0":"post-80328","1":"product","2":"type-product","3":"status-publish","4":"has-post-thumbnail","6":"product_cat-airgun-pistol","8":"first","9":"outofstock","10":"sale","11":"taxable","12":"shipping-taxable","13":"purchasable","14":"product-type-simple"},"_links":{"self":[{"href":"https:\/\/jjcustomworks.se\/en\/wp-json\/wp\/v2\/product\/80328","targetHints":{"allow":["GET"]}}],"collection":[{"href":"https:\/\/jjcustomworks.se\/en\/wp-json\/wp\/v2\/product"}],"about":[{"href":"https:\/\/jjcustomworks.se\/en\/wp-json\/wp\/v2\/types\/product"}],"wp:featuredmedia":[{"embeddable":true,"href":"https:\/\/jjcustomworks.se\/en\/wp-json\/wp\/v2\/media\/80317"}],"wp:attachment":[{"href":"https:\/\/jjcustomworks.se\/en\/wp-json\/wp\/v2\/media?parent=80328"}],"wp:term":[{"taxonomy":"product_brand","embeddable":true,"href":"https:\/\/jjcustomworks.se\/en\/wp-json\/wp\/v2\/product_brand?post=80328"},{"taxonomy":"product_cat","embeddable":true,"href":"https:\/\/jjcustomworks.se\/en\/wp-json\/wp\/v2\/product_cat?post=80328"},{"taxonomy":"product_tag","embeddable":true,"href":"https:\/\/jjcustomworks.se\/en\/wp-json\/wp\/v2\/product_tag?post=80328"}],"curies":[{"name":"wp","href":"https:\/\/api.w.org\/{rel}","templated":true}]}}