{"id":79401,"date":"2025-10-16T22:36:13","date_gmt":"2025-10-16T20:36:13","guid":{"rendered":"https:\/\/jjcustomworks.se\/product\/perfect-point-pak-712-12-throwing-knife-set-8-5-overall\/"},"modified":"2026-02-10T16:43:35","modified_gmt":"2026-02-10T15:43:35","slug":"perfect-point-throwing-knife-set-12-knives","status":"publish","type":"product","link":"https:\/\/jjcustomworks.se\/en\/product\/perfect-point-throwing-knife-set-12-knives\/","title":{"rendered":"PERFECT POINT Throwing Knife Set - 12 Knives"},"content":{"rendered":"<h1>PERFECT POINT Throwing Knife Set - 12 Knives<\/h1>\n<h2><span class=\"ez-toc-section\" id=\"Complete_set_for_knife_throwing\"><\/span>Complete set for knife throwing<span class=\"ez-toc-section-end\"><\/span><\/h2>\n<p>The <strong>PERFECT POINT<\/strong> throwing knife set includes everything you need to get started with knife throwing, an art and sport that can be entertaining for the whole family. The set is easy to learn and offers many hours of fun with a little patience. Please note that these are not toys and should be handled with adult supervision.<\/p>\n<h3><span class=\"ez-toc-section\" id=\"Contents_and_Specifications\"><\/span>Contents and Specifications<span class=\"ez-toc-section-end\"><\/span><\/h3>\n<ul>\n <li><strong>Number of knives:<\/strong> 12 pieces<\/li>\n <li><strong>Length:<\/strong> 8.5 inches (approximately 21.6 cm)<\/li>\n <li><strong>Material:<\/strong> Stainless steel<\/li>\n <li><strong>Design:<\/strong> Half silver-colored blades, half black blades<\/li>\n <li><strong>Handles:<\/strong> Stainless steel, half silver-colored, half black<\/li>\n<\/ul>\n<p>The knives are made of stainless steel, which ensures good durability and a long lifespan. They are designed to be well-balanced and easy to throw, making them ideal for both beginners and more experienced practitioners. Remember to always exercise caution and safety when handling throwing knives. Always use a suitable target to avoid accidents and injuries. For smaller throwing knives under 10 inches, regular dartboards are recommended, while larger and heavier knives require a wooden target.<\/p>\n<p>When throwing a knife, make sure never to aim the knife at people or animals. Also, be careful not to have any fragile objects near the target. To find more similar products, visit our <a href=\"https:\/\/jjcustomworks.se\/en\/product-category\/throwing-knife\/\">sports knives category<\/a>. See our range of other <a href=\"https:\/\/jjcustomworks.se\/en\/store\/\">Perfect Point knives<\/a> to find more options to suit your needs. For more information about our products, visit <a href=\"https:\/\/jjcustomworks.se\/en\/\">our website<\/a>.<\/p>\n<p><strong>Important information:<\/strong><\/p>\n<ul>\n <li>18 years age limit applies for purchase.<\/li>\n <li>Only intended to be thrown at a suitable target.<\/li>\n <li>Always use under adult supervision.<\/li>\n<\/ul>","protected":false},"excerpt":{"rendered":"<p>K\u00f6p PERFECT POINT PAK-712-12 kastkniv-set med 8.5&#8243; l\u00e5nga knivar online. Perfekt f\u00f6r kastning och tr\u00e4ning. H\u00f6g kvalitet och precision.<\/p>","protected":false},"featured_media":79399,"template":"","meta":[],"product_brand":[],"product_cat":[908],"product_tag":[],"class_list":{"0":"post-79401","1":"product","2":"type-product","3":"status-publish","4":"has-post-thumbnail","6":"product_cat-kastkniv","8":"first","9":"onbackorder","10":"taxable","11":"shipping-taxable","12":"purchasable","13":"product-type-simple"},"_links":{"self":[{"href":"https:\/\/jjcustomworks.se\/en\/wp-json\/wp\/v2\/product\/79401","targetHints":{"allow":["GET"]}}],"collection":[{"href":"https:\/\/jjcustomworks.se\/en\/wp-json\/wp\/v2\/product"}],"about":[{"href":"https:\/\/jjcustomworks.se\/en\/wp-json\/wp\/v2\/types\/product"}],"wp:featuredmedia":[{"embeddable":true,"href":"https:\/\/jjcustomworks.se\/en\/wp-json\/wp\/v2\/media\/79399"}],"wp:attachment":[{"href":"https:\/\/jjcustomworks.se\/en\/wp-json\/wp\/v2\/media?parent=79401"}],"wp:term":[{"taxonomy":"product_brand","embeddable":true,"href":"https:\/\/jjcustomworks.se\/en\/wp-json\/wp\/v2\/product_brand?post=79401"},{"taxonomy":"product_cat","embeddable":true,"href":"https:\/\/jjcustomworks.se\/en\/wp-json\/wp\/v2\/product_cat?post=79401"},{"taxonomy":"product_tag","embeddable":true,"href":"https:\/\/jjcustomworks.se\/en\/wp-json\/wp\/v2\/product_tag?post=79401"}],"curies":[{"name":"wp","href":"https:\/\/api.w.org\/{rel}","templated":true}]}}