{"id":79257,"date":"2025-10-16T22:33:36","date_gmt":"2025-10-16T20:33:36","guid":{"rendered":"https:\/\/jjcustomworks.se\/product\/perfect-point-3-pack-throwing-knives-29\/"},"modified":"2026-04-14T10:28:36","modified_gmt":"2026-04-14T08:28:36","slug":"perfect-point-3-pack-throwing-knives-29","status":"publish","type":"product","link":"https:\/\/jjcustomworks.se\/en\/product\/perfect-point-3-pack-throwing-knives-29\/","title":{"rendered":"PERFECT POINT &#8211; 3-PACK KASTKNIVAR"},"content":{"rendered":"<p>PERFECT POINT<br id=\"isPasted\"><br \/>Throwing Knife Set<br \/>6.5&#8243; OVERALL<br \/>STAINLESS STEEL<br \/>BLACK BLADE<br \/>BLACK STAINLESS STEEL HANDLE<br \/>INCLUDES NYLON SHEATH<\/p>\n<p>Knivkastning \u00e4r en gammal konst och sport som \u00e4ven kan vara ett n\u00f6je f\u00f6r hela familjen. T\u00e4mligen enkelt att l\u00e4ra sig om man har lite t\u00e5lamod.<br \/>Observera att detta inte \u00e4r n\u00e5gra leksaker och att kastknivar \u00e4r spetsiga och ibland vassa och ska inte handhas utan vuxen tillsyn. Givetvis g\u00e4ller 18 \u00e5rs gr\u00e4ns f\u00f6r k\u00f6p.<br \/>Kasta aldrig i samma riktning som andra m\u00e4nniskor eller djur och var s\u00e4ker p\u00e5 att inte ha \u00f6mt\u00e5liga f\u00f6rem\u00e5l i n\u00e4rheten av m\u00e5ltavla.<\/p>\n<p>Endast avsedda att kastas endast mot l\u00e4mplig tavla! Mindre kastknivar under 10&#8243; som inte v\u00e4gar mycket kan med f\u00f6rdel kastas mot vanliga piltavlor. F\u00f6r st\u00f6rre\/tyngre t\u00e4vlingsknivar rekommenderar vi en riktig m\u00e5ltavla av tr\u00e4.<br \/>Flera lager av kartong kan \u00e4ven bli en bra tavla. T\u00e4nk p\u00e5 att st\u00e5l studsar mot st\u00e5l och andra h\u00e5rda ytor.<\/p>","protected":false},"excerpt":{"rendered":"<p>K\u00f6p v\u00e5rt 3-pack med Perfect Point kastknivar f\u00f6r en perfekt precision och tr\u00e4ffs\u00e4kerhet. Med dessa kastknivar kan du f\u00f6rb\u00e4ttra dina f\u00e4rdigheter och imponera p\u00e5 v\u00e4nner och familj. Best\u00e4ll nu och f\u00e5 en komplett upps\u00e4ttning av h\u00f6gkvalitativa kastknivar f\u00f6r din tr\u00e4ning och underh\u00e5llning.<\/p>","protected":false},"featured_media":79256,"template":"","meta":[],"product_brand":[],"product_cat":[908],"product_tag":[],"class_list":{"0":"post-79257","1":"product","2":"type-product","3":"status-publish","4":"has-post-thumbnail","6":"product_cat-kastkniv","8":"first","9":"instock","10":"taxable","11":"shipping-taxable","12":"purchasable","13":"product-type-simple"},"_links":{"self":[{"href":"https:\/\/jjcustomworks.se\/en\/wp-json\/wp\/v2\/product\/79257","targetHints":{"allow":["GET"]}}],"collection":[{"href":"https:\/\/jjcustomworks.se\/en\/wp-json\/wp\/v2\/product"}],"about":[{"href":"https:\/\/jjcustomworks.se\/en\/wp-json\/wp\/v2\/types\/product"}],"wp:featuredmedia":[{"embeddable":true,"href":"https:\/\/jjcustomworks.se\/en\/wp-json\/wp\/v2\/media\/79256"}],"wp:attachment":[{"href":"https:\/\/jjcustomworks.se\/en\/wp-json\/wp\/v2\/media?parent=79257"}],"wp:term":[{"taxonomy":"product_brand","embeddable":true,"href":"https:\/\/jjcustomworks.se\/en\/wp-json\/wp\/v2\/product_brand?post=79257"},{"taxonomy":"product_cat","embeddable":true,"href":"https:\/\/jjcustomworks.se\/en\/wp-json\/wp\/v2\/product_cat?post=79257"},{"taxonomy":"product_tag","embeddable":true,"href":"https:\/\/jjcustomworks.se\/en\/wp-json\/wp\/v2\/product_tag?post=79257"}],"curies":[{"name":"wp","href":"https:\/\/api.w.org\/{rel}","templated":true}]}}