{"id":79098,"date":"2025-10-16T22:04:53","date_gmt":"2025-10-16T20:04:53","guid":{"rendered":"https:\/\/jjcustomworks.se\/product\/kolser-replica-derringer-replica-11-12-5-cm-long-2\/"},"modified":"2026-04-06T19:41:52","modified_gmt":"2026-04-06T17:41:52","slug":"kolser-replica-derringer-replica-11-12-5-cm-long-2","status":"publish","type":"product","link":"https:\/\/jjcustomworks.se\/en\/product\/kolser-replica-derringer-replica-11-12-5-cm-long-2\/","title":{"rendered":"Kolser &#8211; Replika &#8211; Derringer Replika 1:1 &#8211; 12.5 cm l\u00e5ng"},"content":{"rendered":"<p>Derringer Replika 1:1 &#8211; 12.5 cm l\u00e5ng<br \/><b>OBS Replika kulor ing\u00e5r, leksaksknallpulver (100 pack 1 skott) passar till dessa kulor!<br \/>Denna revolver kan ej skjuta riktiga kulor utan \u00e4r enbart till f\u00f6r dekoration, historisk reenactment eller dylikt. Det rekommenderas ej att anv\u00e4nda kulor utan knallpulver skott d\u00e5 detta kan skada revolvern och\/eller kula, det rekommenderas \u00e4ven att olja in mekanismens delar till och fr\u00e5n.<\/b><\/p>\n<p>Kolser Derringer 95 Replika \u00e4r en reproduktion av den ber\u00f6mda original pistolen Remington Arms, k\u00e4nd f\u00f6r sin produktion fr\u00e5n 1866 till 1935.<\/p>\n<p>Kolser Derringer finns i tre olika ytbehandlingar (bl\u00e5nad, \u00e5ldrad svart och ljust nickel) och greppalternativ som inkluderar tr\u00e4imitation, svart, elfenbensimitation eller p\u00e4rlemorsimitation. Den har en funktionell mekanism f\u00f6r att placera specifika kulor tillverkade av Kolser, varav tv\u00e5 ing\u00e5r, och \u00e4r anpassad f\u00f6r anv\u00e4ndning med knallpulver, vilket ger en autentisk touch till repliken.<\/p>\n<p>F\u00f6r att ladda repliken, vrid helt enkelt sidospaken fram\u00e5t, f\u00f6r in kulan med knallpulver i den \u00f6vre pipan innan du st\u00e4nger pipor och \u00e5terst\u00e4ller spaken till sitt ursprungliga l\u00e4ge. Denna process \u00e5terspeglar den klassiska designen av historiska derringers. Tv\u00e5 replika patroner ing\u00e5r med Derringer-replikan.<\/p>\n<p>Double Derringer 95 \u00e4r den minsta funktionella pistolen av n\u00e5gon kaliber, och den var popul\u00e4r bland dem som letade efter ett kompakt och funktionellt skjutvapen f\u00f6r personligt f\u00f6rsvar, s\u00e4rskilt bland kvinnor som anv\u00e4nde det som ett personligt f\u00f6rsvarsvapen p\u00e5 grund av dess l\u00e4tthet att d\u00f6lja i en handv\u00e4ska.<\/p>\n<p>Observera att repliker ska hanteras ansvarsfullt och i enlighet med lokala lagar.<\/p>","protected":false},"excerpt":{"rendered":"<p>Derringer Replika 1:1 &#8211; 12.5 cm l\u00e5ngOBS Replika kulor ing\u00e5r, leksaksknallpulver (100 pack 1 skott) passar till dessa kulor!Denna revolver kan ej skjuta riktiga kulor utan \u00e4r enbart till f\u00f6r dekoration, historisk reenactment eller dylikt. Det rekommenderas ej att anv\u00e4nda kulor utan knallpulver skott d\u00e5 detta kan skada revolvern och\/eller kula, det rekommenderas \u00e4ven att [&#8230;]\n","protected":false},"featured_media":79095,"template":"","meta":[],"product_brand":[],"product_cat":[4805],"product_tag":[],"class_list":{"0":"post-79098","1":"product","2":"type-product","3":"status-publish","4":"has-post-thumbnail","6":"product_cat-replicas-older-historical","8":"first","9":"instock","10":"taxable","11":"shipping-taxable","12":"purchasable","13":"product-type-variable"},"_links":{"self":[{"href":"https:\/\/jjcustomworks.se\/en\/wp-json\/wp\/v2\/product\/79098","targetHints":{"allow":["GET"]}}],"collection":[{"href":"https:\/\/jjcustomworks.se\/en\/wp-json\/wp\/v2\/product"}],"about":[{"href":"https:\/\/jjcustomworks.se\/en\/wp-json\/wp\/v2\/types\/product"}],"wp:featuredmedia":[{"embeddable":true,"href":"https:\/\/jjcustomworks.se\/en\/wp-json\/wp\/v2\/media\/79095"}],"wp:attachment":[{"href":"https:\/\/jjcustomworks.se\/en\/wp-json\/wp\/v2\/media?parent=79098"}],"wp:term":[{"taxonomy":"product_brand","embeddable":true,"href":"https:\/\/jjcustomworks.se\/en\/wp-json\/wp\/v2\/product_brand?post=79098"},{"taxonomy":"product_cat","embeddable":true,"href":"https:\/\/jjcustomworks.se\/en\/wp-json\/wp\/v2\/product_cat?post=79098"},{"taxonomy":"product_tag","embeddable":true,"href":"https:\/\/jjcustomworks.se\/en\/wp-json\/wp\/v2\/product_tag?post=79098"}],"curies":[{"name":"wp","href":"https:\/\/api.w.org\/{rel}","templated":true}]}}