{"id":78840,"date":"2025-10-16T21:05:05","date_gmt":"2025-10-16T19:05:05","guid":{"rendered":"https:\/\/jjcustomworks.se\/product\/9mm-luger-mp40-patron\/"},"modified":"2025-10-16T21:55:36","modified_gmt":"2025-10-16T19:55:36","slug":"9mm-luger-mp40-cartridge-replica","status":"publish","type":"product","link":"https:\/\/jjcustomworks.se\/en\/product\/9mm-luger-mp40-cartridge-replica\/","title":{"rendered":"9mm Luger \/ MP40 Cartridge Replica | DENIX"},"content":{"rendered":"<h1><span class=\"ez-toc-section\" id=\"9mm_Luger_MP40_Cartridge_Replica\"><\/span>9mm Luger \/ MP40 Cartridge Replica<span class=\"ez-toc-section-end\"><\/span><\/h1>\n<h2><span class=\"ez-toc-section\" id=\"Replica_of_the_Famous_Cartridge\"><\/span>Replica of the Famous Cartridge<span class=\"ez-toc-section-end\"><\/span><\/h2>\n<p>Replica of the famous 9 x 19 mm cartridge used in Luger pistols and MP40s. This cartridge, also known as 9 x 19 mm Parabellum or 9 x 19 mm NATO, was designed by Georg Luger and introduced in 1902 by Deutsche Waffen und Munitionsfabriken (DWM). The first pistol to use it was the Luger P08, which is why it is often called 9 mm Luger. These replicas are license-free and cannot be made live. Perfect as a stylish and cool decoration!<\/p>\n\n<h2><span class=\"ez-toc-section\" id=\"Modern_Usage\"><\/span>Modern Usage<span class=\"ez-toc-section-end\"><\/span><\/h2>\n<p>Today, the 9mm cartridge is used in many weapons, including the H&K MP5, Glock 17, and Uzi. <b>These cartridges are replicas and cannot be made live.<\/b><\/p>\n<ul>\n<li>Replica of the 9 x 19 mm cartridge<\/li>\n<li>Used in Luger pistols and MP40s (as a replica)<\/li>\n<li>License-free replicas \u2013 cannot be made live<\/li>\n<li>Perfect as decoration<\/li>\n<li>Sold individually<\/li>\n<\/ul>\n\n<p>Check out our other <a href=\"https:\/\/jjcustomworks.se\/en\/store\/\">authentic replicas<\/a> to complete your collection. Visit our <a href=\"https:\/\/jjcustomworks.se\/en\/product-category\/other_products\/replica-guns\/\">weapon replica category<\/a> to see more options. Explore our full range on <a href=\"https:\/\/jjcustomworks.se\/en\/\">our website<\/a>.<\/p>","protected":false},"excerpt":{"rendered":"<p>Hitta h\u00f6gkvalitativa 9mm luger \/ MP40 patroner online &#8211; K\u00f6p nu f\u00f6r b\u00e4sta priser och snabb leverans. Utforska v\u00e5rt stora utbud av ammunition f\u00f6r 9mm luger och MP40, perfekt f\u00f6r b\u00e5de sportskytte och sj\u00e4lvf\u00f6rsvar.<\/p>","protected":false},"featured_media":78839,"template":"","meta":[],"product_brand":[],"product_cat":[823],"product_tag":[],"class_list":{"0":"post-78840","1":"product","2":"type-product","3":"status-publish","4":"has-post-thumbnail","6":"product_cat-replica-guns","8":"first","9":"outofstock","10":"sale","11":"taxable","12":"shipping-taxable","13":"purchasable","14":"product-type-simple"},"_links":{"self":[{"href":"https:\/\/jjcustomworks.se\/en\/wp-json\/wp\/v2\/product\/78840","targetHints":{"allow":["GET"]}}],"collection":[{"href":"https:\/\/jjcustomworks.se\/en\/wp-json\/wp\/v2\/product"}],"about":[{"href":"https:\/\/jjcustomworks.se\/en\/wp-json\/wp\/v2\/types\/product"}],"wp:featuredmedia":[{"embeddable":true,"href":"https:\/\/jjcustomworks.se\/en\/wp-json\/wp\/v2\/media\/78839"}],"wp:attachment":[{"href":"https:\/\/jjcustomworks.se\/en\/wp-json\/wp\/v2\/media?parent=78840"}],"wp:term":[{"taxonomy":"product_brand","embeddable":true,"href":"https:\/\/jjcustomworks.se\/en\/wp-json\/wp\/v2\/product_brand?post=78840"},{"taxonomy":"product_cat","embeddable":true,"href":"https:\/\/jjcustomworks.se\/en\/wp-json\/wp\/v2\/product_cat?post=78840"},{"taxonomy":"product_tag","embeddable":true,"href":"https:\/\/jjcustomworks.se\/en\/wp-json\/wp\/v2\/product_tag?post=78840"}],"curies":[{"name":"wp","href":"https:\/\/api.w.org\/{rel}","templated":true}]}}