{"id":78033,"date":"2025-10-16T20:14:15","date_gmt":"2025-10-16T18:14:15","guid":{"rendered":"https:\/\/jjcustomworks.se\/product\/handmade-gun-belt-premium-swedish-tarnsjo-leather-jj-custom-works-79\/"},"modified":"2026-03-17T14:08:35","modified_gmt":"2026-03-17T13:08:35","slug":"handmade-gun-belt-premium-swedish-tarnsjo-leather-jj-custom-works-79","status":"publish","type":"product","link":"https:\/\/jjcustomworks.se\/en\/product\/handmade-gun-belt-premium-swedish-tarnsjo-leather-jj-custom-works-79\/","title":{"rendered":"Svenskt Handgjort Revolverb\u00e4lte &#8211; R\u00f6d &#8211; 12patroner &#8211; 100cm &#8211; Premium Vegitabiliskt garvat T\u00e4rnsj\u00f6l\u00e4der"},"content":{"rendered":"<div>\n<div>\n<div>\n<div>\n<div>\n<p><strong>Handgjorda Revolverb\u00e4lten i Premium Svenskt T\u00e4rnsj\u00f6-l\u00e4der \u2013 Perfekta f\u00f6r dig som s\u00f6ker kvalitet och h\u00e5llbarhet!<\/strong><\/p>\n<p><strong id=\"isPasted\">(Observera att bilderna \u00e4r exempel &#8211; nedan detaljer g\u00e4ller f\u00f6r denna varan!)<\/strong><\/p>\n<p><strong>Unikt hantverk \u2013 Anpassningsbart och milj\u00f6v\u00e4nligt<\/strong><br \/>V\u00e5ra revolverb\u00e4lten \u00e4r tillverkade med omsorg i Arboga, Sverige, av <strong>vegetabiliskt garvat l\u00e4der fr\u00e5n T\u00e4rnsj\u00f6 Garveri<\/strong> \u2013 k\u00e4nt f\u00f6r sin exceptionella kvalitet. Varje b\u00e4lte \u00e4r <strong>handgjort<\/strong>, och med r\u00e4tt sk\u00f6tsel h\u00e5ller det en livstid. Detta \u00e4r inte bara ett b\u00e4lte, det \u00e4r en investering i stil och h\u00e5llbarhet.<\/p>\n<h3><span class=\"ez-toc-section\" id=\"Produktdetaljer\"><\/span><strong>Produktdetaljer:&nbsp;<\/strong><span class=\"ez-toc-section-end\"><\/span><\/h3>\n<ul>\n<li><strong>L\u00e4ngd:<\/strong> Anpassningsbart, standard 100 cm (finns f\u00f6r 90-110 cm)<\/li>\n<li><strong>Bredd:<\/strong> 7 cm<\/li>\n<li><strong>Tjocklek<\/strong>: 2-3mm<\/li>\n<li><strong>F\u00e4rg:<\/strong>&nbsp; R\u00f6d (sm\u00e5 variationer kan f\u00f6rekomma tack vare handf\u00e4rgning)<\/li>\n<li><strong>Antal patronh\u00e5llare:<\/strong> 12 st<\/li>\n<li><strong>Patrondiameter:<\/strong> 10 mm<\/li>\n<\/ul>\n<h3><span class=\"ez-toc-section\" id=\"Vad_gor_vara_revolverbalten_speciella\"><\/span><strong>Vad g\u00f6r v\u00e5ra revolverb\u00e4lten speciella?<\/strong><span class=\"ez-toc-section-end\"><\/span><\/h3>\n<ol>\n<li>\n<p><strong>Anpassningsbart design:<\/strong><br \/>Vi erbjuder tusentals varianter \u2013 olika l\u00e4ngder, f\u00e4rger (minst 13 alternativ), samt m\u00f6nster eller stilrena, sl\u00e4ta alternativ. V\u00e5ra b\u00e4lten \u00e4r designade f\u00f6r att passa just dina behov.<\/p>\n<\/li>\n<li>\n<p><strong>Milj\u00f6v\u00e4nligt material:<\/strong><br \/>Till skillnad fr\u00e5n kromgarvade produkter anv\u00e4nder vi vegetabiliskt garvat l\u00e4der, som \u00e4r <strong>milj\u00f6v\u00e4nligt och giftfritt<\/strong>. Detta l\u00e4der framst\u00e4lls av svenska kor med v\u00e4rldsledande djurh\u00e5llning \u2013 en garanti f\u00f6r b\u00e5de kvalitet och h\u00e5llbarhet.<\/p>\n<\/li>\n<li>\n<p><strong>H\u00e5llbart och reparerbart:<\/strong><br \/>V\u00e5ra b\u00e4lten \u00e4r inte bara slitstarka, de \u00e4r ocks\u00e5 <strong>enkla att reparera<\/strong>. Om olyckan skulle vara framme kan du byta ut nitar eller reparera s\u00f6mmar utan problem.<\/p>\n<\/li>\n<\/ol>\n<h3><span class=\"ez-toc-section\" id=\"Sa_tar_du_hand_om_ditt_balte\"><\/span><strong>S\u00e5 tar du hand om ditt b\u00e4lte:<\/strong><span class=\"ez-toc-section-end\"><\/span><\/h3>\n<p>F\u00f6r att f\u00f6rl\u00e4nga livsl\u00e4ngden rekommenderar vi att du sm\u00f6rjer ditt b\u00e4lte regelbundet med <strong>l\u00e4derfett<\/strong>. Det bevarar l\u00e4drets smidighet och vackra finish.<\/p>\n<h3><span class=\"ez-toc-section\" id=\"Varfor_valja_vara_revolverbalten\"><\/span><strong>Varf\u00f6r v\u00e4lja v\u00e5ra revolverb\u00e4lten?<\/strong><span class=\"ez-toc-section-end\"><\/span><\/h3>\n<ul>\n<li><strong>Premium svenskt l\u00e4der:<\/strong> Fr\u00e5n det legendariska T\u00e4rnsj\u00f6 Garveri.<\/li>\n<li><strong>Hantverk med stolthet:<\/strong> Tillverkat lokalt i Sverige.<\/li>\n<li><strong>H\u00e5llbarhet:<\/strong> Ett val f\u00f6r b\u00e5de milj\u00f6n och framtiden.<\/li>\n<li><strong>Unik design:<\/strong> Tusentals anpassningsm\u00f6jligheter \u2013 f\u00f6r alla stilar och behov.<\/li>\n<\/ul>\n<h3><span class=\"ez-toc-section\" id=\"Bestall_ditt_handgjorda_revolverbalte_idag\"><\/span><strong>Best\u00e4ll ditt handgjorda revolverb\u00e4lte idag!<\/strong><span class=\"ez-toc-section-end\"><\/span><\/h3>\n<p>Ge dig sj\u00e4lv eller n\u00e5gon du bryr dig om en exklusiv och h\u00e5llbar accessoar. Klicka hem ditt b\u00e4lte nu och upplev svensk kvalitet i v\u00e4rldsklass.<\/p>\n<p>\u2714\ufe0f <strong>Fri fr\u00e5n farliga kemikalier<\/strong><br \/>\u2714\ufe0f <strong>Lokalt producerat<\/strong><br \/>\u2714\ufe0f <strong>Milj\u00f6v\u00e4nlig och etisk tillverkning<\/strong><\/p>\n<\/div>\n<\/div>\n<\/div>\n<\/div>\n<\/div>","protected":false},"excerpt":{"rendered":"<p>Handgjorda Revolverb\u00e4lten i Premium Svenskt T\u00e4rnsj\u00f6-l\u00e4der \u2013 Perfekta f\u00f6r dig som s\u00f6ker kvalitet och h\u00e5llbarhet! (Observera att bilderna \u00e4r exempel &#8211; nedan detaljer g\u00e4ller f\u00f6r denna varan!) Unikt hantverk \u2013 Anpassningsbart och milj\u00f6v\u00e4nligtV\u00e5ra revolverb\u00e4lten \u00e4r tillverkade med omsorg i Arboga, Sverige, av vegetabiliskt garvat l\u00e4der fr\u00e5n T\u00e4rnsj\u00f6 Garveri \u2013 k\u00e4nt f\u00f6r sin exceptionella kvalitet. Varje [&#8230;]\n","protected":false},"featured_media":111904,"template":"","meta":[],"product_brand":[],"product_cat":[9493],"product_tag":[],"class_list":{"0":"post-78033","1":"product","2":"type-product","3":"status-publish","4":"has-post-thumbnail","6":"product_cat-handgjorda-balten","8":"first","9":"instock","10":"taxable","11":"shipping-taxable","12":"purchasable","13":"product-type-simple"},"_links":{"self":[{"href":"https:\/\/jjcustomworks.se\/en\/wp-json\/wp\/v2\/product\/78033","targetHints":{"allow":["GET"]}}],"collection":[{"href":"https:\/\/jjcustomworks.se\/en\/wp-json\/wp\/v2\/product"}],"about":[{"href":"https:\/\/jjcustomworks.se\/en\/wp-json\/wp\/v2\/types\/product"}],"wp:featuredmedia":[{"embeddable":true,"href":"https:\/\/jjcustomworks.se\/en\/wp-json\/wp\/v2\/media\/111904"}],"wp:attachment":[{"href":"https:\/\/jjcustomworks.se\/en\/wp-json\/wp\/v2\/media?parent=78033"}],"wp:term":[{"taxonomy":"product_brand","embeddable":true,"href":"https:\/\/jjcustomworks.se\/en\/wp-json\/wp\/v2\/product_brand?post=78033"},{"taxonomy":"product_cat","embeddable":true,"href":"https:\/\/jjcustomworks.se\/en\/wp-json\/wp\/v2\/product_cat?post=78033"},{"taxonomy":"product_tag","embeddable":true,"href":"https:\/\/jjcustomworks.se\/en\/wp-json\/wp\/v2\/product_tag?post=78033"}],"curies":[{"name":"wp","href":"https:\/\/api.w.org\/{rel}","templated":true}]}}